{"id":2053,"date":"2025-03-21T15:08:07","date_gmt":"2025-03-21T14:08:07","guid":{"rendered":"https:\/\/happy-caps.com\/?post_type=product&#038;p=2053"},"modified":"2026-04-12T15:31:01","modified_gmt":"2026-04-12T13:31:01","slug":"7-oh-kratom-sprej-tropicky","status":"publish","type":"product","link":"https:\/\/happy-caps.com\/cs\/product\/7-oh-kratom-spray-tropical\/","title":{"rendered":"7-OH KRATOM SPRAY - Tropical"},"content":{"rendered":"<p><i><span style=\"font-weight: 400;\">\"Poci\u0165te vzru\u0161en\u00ed, soust\u0159e\u010fte se a svezte se na vln\u011b - kdykoli a kdekoli.\"<\/span><\/i><\/p>","protected":false},"excerpt":{"rendered":"<p>Nejedn\u00e1 se o pr\u016fm\u011brn\u00fd Kratom - u\u017eivatel\u00e9 popisuj\u00ed siln\u00fd rozd\u00edl. Kratom 7-OH Spray, jeho\u017e z\u00e1kladem je 7-hydroxymitragynin a jeho\u017e slo\u017een\u00ed neobsahuje extrakt 90%, p\u0159in\u00e1\u0161\u00ed odv\u00e1\u017en\u00fd z\u00e1\u017eitek, kter\u00fd se m\u011bn\u00ed s d\u00e1vkov\u00e1n\u00edm. Jeden n\u00e1st\u0159ik m\u016f\u017ee p\u016fsobit jako prudk\u00e9 povzbuzen\u00ed. \u010cty\u0159i mohou p\u0159in\u00e9st teplo, otev\u0159enost a emocion\u00e1ln\u00ed lehkost. Kdy\u017e p\u0159id\u00e1te, v\u0161e se prohloub\u00ed - a to rychle.<\/p>\n<p>Tento sprej je navr\u017een tak, aby se rychle vst\u0159eb\u00e1val p\u0159es sliznici \u00fastn\u00ed dutiny, tak\u017ee p\u0159esko\u010d\u00ed tr\u00e1ven\u00ed a rovnou za\u010dne p\u016fsobit. \u017d\u00e1dn\u00e9 pilulky, \u017e\u00e1dn\u00fd pr\u00e1\u0161ek - jen p\u0159esnost v kapse.<\/p>\n<p>A\u0165 u\u017e se chcete udr\u017eet ve st\u0159ehu, uvolnit se, nebo se pustit do n\u011b\u010deho intenzivn\u011bj\u0161\u00edho, tento mimo\u0159\u00e1dn\u011b siln\u00fd p\u0159\u00edpravek se p\u0159izp\u016fsob\u00ed va\u0161\u00ed n\u00e1lad\u011b. Pouh\u00fdch n\u011bkolik st\u0159ik\u016f m\u016f\u017ee zm\u011bnit t\u00f3n va\u0161eho okam\u017eiku. M\u011bjte ho u sebe. Pou\u017e\u00edvejte ho se z\u00e1m\u011brem. Nechte zm\u011bnu rozvinout.<\/p>","protected":false},"featured_media":5936,"comment_status":"open","ping_status":"closed","template":"","meta":{"_acf_changed":false},"product_brand":[18],"product_cat":[23,255],"product_tag":[],"class_list":{"0":"post-2053","1":"product","2":"type-product","3":"status-publish","4":"has-post-thumbnail","6":"product_brand-happy-caps","7":"product_cat-sprays","8":"product_cat-collection","9":"product_shipping_class-brievenbus","11":"first","12":"instock","13":"taxable","14":"shipping-taxable","15":"purchasable","16":"product-type-simple"},"acf":[],"_links":{"self":[{"href":"https:\/\/happy-caps.com\/cs\/wp-json\/wp\/v2\/product\/2053","targetHints":{"allow":["GET"]}}],"collection":[{"href":"https:\/\/happy-caps.com\/cs\/wp-json\/wp\/v2\/product"}],"about":[{"href":"https:\/\/happy-caps.com\/cs\/wp-json\/wp\/v2\/types\/product"}],"replies":[{"embeddable":true,"href":"https:\/\/happy-caps.com\/cs\/wp-json\/wp\/v2\/comments?post=2053"}],"version-history":[{"count":5,"href":"https:\/\/happy-caps.com\/cs\/wp-json\/wp\/v2\/product\/2053\/revisions"}],"predecessor-version":[{"id":7859,"href":"https:\/\/happy-caps.com\/cs\/wp-json\/wp\/v2\/product\/2053\/revisions\/7859"}],"wp:featuredmedia":[{"embeddable":true,"href":"https:\/\/happy-caps.com\/cs\/wp-json\/wp\/v2\/media\/5936"}],"wp:attachment":[{"href":"https:\/\/happy-caps.com\/cs\/wp-json\/wp\/v2\/media?parent=2053"}],"wp:term":[{"taxonomy":"product_brand","embeddable":true,"href":"https:\/\/happy-caps.com\/cs\/wp-json\/wp\/v2\/product_brand?post=2053"},{"taxonomy":"product_cat","embeddable":true,"href":"https:\/\/happy-caps.com\/cs\/wp-json\/wp\/v2\/product_cat?post=2053"},{"taxonomy":"product_tag","embeddable":true,"href":"https:\/\/happy-caps.com\/cs\/wp-json\/wp\/v2\/product_tag?post=2053"}],"curies":[{"name":"wp","href":"https:\/\/api.w.org\/{rel}","templated":true}]}}