{"id":3162,"date":"2025-03-30T10:25:16","date_gmt":"2025-03-30T09:25:16","guid":{"rendered":"https:\/\/happy-caps.com\/?post_type=product&#038;p=3162"},"modified":"2026-03-27T10:48:16","modified_gmt":"2026-03-27T09:48:16","slug":"trance-e-caps","status":"publish","type":"product","link":"https:\/\/happy-caps.com\/cs\/product\/trance-e-caps\/","title":{"rendered":"Krytky TRANCE-E"},"content":{"rendered":"<p><b>Pln\u011b pro\u017eit\u00fd \u017eivot!<\/b><span style=\"font-weight: 400;\"> Tancujte hloub\u011bji, ci\u0165te se svobodn\u011bji a prozkoumejte vnit\u0159n\u00ed dimenze s TRANCE-E.<\/span><\/p>","protected":false},"excerpt":{"rendered":"<p>Trance-E je \u010dasto vyb\u00edr\u00e1n pro pohlcuj\u00edc\u00ed z\u00e1\u017eitky a vyb\u00edz\u00ed ke zm\u011bn\u011b v\u011bdom\u00ed - a\u0165 u\u017e se pohybujete s hudbou, nebo v klidu zkoum\u00e1te sv\u016fj vnit\u0159n\u00ed sv\u011bt.<br \/>\nTato bylinn\u00e1 sm\u011bs je spojena s rytmick\u00fdm, emocion\u00e1ln\u011b otev\u0159en\u00fdm pocitem - utv\u00e1\u0159\u00ed ji m\u011bkkost, plynulost a jemn\u00e9 povznesen\u00ed.<\/p>\n<p>Happy Caps Trance-E s havajskou d\u0159evitou houbou, kratomem, 5-HTP a L-tryptofanem je zn\u00e1m\u00fd t\u00edm, \u017ee doprov\u00e1z\u00ed z\u00e1\u017eitky, p\u0159i nich\u017e se zvuk, pocit a n\u00e1lada st\u00e1vaj\u00ed plynulej\u0161\u00edmi. Nechte se v\u00e9st rytmem nebo se op\u0159ete do klidu - Trance-E v\u00e1m vyjde vst\u0159\u00edc, a\u0165 u\u017e se moment odehr\u00e1v\u00e1 kdekoli.<\/p>\n<p>&nbsp;<\/p>","protected":false},"featured_media":6757,"comment_status":"open","ping_status":"closed","template":"","meta":{"_acf_changed":false},"product_brand":[18],"product_cat":[20,255],"product_tag":[],"class_list":{"0":"post-3162","1":"product","2":"type-product","3":"status-publish","4":"has-post-thumbnail","6":"product_brand-happy-caps","7":"product_cat-capsules","8":"product_cat-collection","9":"product_shipping_class-brievenbus","11":"first","12":"instock","13":"taxable","14":"shipping-taxable","15":"purchasable","16":"product-type-simple"},"acf":[],"_links":{"self":[{"href":"https:\/\/happy-caps.com\/cs\/wp-json\/wp\/v2\/product\/3162","targetHints":{"allow":["GET"]}}],"collection":[{"href":"https:\/\/happy-caps.com\/cs\/wp-json\/wp\/v2\/product"}],"about":[{"href":"https:\/\/happy-caps.com\/cs\/wp-json\/wp\/v2\/types\/product"}],"replies":[{"embeddable":true,"href":"https:\/\/happy-caps.com\/cs\/wp-json\/wp\/v2\/comments?post=3162"}],"version-history":[{"count":5,"href":"https:\/\/happy-caps.com\/cs\/wp-json\/wp\/v2\/product\/3162\/revisions"}],"predecessor-version":[{"id":7961,"href":"https:\/\/happy-caps.com\/cs\/wp-json\/wp\/v2\/product\/3162\/revisions\/7961"}],"wp:featuredmedia":[{"embeddable":true,"href":"https:\/\/happy-caps.com\/cs\/wp-json\/wp\/v2\/media\/6757"}],"wp:attachment":[{"href":"https:\/\/happy-caps.com\/cs\/wp-json\/wp\/v2\/media?parent=3162"}],"wp:term":[{"taxonomy":"product_brand","embeddable":true,"href":"https:\/\/happy-caps.com\/cs\/wp-json\/wp\/v2\/product_brand?post=3162"},{"taxonomy":"product_cat","embeddable":true,"href":"https:\/\/happy-caps.com\/cs\/wp-json\/wp\/v2\/product_cat?post=3162"},{"taxonomy":"product_tag","embeddable":true,"href":"https:\/\/happy-caps.com\/cs\/wp-json\/wp\/v2\/product_tag?post=3162"}],"curies":[{"name":"wp","href":"https:\/\/api.w.org\/{rel}","templated":true}]}}