{"id":1508,"date":"2025-03-16T18:44:22","date_gmt":"2025-03-16T17:44:22","guid":{"rendered":"https:\/\/happy-caps.com\/?page_id=1508"},"modified":"2025-05-19T16:10:48","modified_gmt":"2025-05-19T15:10:48","slug":"eu-konformitat","status":"publish","type":"page","link":"https:\/\/happy-caps.com\/de\/eu-konformitat\/","title":{"rendered":"EU-Konformit\u00e4t"},"content":{"rendered":"<div data-elementor-type=\"wp-page\" data-elementor-id=\"1508\" class=\"elementor elementor-1508\" data-elementor-post-type=\"page\">\n\t\t\t\t<div class=\"elementor-element elementor-element-2a8a8a50 e-flex e-con-boxed e-con e-parent\" data-id=\"2a8a8a50\" data-element_type=\"container\">\n\t\t\t\t\t<div class=\"e-con-inner\">\n\t\t\t\t<div class=\"elementor-element elementor-element-467aedb9 elementor-widget elementor-widget-text-editor\" data-id=\"467aedb9\" data-element_type=\"widget\" data-widget_type=\"text-editor.default\">\n\t\t\t\t<div class=\"elementor-widget-container\">\n\t\t\t\t\t\t\t\t\t<h2>\u2b50 Qualit\u00e4t, der Sie vertrauen k\u00f6nnen<\/h2>\n<p>Bei Happy Caps sind Sicherheit, Transparenz, Qualit\u00e4t und Konformit\u00e4t keine Nebens\u00e4chlichkeiten - sie sind die Grundlage f\u00fcr alles, was wir tun. Deshalb sind wir stolz darauf, nach den strengsten Herstellungs- und Sicherheitsstandards der Welt zu arbeiten. Unsere Produktionsanlagen sind GMP- (Good Manufacturing Practice) und HACCP- (Hazard Analysis and Critical Control Points) zertifiziert. F\u00fcr uns sind das nicht nur Zertifizierungen, sondern auch Versprechen. Versprechen, dass jedes Happy Caps Produkt mit Pr\u00e4zision, Sorgfalt und gro\u00dfem Respekt f\u00fcr Ihr Wohlbefinden hergestellt wird.<\/p>\n<p>Von der Beschaffung der Rohstoffe bis zur Verpackung und Etikettierung wird jeder Schritt unseres Prozesses streng kontrolliert und kontinuierlich \u00fcberwacht, um eine gleichbleibende Qualit\u00e4t zu gew\u00e4hrleisten. Mit GMP und HACCP stellen wir sicher, dass unsere Produkte nicht nur wirksam, sondern auch sicher, r\u00fcckverfolgbar und verantwortungsvoll hergestellt sind.<\/p>\t\t\t\t\t\t\t\t<\/div>\n\t\t\t\t<\/div>\n\t\t\t\t<div class=\"elementor-element elementor-element-925073a elementor-widget-divider--view-line elementor-widget elementor-widget-divider\" data-id=\"925073a\" data-element_type=\"widget\" data-widget_type=\"divider.default\">\n\t\t\t\t<div class=\"elementor-widget-container\">\n\t\t\t\t\t\t\t<div class=\"elementor-divider\">\n\t\t\t<span class=\"elementor-divider-separator\">\n\t\t\t\t\t\t<\/span>\n\t\t<\/div>\n\t\t\t\t\t\t<\/div>\n\t\t\t\t<\/div>\n\t\t\t\t<div class=\"elementor-element elementor-element-6bfe5e7 elementor-widget elementor-widget-heading\" data-id=\"6bfe5e7\" data-element_type=\"widget\" data-widget_type=\"heading.default\">\n\t\t\t\t<div class=\"elementor-widget-container\">\n\t\t\t\t\t<h2 class=\"elementor-heading-title elementor-size-default\">\u2753 H\u00e4ufig gestellte Fragen<\/h2>\t\t\t\t<\/div>\n\t\t\t\t<\/div>\n\t\t\t\t<div class=\"elementor-element elementor-element-af42d80 elementor-widget elementor-widget-n-accordion\" data-id=\"af42d80\" data-element_type=\"widget\" data-settings=\"{&quot;default_state&quot;:&quot;expanded&quot;,&quot;max_items_expended&quot;:&quot;one&quot;,&quot;n_accordion_animation_duration&quot;:{&quot;unit&quot;:&quot;ms&quot;,&quot;size&quot;:400,&quot;sizes&quot;:[]}}\" data-widget_type=\"nested-accordion.default\">\n\t\t\t\t<div class=\"elementor-widget-container\">\n\t\t\t\t\t\t\t<div class=\"e-n-accordion\" aria-label=\"Akkordeon. \u00d6ffnen Sie Links mit Enter oder Space, schlie\u00dfen Sie sie mit Escape und navigieren Sie mit den Pfeiltasten.\">\n\t\t\t\t\t\t<details id=\"e-n-accordion-item-1830\" class=\"e-n-accordion-item\" open>\n\t\t\t\t<summary class=\"e-n-accordion-item-title\" data-accordion-index=\"1\" tabindex=\"0\" aria-expanded=\"true\" aria-controls=\"e-n-accordion-item-1830\" >\n\t\t\t\t\t<span class='e-n-accordion-item-title-header'><div class=\"e-n-accordion-item-title-text\"> Wo kann ich die Dokumente zur Einhaltung der Vorschriften finden? <\/div><\/span>\n\t\t\t\t\t\t\t<span class='e-n-accordion-item-title-icon'>\n\t\t\t<span class='e-opened' ><svg aria-hidden=\"true\" class=\"e-font-icon-svg e-fas-minus\" viewbox=\"0 0 448 512\" xmlns=\"http:\/\/www.w3.org\/2000\/svg\"><path d=\"M416 208H32c-17.67 0-32 14.33-32 32v32c0 17.67 14.33 32 32 32h384c17.67 0 32-14.33 32-32v-32c0-17.67-14.33-32-32-32z\"><\/path><\/svg><\/span>\n\t\t\t<span class='e-closed'><svg aria-hidden=\"true\" class=\"e-font-icon-svg e-fas-plus\" viewbox=\"0 0 448 512\" xmlns=\"http:\/\/www.w3.org\/2000\/svg\"><path d=\"M416 208H272V64c0-17.67-14.33-32-32-32h-32c-17.67 0-32 14.33-32 32v144H32c-17.67 0-32 14.33-32 32v32c0 17.67 14.33 32 32 32h144v144c0 17.67 14.33 32 32 32h32c17.67 0 32-14.33 32-32V304h144c17.67 0 32-14.33 32-32v-32c0-17.67-14.33-32-32-32z\"><\/path><\/svg><\/span>\n\t\t<\/span>\n\n\t\t\t\t\t\t<\/summary>\n\t\t\t\t<div role=\"region\" aria-labelledby=\"e-n-accordion-item-1830\" class=\"elementor-element elementor-element-f58ca0b e-flex e-con-boxed e-con e-child\" data-id=\"f58ca0b\" data-element_type=\"container\">\n\t\t\t\t\t<div class=\"e-con-inner\">\n\t\t\t\t<div class=\"elementor-element elementor-element-8305b7b elementor-widget elementor-widget-text-editor\" data-id=\"8305b7b\" data-element_type=\"widget\" data-widget_type=\"text-editor.default\">\n\t\t\t\t<div class=\"elementor-widget-container\">\n\t\t\t\t\t\t\t\t\t<p>Besuchen Sie unser <a href=\"\/de\/kategorie\/dokumente\/\"><strong>Dokumente<\/strong><\/a> Abschnitt f\u00fcr alle rechtlichen und Compliance-bezogenen Dokumente.<\/p>\t\t\t\t\t\t\t\t<\/div>\n\t\t\t\t<\/div>\n\t\t\t\t\t<\/div>\n\t\t\t\t<\/div>\n\t\t\t\t\t<\/details>\n\t\t\t\t\t\t<details id=\"e-n-accordion-item-1831\" class=\"e-n-accordion-item\" >\n\t\t\t\t<summary class=\"e-n-accordion-item-title\" data-accordion-index=\"2\" tabindex=\"-1\" aria-expanded=\"false\" aria-controls=\"e-n-accordion-item-1831\" >\n\t\t\t\t\t<span class='e-n-accordion-item-title-header'><div class=\"e-n-accordion-item-title-text\"> Ist Happy Caps in meinem Land konform? <\/div><\/span>\n\t\t\t\t\t\t\t<span class='e-n-accordion-item-title-icon'>\n\t\t\t<span class='e-opened' ><svg aria-hidden=\"true\" class=\"e-font-icon-svg e-fas-minus\" viewbox=\"0 0 448 512\" xmlns=\"http:\/\/www.w3.org\/2000\/svg\"><path d=\"M416 208H32c-17.67 0-32 14.33-32 32v32c0 17.67 14.33 32 32 32h384c17.67 0 32-14.33 32-32v-32c0-17.67-14.33-32-32-32z\"><\/path><\/svg><\/span>\n\t\t\t<span class='e-closed'><svg aria-hidden=\"true\" class=\"e-font-icon-svg e-fas-plus\" viewbox=\"0 0 448 512\" xmlns=\"http:\/\/www.w3.org\/2000\/svg\"><path d=\"M416 208H272V64c0-17.67-14.33-32-32-32h-32c-17.67 0-32 14.33-32 32v144H32c-17.67 0-32 14.33-32 32v32c0 17.67 14.33 32 32 32h144v144c0 17.67 14.33 32 32 32h32c17.67 0 32-14.33 32-32V304h144c17.67 0 32-14.33 32-32v-32c0-17.67-14.33-32-32-32z\"><\/path><\/svg><\/span>\n\t\t<\/span>\n\n\t\t\t\t\t\t<\/summary>\n\t\t\t\t<div role=\"region\" aria-labelledby=\"e-n-accordion-item-1831\" class=\"elementor-element elementor-element-e635272 e-con-full e-flex e-con e-child\" data-id=\"e635272\" data-element_type=\"container\">\n\t\t\t\t<div class=\"elementor-element elementor-element-e1a5a30 elementor-widget elementor-widget-text-editor\" data-id=\"e1a5a30\" data-element_type=\"widget\" data-widget_type=\"text-editor.default\">\n\t\t\t\t<div class=\"elementor-widget-container\">\n\t\t\t\t\t\t\t\t\t<p>Happy Caps ist\u00a0<strong>vollst\u00e4ndig konform<\/strong> in den folgenden L\u00e4ndern:<\/p>\t\t\t\t\t\t\t\t<\/div>\n\t\t\t\t<\/div>\n\t\t\t\t<div class=\"elementor-element elementor-element-eb9d4fd elementor-widget elementor-widget-text-editor\" data-id=\"eb9d4fd\" data-element_type=\"widget\" data-widget_type=\"text-editor.default\">\n\t\t\t\t<div class=\"elementor-widget-container\">\n\t\t\t\t\t\t\t\t\t<ul><li>\u00d6sterreich<\/li><li>Belgien<\/li><li>Bulgarien<\/li><li>Kroatien<\/li><li>Tschechische Republik<\/li><li>D\u00e4nemark<\/li><li>Estland<\/li><li>Finnland<\/li><li>Frankreich<\/li><li>Deutschland<\/li><li>Griechenland<\/li><li>Ungarn<\/li><li>Island<\/li><li>Irland<\/li><li>Italien<\/li><li>Lettland<\/li><li>Litauen<\/li><li>Luxemburg<\/li><li>Niederlande<\/li><li>Norwegen<\/li><li>Polen<\/li><li>Portugal<\/li><li>Rum\u00e4nien<\/li><li>Slowenien<\/li><li>Slowakei<\/li><li>Spanien<\/li><li>Schweden<\/li><li>Schweiz<\/li><\/ul>\t\t\t\t\t\t\t\t<\/div>\n\t\t\t\t<\/div>\n\t\t\t\t<\/div>\n\t\t\t\t\t<\/details>\n\t\t\t\t\t\t<details id=\"e-n-accordion-item-1832\" class=\"e-n-accordion-item\" >\n\t\t\t\t<summary class=\"e-n-accordion-item-title\" data-accordion-index=\"3\" tabindex=\"-1\" aria-expanded=\"false\" aria-controls=\"e-n-accordion-item-1832\" >\n\t\t\t\t\t<span class='e-n-accordion-item-title-header'><div class=\"e-n-accordion-item-title-text\"> Lokale Gesetze <\/div><\/span>\n\t\t\t\t\t\t\t<span class='e-n-accordion-item-title-icon'>\n\t\t\t<span class='e-opened' ><svg aria-hidden=\"true\" class=\"e-font-icon-svg e-fas-minus\" viewbox=\"0 0 448 512\" xmlns=\"http:\/\/www.w3.org\/2000\/svg\"><path d=\"M416 208H32c-17.67 0-32 14.33-32 32v32c0 17.67 14.33 32 32 32h384c17.67 0 32-14.33 32-32v-32c0-17.67-14.33-32-32-32z\"><\/path><\/svg><\/span>\n\t\t\t<span class='e-closed'><svg aria-hidden=\"true\" class=\"e-font-icon-svg e-fas-plus\" viewbox=\"0 0 448 512\" xmlns=\"http:\/\/www.w3.org\/2000\/svg\"><path d=\"M416 208H272V64c0-17.67-14.33-32-32-32h-32c-17.67 0-32 14.33-32 32v144H32c-17.67 0-32 14.33-32 32v32c0 17.67 14.33 32 32 32h144v144c0 17.67 14.33 32 32 32h32c17.67 0 32-14.33 32-32V304h144c17.67 0 32-14.33 32-32v-32c0-17.67-14.33-32-32-32z\"><\/path><\/svg><\/span>\n\t\t<\/span>\n\n\t\t\t\t\t\t<\/summary>\n\t\t\t\t<div role=\"region\" aria-labelledby=\"e-n-accordion-item-1832\" class=\"elementor-element elementor-element-27174c9 e-flex e-con-boxed e-con e-child\" data-id=\"27174c9\" data-element_type=\"container\">\n\t\t\t\t\t<div class=\"e-con-inner\">\n\t\t\t\t<div class=\"elementor-element elementor-element-62af7d6 elementor-widget elementor-widget-text-editor\" data-id=\"62af7d6\" data-element_type=\"widget\" data-widget_type=\"text-editor.default\">\n\t\t\t\t<div class=\"elementor-widget-container\">\n\t\t\t\t\t\t\t\t\t<p data-start=\"129\" data-end=\"464\"><span class=\"_fadeIn_pfttw_8\">Unter <\/span><span class=\"_fadeIn_pfttw_8\">Gl\u00fccklich <\/span><span class=\"_fadeIn_pfttw_8\">Kappen, <\/span><span class=\"_fadeIn_pfttw_8\">wir <\/span><span class=\"_fadeIn_pfttw_8\">Nehmen Sie <\/span><span class=\"_fadeIn_pfttw_8\">gro\u00dfartig <\/span><span class=\"_fadeIn_pfttw_8\">Pflege <\/span><span class=\"_fadeIn_pfttw_8\">zu <\/span><span class=\"_fadeIn_pfttw_8\">sicherstellen <\/span><span class=\"_fadeIn_pfttw_8\">dass <\/span><span class=\"_fadeIn_pfttw_8\">unser <\/span><span class=\"_fadeIn_pfttw_8\">Produkte <\/span><span class=\"_fadeIn_pfttw_8\">entsprechen <\/span><span class=\"_fadeIn_pfttw_8\">mit <\/span><span class=\"_fadeIn_pfttw_8\">Niederl\u00e4ndisch <\/span><span class=\"_fadeIn_pfttw_8\">Gesetze <\/span><span class=\"_fadeIn_pfttw_8\">und <\/span><span class=\"_fadeIn_pfttw_8\">Vorschriften. <\/span><span class=\"_fadeIn_pfttw_8\">Allerdings, <\/span><span class=\"_fadeIn_pfttw_8\">jede <\/span><span class=\"_fadeIn_pfttw_8\">Kunde <\/span><span class=\"_fadeIn_pfttw_8\">ist <\/span><span class=\"_fadeIn_pfttw_8\">verantwortlich <\/span><span class=\"_fadeIn_pfttw_8\">f\u00fcr <\/span><span class=\"_fadeIn_pfttw_8\">wissen <\/span><span class=\"_fadeIn_pfttw_8\">und <\/span><span class=\"_fadeIn_pfttw_8\">Verst\u00e4ndnis <\/span><span class=\"_fadeIn_pfttw_8\">die <\/span><span class=\"_fadeIn_pfttw_8\">. <\/span><span class=\"_fadeIn_pfttw_8\">Gesetze <\/span><span class=\"_fadeIn_pfttw_8\">in <\/span><span class=\"_fadeIn_pfttw_8\">ihre <\/span><span class=\"_fadeIn_pfttw_8\">eigene <\/span><span class=\"_fadeIn_pfttw_8\">Land. <\/span><span class=\"_fadeIn_pfttw_8\">Gl\u00fccklich <\/span><span class=\"_fadeIn_pfttw_8\">Caps <\/span><span class=\"_fadeIn_pfttw_8\">kann nicht <\/span><span class=\"_fadeIn_pfttw_8\">sein <\/span><span class=\"_fadeIn_pfttw_8\">gehalten <\/span><span class=\"_fadeIn_pfttw_8\">haftbar <\/span><span class=\"_fadeIn_pfttw_8\">f\u00fcr <\/span><span class=\"_fadeIn_pfttw_8\">wie <\/span><span class=\"_fadeIn_pfttw_8\">unser <\/span><span class=\"_fadeIn_pfttw_8\">Produkte <\/span><span class=\"_fadeIn_pfttw_8\">sind <\/span><span class=\"_fadeIn_pfttw_8\">gebraucht <\/span><span class=\"_fadeIn_pfttw_8\">oder <\/span><span class=\"_fadeIn_pfttw_8\">gedolmetscht <\/span><span class=\"_fadeIn_pfttw_8\">unter <\/span><span class=\"_fadeIn_pfttw_8\">international <\/span><span class=\"_fadeIn_pfttw_8\">Gesetze.<\/span><\/p><p data-start=\"466\" data-end=\"526\"><span class=\"_fadeIn_pfttw_8\">Bitte <\/span><span class=\"_fadeIn_pfttw_8\">siehe <\/span><span class=\"_fadeIn_pfttw_8\">Ihr <\/span><span class=\"_fadeIn_pfttw_8\">. <\/span><span class=\"_fadeIn_pfttw_8\">Vorschriften <\/span><span class=\"_fadeIn_pfttw_8\">vor <\/span><span class=\"_fadeIn_pfttw_8\">Platzierung <\/span><span class=\"_fadeIn_pfttw_8\">eine <\/span><span class=\"_fadeIn_pfttw_8\">bestellen.<\/span><\/p>\t\t\t\t\t\t\t\t<\/div>\n\t\t\t\t<\/div>\n\t\t\t\t\t<\/div>\n\t\t\t\t<\/div>\n\t\t\t\t\t<\/details>\n\t\t\t\t\t<\/div>\n\t\t\t\t\t<script type=\"application\/ld+json\">{\n    \"@context\": \"https:\\\/\\\/schema.org\",\n    \"@type\": \"FAQPage\",\n    \"mainEntity\": [\n        {\n            \"@type\": \"Question\",\n            \"name\": \"Where can I find the compliance documents?\",\n            \"acceptedAnswer\": {\n                \"@type\": \"Answer\",\n                \"text\": \"Visit our Documents section for all legal and compliance-related documents.\"\n            }\n        },\n        {\n            \"@type\": \"Question\",\n            \"name\": \"Is Happy Caps compliant in my country?\",\n            \"acceptedAnswer\": {\n                \"@type\": \"Answer\",\n                \"text\": \"Happy Caps is\\u00a0fully compliant in the following countries:\\t\\t\\t\\t\\t\\t\\t\\t\\n\\t\\t\\t\\t\\n\\t\\t\\t\\t\\n\\t\\t\\t\\t\\n\\t\\t\\t\\t\\t\\t\\t\\t\\tAustriaBelgiumBulgariaCroatiaCzech RepublicDenmarkEstoniaFinlandFranceGermanyGreeceHungaryIcelandIrelandItalyLatviaLithuaniaLuxembourgNetherlandsNorwayPolandPortugalRomaniaSloveniaSlovakiaSpainSwedenSwitzerland\"\n            }\n        },\n        {\n            \"@type\": \"Question\",\n            \"name\": \"Local Laws\",\n            \"acceptedAnswer\": {\n                \"@type\": \"Answer\",\n                \"text\": \"At Happy Caps, we take great care to ensure that our products comply with Dutch laws and regulations. However, each customer is responsible for knowing and understanding the local laws in their own country. Happy Caps cannot be held liable for how our products are used or interpreted under international laws.Please check your local regulations before placing an order.\"\n            }\n        }\n    ]\n}<\/script>\n\t\t\t\t\t\t\t<\/div>\n\t\t\t\t<\/div>\n\t\t\t\t<div class=\"elementor-element elementor-element-c1d4f1a elementor-widget-divider--view-line elementor-widget elementor-widget-divider\" data-id=\"c1d4f1a\" data-element_type=\"widget\" data-widget_type=\"divider.default\">\n\t\t\t\t<div class=\"elementor-widget-container\">\n\t\t\t\t\t\t\t<div class=\"elementor-divider\">\n\t\t\t<span class=\"elementor-divider-separator\">\n\t\t\t\t\t\t<\/span>\n\t\t<\/div>\n\t\t\t\t\t\t<\/div>\n\t\t\t\t<\/div>\n\t\t\t\t<div class=\"elementor-element elementor-element-f87ffd5 elementor-widget elementor-widget-text-editor\" data-id=\"f87ffd5\" data-element_type=\"widget\" data-widget_type=\"text-editor.default\">\n\t\t\t\t<div class=\"elementor-widget-container\">\n\t\t\t\t\t\t\t\t\t<h2>\ud83c\udf20 \u00dcber die Norm hinaus<\/h2>\n<p>Obwohl GMP und HACCP die h\u00f6chste Stufe der Einhaltung von Vorschriften darstellen, glauben wir, dass unsere Verantwortung noch weiter geht. Deshalb haben wir uns zu einer breiten Palette zus\u00e4tzlicher Zertifizierungen verpflichtet, die unsere Werte und die Vielfalt unserer Gemeinschaft widerspiegeln:<\/p>\n<ul>\n<li><strong>ISO-zertifiziert:<\/strong> International anerkannte Systeme f\u00fcr Qualit\u00e4tsmanagement und Lebensmittelsicherheit.<\/li>\n<li><strong>FDA-registriert und CE-gekennzeichnet:<\/strong> Einhaltung der Normen der U.S. Food &amp; Drug Administration und der europ\u00e4ischen Gesundheits- und Sicherheitsstandards.<\/li>\n<li><strong>Informed Sport &amp; Informed Choice (Vertrauen in den Sport):<\/strong> Wir stellen sicher, dass unsere Produkte frei von verbotenen Substanzen und sicher f\u00fcr Sportler sind.<\/li>\n<li><strong>EU-Bio-Zertifizierung:<\/strong> Verpflichtung zu sauberer, umweltfreundlicher und chemiefreier Beschaffung.<\/li>\n<li><strong>V-Label (Europ\u00e4ische Vegan-Zertifizierung):<\/strong> Unterst\u00fctzung pflanzlicher Lebensstile und ethischer Verbraucherentscheidungen.<\/li>\n<\/ul>\n<p>Diese Zertifizierungen sind keine K\u00e4stchen, die wir ankreuzen - sie stehen f\u00fcr unsere tiefere Mission, n\u00e4mlich <strong>sch\u00e4dliche Gewohnheiten durch nat\u00fcrliche Alternativen zu ersetzen, die den Geist, den K\u00f6rper und die Seele beleben.<\/strong> Jede Kapsel, jedes Spray und jede Mischung, die wir herstellen, basiert auf dieser Absicht.<\/p>\t\t\t\t\t\t\t\t<\/div>\n\t\t\t\t<\/div>\n\t\t\t\t<div class=\"elementor-element elementor-element-4bfb0a0 elementor-widget elementor-widget-text-editor\" data-id=\"4bfb0a0\" data-element_type=\"widget\" data-widget_type=\"text-editor.default\">\n\t\t\t\t<div class=\"elementor-widget-container\">\n\t\t\t\t\t\t\t\t\t<h2>\ud83c\udf31 Von der Absicht getrieben<\/h2>\n<p>Happy Caps existiert, um den Status quo in Frage zu stellen. Wir stehen f\u00fcr eine neue Art zu leben: lebendig, bewusst und ohne Kompromisse. Bei der Einhaltung von Vorschriften geht es nicht um Regulierung, sondern um Respekt - Respekt f\u00fcr Ihre Gesundheit, Respekt f\u00fcr die Natur, Respekt f\u00fcr die alten Traditionen, die unsere Formeln inspirieren, und Respekt f\u00fcr die Zukunft, die wir mitgestalten wollen.<\/p>\n<p>Deshalb gehen wir weit \u00fcber die Anforderungen der Branche hinaus. Nicht weil wir es m\u00fcssen - sondern weil Sie es verdienen.<\/p>\t\t\t\t\t\t\t\t<\/div>\n\t\t\t\t<\/div>\n\t\t\t\t\t<\/div>\n\t\t\t\t<\/div>\n\t\t\t\t<\/div>","protected":false},"excerpt":{"rendered":"<p>Bei Happy Caps gehen wir \u00fcber die Einhaltung von Vorschriften hinaus - mit der GMP- und HACCP-Zertifizierung als Kernst\u00fcck und einer ganzen Reihe bew\u00e4hrter internationaler Standards garantieren wir saubere, sichere und bewusst hergestellte Produkte, auf die Sie sich verlassen k\u00f6nnen.<\/p>","protected":false},"author":2,"featured_media":3232,"parent":0,"menu_order":0,"comment_status":"closed","ping_status":"closed","template":"","meta":{"_acf_changed":false,"footnotes":""},"class_list":["post-1508","page","type-page","status-publish","has-post-thumbnail","hentry"],"acf":[],"_links":{"self":[{"href":"https:\/\/happy-caps.com\/de\/wp-json\/wp\/v2\/pages\/1508","targetHints":{"allow":["GET"]}}],"collection":[{"href":"https:\/\/happy-caps.com\/de\/wp-json\/wp\/v2\/pages"}],"about":[{"href":"https:\/\/happy-caps.com\/de\/wp-json\/wp\/v2\/types\/page"}],"author":[{"embeddable":true,"href":"https:\/\/happy-caps.com\/de\/wp-json\/wp\/v2\/users\/2"}],"replies":[{"embeddable":true,"href":"https:\/\/happy-caps.com\/de\/wp-json\/wp\/v2\/comments?post=1508"}],"version-history":[{"count":5,"href":"https:\/\/happy-caps.com\/de\/wp-json\/wp\/v2\/pages\/1508\/revisions"}],"predecessor-version":[{"id":5780,"href":"https:\/\/happy-caps.com\/de\/wp-json\/wp\/v2\/pages\/1508\/revisions\/5780"}],"wp:featuredmedia":[{"embeddable":true,"href":"https:\/\/happy-caps.com\/de\/wp-json\/wp\/v2\/media\/3232"}],"wp:attachment":[{"href":"https:\/\/happy-caps.com\/de\/wp-json\/wp\/v2\/media?parent=1508"}],"curies":[{"name":"wp","href":"https:\/\/api.w.org\/{rel}","templated":true}]}}