{"id":1528,"date":"2025-03-17T15:06:54","date_gmt":"2025-03-17T14:06:54","guid":{"rendered":"https:\/\/happy-caps.com\/?post_type=product&#038;p=1528"},"modified":"2026-03-27T10:48:01","modified_gmt":"2026-03-27T09:48:01","slug":"weltraum-e-kappen","status":"publish","type":"product","link":"https:\/\/happy-caps.com\/de\/produkt\/weltraum-e-kappen\/","title":{"rendered":"SPACE-E Caps"},"content":{"rendered":"<p><span style=\"font-weight: 400;\">Erm\u00e4chtige das Leben, lebe es voll aus! Erleben Sie euphorische Elevation mit SPACE-E und erschlie\u00dfen Sie das kosmische Bewusstsein.<\/span><\/p>","protected":false},"excerpt":{"rendered":"<p>Dieses Produkt wurde entwickelt, um Sie in eine leichte und spielerische Stimmung zu versetzen - perfekt, um sich von Kl\u00e4ngen, Farben und kreativen Gespr\u00e4chen treiben zu lassen.<br \/>\nSpace-E von Happy Caps ist ein capsule auf Pflanzenbasis f\u00fcr neugierige Geister und offene Herzen. Egal, ob du unter Stroboskoplicht stehst oder tiefere Gedanken erforschst, sie ist daf\u00fcr gemacht, deine Stimmung mit etwas Kosmischem und Ruhigem zu untermalen.<\/p>\n<p>Space-E enth\u00e4lt Hawaiianische Baby-Holzrose, L-Tryptophan und Theobromin und wird h\u00e4ufig von Menschen gew\u00e4hlt, die entschleunigen, sich entspannen und einen anderen Rhythmus genie\u00dfen wollen - sanft, nat\u00fcrlich und zu ihren eigenen Bedingungen.<\/p>\n<p>Want to compare more options? Browse the full <a href=\"https:\/\/happy-caps.com\/de\/geschaft\/kapseln\/\">Happy Caps capsules collection<\/a>.<\/p>","protected":false},"featured_media":5838,"comment_status":"open","ping_status":"closed","template":"","meta":{"_acf_changed":false},"product_brand":[18],"product_cat":[20,255],"product_tag":[],"class_list":{"0":"post-1528","1":"product","2":"type-product","3":"status-publish","4":"has-post-thumbnail","6":"product_brand-happy-caps","7":"product_cat-capsules","8":"product_cat-collection","9":"product_shipping_class-brievenbus","11":"first","12":"instock","13":"taxable","14":"shipping-taxable","15":"purchasable","16":"product-type-simple"},"acf":[],"_links":{"self":[{"href":"https:\/\/happy-caps.com\/de\/wp-json\/wp\/v2\/product\/1528","targetHints":{"allow":["GET"]}}],"collection":[{"href":"https:\/\/happy-caps.com\/de\/wp-json\/wp\/v2\/product"}],"about":[{"href":"https:\/\/happy-caps.com\/de\/wp-json\/wp\/v2\/types\/product"}],"replies":[{"embeddable":true,"href":"https:\/\/happy-caps.com\/de\/wp-json\/wp\/v2\/comments?post=1528"}],"version-history":[{"count":5,"href":"https:\/\/happy-caps.com\/de\/wp-json\/wp\/v2\/product\/1528\/revisions"}],"predecessor-version":[{"id":7960,"href":"https:\/\/happy-caps.com\/de\/wp-json\/wp\/v2\/product\/1528\/revisions\/7960"}],"wp:featuredmedia":[{"embeddable":true,"href":"https:\/\/happy-caps.com\/de\/wp-json\/wp\/v2\/media\/5838"}],"wp:attachment":[{"href":"https:\/\/happy-caps.com\/de\/wp-json\/wp\/v2\/media?parent=1528"}],"wp:term":[{"taxonomy":"product_brand","embeddable":true,"href":"https:\/\/happy-caps.com\/de\/wp-json\/wp\/v2\/product_brand?post=1528"},{"taxonomy":"product_cat","embeddable":true,"href":"https:\/\/happy-caps.com\/de\/wp-json\/wp\/v2\/product_cat?post=1528"},{"taxonomy":"product_tag","embeddable":true,"href":"https:\/\/happy-caps.com\/de\/wp-json\/wp\/v2\/product_tag?post=1528"}],"curies":[{"name":"wp","href":"https:\/\/api.w.org\/{rel}","templated":true}]}}