{"id":1539,"date":"2025-03-17T15:45:06","date_gmt":"2025-03-17T14:45:06","guid":{"rendered":"https:\/\/happy-caps.com\/?post_type=product&#038;p=1539"},"modified":"2026-05-12T14:46:13","modified_gmt":"2026-05-12T12:46:13","slug":"himmlische-e-kappen","status":"publish","type":"product","link":"https:\/\/happy-caps.com\/de\/product\/heavenly-e-caps\/","title":{"rendered":"HEAVENLY-E KRATOM Kapseln"},"content":{"rendered":"<p><span style=\"font-weight: 400;\">Erm\u00e4chtige das Leben, lebe es voll aus! Erleben Sie Tiefenentspannung mit HEAVENLY-E und sch\u00f6pfen Sie pure Euphorie.<\/span><\/p>","protected":false},"excerpt":{"rendered":"<p>Dieses Produkt wurde entwickelt, um Sie in einen ruhigen, expansiven Zustand zu versetzen - perfekt f\u00fcr Momente des Nachdenkens, der Ruhe oder der seelischen Entspannung.<br \/>\nHeavenly-E von Happy Caps ist eine traumhafte Mischung aus pflanzlichen Inhaltsstoffen f\u00fcr alle, die sich leicht, entspannt und innerlich gestimmt f\u00fchlen wollen.<\/p>\n<p>Heavenly-E wurde mit Kratom, Griffonia und einem Vitamin B3-Flush formuliert und wird oft nach langen Tagen, tiefgehenden Gespr\u00e4chen oder Solo-Ritualen gew\u00e4hlt. Er ist sanft, langsam und subtil transformierend - f\u00fcr Menschen, die einen sanfteren Rhythmus sch\u00e4tzen.<\/p>\n<p>&nbsp;<\/p>","protected":false},"featured_media":5867,"comment_status":"open","ping_status":"closed","template":"","meta":{"_acf_changed":false},"product_brand":[18],"product_cat":[20,255],"product_tag":[],"class_list":{"0":"post-1539","1":"product","2":"type-product","3":"status-publish","4":"has-post-thumbnail","6":"product_brand-happy-caps","7":"product_cat-capsules","8":"product_cat-collection","9":"product_shipping_class-brievenbus","11":"first","12":"instock","13":"taxable","14":"shipping-taxable","15":"purchasable","16":"product-type-simple"},"acf":[],"_links":{"self":[{"href":"https:\/\/happy-caps.com\/de\/wp-json\/wp\/v2\/product\/1539","targetHints":{"allow":["GET"]}}],"collection":[{"href":"https:\/\/happy-caps.com\/de\/wp-json\/wp\/v2\/product"}],"about":[{"href":"https:\/\/happy-caps.com\/de\/wp-json\/wp\/v2\/types\/product"}],"replies":[{"embeddable":true,"href":"https:\/\/happy-caps.com\/de\/wp-json\/wp\/v2\/comments?post=1539"}],"version-history":[{"count":5,"href":"https:\/\/happy-caps.com\/de\/wp-json\/wp\/v2\/product\/1539\/revisions"}],"predecessor-version":[{"id":7863,"href":"https:\/\/happy-caps.com\/de\/wp-json\/wp\/v2\/product\/1539\/revisions\/7863"}],"wp:featuredmedia":[{"embeddable":true,"href":"https:\/\/happy-caps.com\/de\/wp-json\/wp\/v2\/media\/5867"}],"wp:attachment":[{"href":"https:\/\/happy-caps.com\/de\/wp-json\/wp\/v2\/media?parent=1539"}],"wp:term":[{"taxonomy":"product_brand","embeddable":true,"href":"https:\/\/happy-caps.com\/de\/wp-json\/wp\/v2\/product_brand?post=1539"},{"taxonomy":"product_cat","embeddable":true,"href":"https:\/\/happy-caps.com\/de\/wp-json\/wp\/v2\/product_cat?post=1539"},{"taxonomy":"product_tag","embeddable":true,"href":"https:\/\/happy-caps.com\/de\/wp-json\/wp\/v2\/product_tag?post=1539"}],"curies":[{"name":"wp","href":"https:\/\/api.w.org\/{rel}","templated":true}]}}