{"id":1956,"date":"2025-03-21T01:27:16","date_gmt":"2025-03-21T00:27:16","guid":{"rendered":"https:\/\/happy-caps.com\/?page_id=1956"},"modified":"2025-05-22T23:19:22","modified_gmt":"2025-05-22T22:19:22","slug":"emociones","status":"publish","type":"page","link":"https:\/\/happy-caps.com\/es\/emotions\/","title":{"rendered":"Emociones"},"content":{"rendered":"<div data-elementor-type=\"wp-page\" data-elementor-id=\"1956\" class=\"elementor elementor-1956\" data-elementor-post-type=\"page\">\n\t\t\t\t<div class=\"elementor-element elementor-element-8eb0a71 e-flex e-con-boxed e-con e-parent\" data-id=\"8eb0a71\" data-element_type=\"container\" data-e-type=\"container\">\n\t\t\t\t\t<div class=\"e-con-inner\">\n\t\t\t\t<div class=\"elementor-element elementor-element-0e9ba33 elementor-widget elementor-widget-text-editor\" data-id=\"0e9ba33\" data-element_type=\"widget\" data-e-type=\"widget\" data-widget_type=\"text-editor.default\">\n\t\t\t\t<div class=\"elementor-widget-container\">\n\t\t\t\t\t\t\t\t\t<p>Haga clic en una emoci\u00f3n para leer m\u00e1s sobre ella, descubrir las preguntas m\u00e1s frecuentes, los ingredientes, los productos y mucho m\u00e1s.<\/p>\t\t\t\t\t\t\t\t<\/div>\n\t\t\t\t<\/div>\n\t\t\t\t\t<\/div>\n\t\t\t\t<\/div>\n\t\t<div class=\"elementor-element elementor-element-7a9a823 e-grid e-con-boxed e-con e-parent\" data-id=\"7a9a823\" data-element_type=\"container\" data-e-type=\"container\">\n\t\t\t\t\t<div class=\"e-con-inner\">\n\t\t\t\t<div class=\"elementor-element elementor-element-3e71b2a emotion-box elementor-position-top elementor-widget elementor-widget-image-box\" data-id=\"3e71b2a\" data-element_type=\"widget\" data-e-type=\"widget\" data-widget_type=\"image-box.default\">\n\t\t\t\t<div class=\"elementor-widget-container\">\n\t\t\t\t\t<div class=\"elementor-image-box-wrapper\"><figure class=\"elementor-image-box-img\"><a href=\"\/es\/emociones\/amor\/\" tabindex=\"-1\"><img decoding=\"async\" width=\"59\" height=\"56\" src=\"https:\/\/happy-caps.com\/wp-content\/uploads\/Love.svg\" class=\"attachment-full size-full wp-image-95\" alt=\"\" \/><\/a><\/figure><div class=\"elementor-image-box-content\"><h3 class=\"elementor-image-box-title\" data-no-translation=\"\" data-no-auto-translation=\"\"><a href=\"\/emotions\/love\/\">Love<\/a><\/h3><p class=\"elementor-image-box-description\">Experimente el amor apasionado como nunca antes.<\/p><\/div><\/div>\t\t\t\t<\/div>\n\t\t\t\t<\/div>\n\t\t\t\t<div class=\"elementor-element elementor-element-7c2e687 emotion-box elementor-position-top elementor-widget elementor-widget-image-box\" data-id=\"7c2e687\" data-element_type=\"widget\" data-e-type=\"widget\" data-widget_type=\"image-box.default\">\n\t\t\t\t<div class=\"elementor-widget-container\">\n\t\t\t\t\t<div class=\"elementor-image-box-wrapper\"><figure class=\"elementor-image-box-img\"><a href=\"\/es\/emociones\/energia\/\" tabindex=\"-1\"><img decoding=\"async\" width=\"39\" height=\"60\" src=\"https:\/\/happy-caps.com\/wp-content\/uploads\/Energy.svg\" class=\"attachment-full size-full wp-image-93\" alt=\"\" \/><\/a><\/figure><div class=\"elementor-image-box-content\"><h3 class=\"elementor-image-box-title\" data-no-translation=\"\" data-no-auto-translation=\"\"><a href=\"\/emotions\/energy\/\">Energy<\/a><\/h3><p class=\"elementor-image-box-description\">Aumente su nivel de energ\u00eda y maximice los resultados.<\/p><\/div><\/div>\t\t\t\t<\/div>\n\t\t\t\t<\/div>\n\t\t\t\t<div class=\"elementor-element elementor-element-c103650 emotion-box elementor-position-top elementor-widget elementor-widget-image-box\" data-id=\"c103650\" data-element_type=\"widget\" data-e-type=\"widget\" data-widget_type=\"image-box.default\">\n\t\t\t\t<div class=\"elementor-widget-container\">\n\t\t\t\t\t<div class=\"elementor-image-box-wrapper\"><figure class=\"elementor-image-box-img\"><a href=\"\/es\/emociones\/salud\/\" tabindex=\"-1\"><img decoding=\"async\" width=\"60\" height=\"60\" src=\"https:\/\/happy-caps.com\/wp-content\/uploads\/Health.svg\" class=\"attachment-full size-full wp-image-94\" alt=\"\" \/><\/a><\/figure><div class=\"elementor-image-box-content\"><h3 class=\"elementor-image-box-title\" data-no-translation=\"\" data-no-auto-translation=\"\"><a href=\"\/emotions\/health\/\">Health<\/a><\/h3><p class=\"elementor-image-box-description\">Elige por un cuerpo y una mente sanos.<\/p><\/div><\/div>\t\t\t\t<\/div>\n\t\t\t\t<\/div>\n\t\t\t\t<div class=\"elementor-element elementor-element-02a0af7 emotion-box elementor-position-top elementor-widget elementor-widget-image-box\" data-id=\"02a0af7\" data-element_type=\"widget\" data-e-type=\"widget\" data-widget_type=\"image-box.default\">\n\t\t\t\t<div class=\"elementor-widget-container\">\n\t\t\t\t\t<div class=\"elementor-image-box-wrapper\"><figure class=\"elementor-image-box-img\"><a href=\"\/es\/emociones\/enfoque\/\" tabindex=\"-1\"><img loading=\"lazy\" decoding=\"async\" width=\"71\" height=\"60\" src=\"https:\/\/happy-caps.com\/wp-content\/uploads\/Focus.svg\" class=\"attachment-full size-full wp-image-172\" alt=\"\" \/><\/a><\/figure><div class=\"elementor-image-box-content\"><h3 class=\"elementor-image-box-title\" data-no-translation=\"\" data-no-auto-translation=\"\"><a href=\"\/emotions\/focus\/\">Focus<\/a><\/h3><p class=\"elementor-image-box-description\">No m\u00e1s distracciones, activa el modo concentraci\u00f3n.<\/p><\/div><\/div>\t\t\t\t<\/div>\n\t\t\t\t<\/div>\n\t\t\t\t<div class=\"elementor-element elementor-element-d9edf63 emotion-box elementor-position-top elementor-widget elementor-widget-image-box\" data-id=\"d9edf63\" data-element_type=\"widget\" data-e-type=\"widget\" data-widget_type=\"image-box.default\">\n\t\t\t\t<div class=\"elementor-widget-container\">\n\t\t\t\t\t<div class=\"elementor-image-box-wrapper\"><figure class=\"elementor-image-box-img\"><a href=\"\/es\/emociones\/desintoxicacion\/\" tabindex=\"-1\"><img loading=\"lazy\" decoding=\"async\" width=\"49\" height=\"60\" src=\"https:\/\/happy-caps.com\/wp-content\/uploads\/Detox.svg\" class=\"attachment-full size-full wp-image-92\" alt=\"\" \/><\/a><\/figure><div class=\"elementor-image-box-content\"><h3 class=\"elementor-image-box-title\" data-no-translation=\"\" data-no-auto-translation=\"\"><a href=\"\/emotions\/detox\/\">Detox<\/a><\/h3><p class=\"elementor-image-box-description\">Limpie y revitalice su cuerpo con la naturaleza.<\/p><\/div><\/div>\t\t\t\t<\/div>\n\t\t\t\t<\/div>\n\t\t\t\t<div class=\"elementor-element elementor-element-203cddf emotion-box elementor-position-top elementor-widget elementor-widget-image-box\" data-id=\"203cddf\" data-element_type=\"widget\" data-e-type=\"widget\" data-widget_type=\"image-box.default\">\n\t\t\t\t<div class=\"elementor-widget-container\">\n\t\t\t\t\t<div class=\"elementor-image-box-wrapper\"><figure class=\"elementor-image-box-img\"><a href=\"\/es\/emociones\/desintoxicacion\/\" tabindex=\"-1\"><img loading=\"lazy\" decoding=\"async\" width=\"61\" height=\"64\" src=\"https:\/\/happy-caps.com\/wp-content\/uploads\/Relaxation.svg\" class=\"attachment-full size-full wp-image-90\" alt=\"\" \/><\/a><\/figure><div class=\"elementor-image-box-content\"><h3 class=\"elementor-image-box-title\" data-no-translation=\"\" data-no-auto-translation=\"\"><a href=\"\/emotions\/detox\/\">Relaxation<\/a><\/h3><p class=\"elementor-image-box-description\">Minimiza el estr\u00e9s activando tu paz interior.<\/p><\/div><\/div>\t\t\t\t<\/div>\n\t\t\t\t<\/div>\n\t\t\t\t<div class=\"elementor-element elementor-element-b448709 emotion-box elementor-position-top elementor-widget elementor-widget-image-box\" data-id=\"b448709\" data-element_type=\"widget\" data-e-type=\"widget\" data-widget_type=\"image-box.default\">\n\t\t\t\t<div class=\"elementor-widget-container\">\n\t\t\t\t\t<div class=\"elementor-image-box-wrapper\"><figure class=\"elementor-image-box-img\"><a href=\"\/es\/emociones\/desintoxicacion\/\" tabindex=\"-1\"><img loading=\"lazy\" decoding=\"async\" width=\"59\" height=\"61\" src=\"https:\/\/happy-caps.com\/wp-content\/uploads\/Sleep.svg\" class=\"attachment-full size-full wp-image-91\" alt=\"\" \/><\/a><\/figure><div class=\"elementor-image-box-content\"><h3 class=\"elementor-image-box-title\" data-no-translation=\"\" data-no-auto-translation=\"\"><a href=\"\/emotions\/detox\/\">Sleep<\/a><\/h3><p class=\"elementor-image-box-description\">Restaura el equilibrio, refresca tu esp\u00edritu.<\/p><\/div><\/div>\t\t\t\t<\/div>\n\t\t\t\t<\/div>\n\t\t\t\t<div class=\"elementor-element elementor-element-3cae795 emotion-box elementor-position-top elementor-widget elementor-widget-image-box\" data-id=\"3cae795\" data-element_type=\"widget\" data-e-type=\"widget\" data-widget_type=\"image-box.default\">\n\t\t\t\t<div class=\"elementor-widget-container\">\n\t\t\t\t\t<div class=\"elementor-image-box-wrapper\"><figure class=\"elementor-image-box-img\"><a href=\"\/es\/emociones\/desintoxicacion\/\" tabindex=\"-1\"><img loading=\"lazy\" decoding=\"async\" width=\"60\" height=\"60\" src=\"https:\/\/happy-caps.com\/wp-content\/uploads\/Psychedelic.svg\" class=\"attachment-full size-full wp-image-96\" alt=\"\" \/><\/a><\/figure><div class=\"elementor-image-box-content\"><h3 class=\"elementor-image-box-title\" data-no-translation=\"\" data-no-auto-translation=\"\"><a href=\"\/emotions\/detox\/\">Psychedelic<\/a><\/h3><p class=\"elementor-image-box-description\">Conecta con el universo, abre nuevas puertas.<\/p><\/div><\/div>\t\t\t\t<\/div>\n\t\t\t\t<\/div>\n\t\t\t\t<div class=\"elementor-element elementor-element-643104f elementor-position-top elementor-widget elementor-widget-image-box\" data-id=\"643104f\" data-element_type=\"widget\" data-e-type=\"widget\" data-widget_type=\"image-box.default\">\n\t\t\t\t<div class=\"elementor-widget-container\">\n\t\t\t\t\t<div class=\"elementor-image-box-wrapper\"><figure class=\"elementor-image-box-img\"><a href=\"\/es\/comercio\/coleccion\/\" tabindex=\"-1\"><img loading=\"lazy\" decoding=\"async\" width=\"500\" height=\"500\" src=\"https:\/\/happy-caps.com\/wp-content\/uploads\/Happy-Caps-Logo-Black-Cropped.png\" class=\"attachment-full size-full wp-image-3232\" alt=\"\" srcset=\"https:\/\/happy-caps.com\/wp-content\/uploads\/Happy-Caps-Logo-Black-Cropped.png 500w, https:\/\/happy-caps.com\/wp-content\/uploads\/Happy-Caps-Logo-Black-Cropped-300x300.png 300w, https:\/\/happy-caps.com\/wp-content\/uploads\/Happy-Caps-Logo-Black-Cropped-150x150.png 150w, https:\/\/happy-caps.com\/wp-content\/uploads\/Happy-Caps-Logo-Black-Cropped-12x12.png 12w, https:\/\/happy-caps.com\/wp-content\/uploads\/Happy-Caps-Logo-Black-Cropped-100x100.png 100w, https:\/\/happy-caps.com\/wp-content\/uploads\/Happy-Caps-Logo-Black-Cropped-64x64.png 64w\" sizes=\"(max-width: 500px) 100vw, 500px\" \/><\/a><\/figure><div class=\"elementor-image-box-content\"><h3 class=\"elementor-image-box-title\"><a href=\"\/es\/comercio\/coleccion\/\">Tienda<\/a><\/h3><p class=\"elementor-image-box-description\">Descubra todos los productos de diferentes emociones.<\/p><\/div><\/div>\t\t\t\t<\/div>\n\t\t\t\t<\/div>\n\t\t\t\t\t<\/div>\n\t\t\t\t<\/div>\n\t\t\t\t<\/div>","protected":false},"excerpt":{"rendered":"<p>Click on an emotion to read more about it, discover frequently asked questions, ingredients, products, and much more. Love Experience passionate love like never before. Energy Boost your energy level and maximize results. Health Choose for a healthy body and mind. Focus No more distractions, activate focus-mode. Detox Cleanse and revitalize your body with nature. [&hellip;]<\/p>\n","protected":false},"author":2,"featured_media":0,"parent":0,"menu_order":0,"comment_status":"closed","ping_status":"closed","template":"","meta":{"_acf_changed":false,"rank_math_title":"Emotions \u2022 Love, Focus, Relax, Energy &amp; more","rank_math_description":"Read more about the different kind of human emotions and Nature's answer \u2022 Choose your mood, elevate your senses.","rank_math_focus_keyword":"emotions","rank_math_canonical_url":"","rank_math_breadcrumb_title":"","rank_math_pillar_content":"","rank_math_primary_category":"","rank_math_facebook_title":"","rank_math_facebook_description":"","rank_math_facebook_image":"","rank_math_facebook_image_id":"","rank_math_twitter_title":"","rank_math_twitter_description":"","rank_math_twitter_image":"","rank_math_twitter_image_id":"","rank_math_twitter_card_type":"","rank_math_twitter_use_facebook":"","rank_math_advanced_robots":"","rank_math_news_sitemap_genres":"","rank_math_news_sitemap_stock_tickers":"","rank_math_video_thumbnail":"","rank_math_video_title":"","rank_math_video_description":"","rank_math_video_duration":"","rank_math_robots":[],"footnotes":""},"class_list":["post-1956","page","type-page","status-publish","hentry"],"acf":[],"_links":{"self":[{"href":"https:\/\/happy-caps.com\/es\/wp-json\/wp\/v2\/pages\/1956","targetHints":{"allow":["GET"]}}],"collection":[{"href":"https:\/\/happy-caps.com\/es\/wp-json\/wp\/v2\/pages"}],"about":[{"href":"https:\/\/happy-caps.com\/es\/wp-json\/wp\/v2\/types\/page"}],"author":[{"embeddable":true,"href":"https:\/\/happy-caps.com\/es\/wp-json\/wp\/v2\/users\/2"}],"replies":[{"embeddable":true,"href":"https:\/\/happy-caps.com\/es\/wp-json\/wp\/v2\/comments?post=1956"}],"version-history":[{"count":5,"href":"https:\/\/happy-caps.com\/es\/wp-json\/wp\/v2\/pages\/1956\/revisions"}],"predecessor-version":[{"id":5973,"href":"https:\/\/happy-caps.com\/es\/wp-json\/wp\/v2\/pages\/1956\/revisions\/5973"}],"wp:attachment":[{"href":"https:\/\/happy-caps.com\/es\/wp-json\/wp\/v2\/media?parent=1956"}],"curies":[{"name":"wp","href":"https:\/\/api.w.org\/{rel}","templated":true}]}}