{"id":336,"date":"2025-02-27T19:19:46","date_gmt":"2025-02-27T18:19:46","guid":{"rendered":"https:\/\/happy-caps.com\/?page_id=336"},"modified":"2026-04-01T21:21:37","modified_gmt":"2026-04-01T19:21:37","slug":"psicodelico","status":"publish","type":"page","link":"https:\/\/happy-caps.com\/es\/emociones\/psicodelico\/","title":{"rendered":"Psicod\u00e9lico"},"content":{"rendered":"<div data-elementor-type=\"wp-page\" data-elementor-id=\"336\" class=\"elementor elementor-336\" data-elementor-post-type=\"page\">\n\t\t\t\t<div class=\"elementor-element elementor-element-36e24bd e-flex e-con-boxed e-con e-parent\" data-id=\"36e24bd\" data-element_type=\"container\">\n\t\t\t\t\t<div class=\"e-con-inner\">\n\t\t<div class=\"elementor-element elementor-element-ff22903 e-con-full e-flex e-con e-child\" data-id=\"ff22903\" data-element_type=\"container\">\n\t\t\t\t<div class=\"elementor-element elementor-element-c9e76b2 products-heading-show elementor-product-loop-item--align-center elementor-grid-tablet-2 elementor-grid-mobile-1 elementor-grid-4 elementor-products-grid elementor-wc-products elementor-widget elementor-widget-woocommerce-products\" data-id=\"c9e76b2\" data-element_type=\"widget\" data-widget_type=\"woocommerce-products.default\">\n\t\t\t\t<div class=\"elementor-widget-container\">\n\t\t\t\t\t<div class=\"woocommerce columns-4\"><ul class=\"products elementor-grid columns-4\">\n<li class=\"product type-product post-1449 status-publish first instock product_cat-capsules product_cat-collection has-post-thumbnail taxable shipping-taxable purchasable product-type-simple\">\n\t<a href=\"https:\/\/happy-caps.com\/es\/producto\/tapas-trip-e\/\" class=\"woocommerce-LoopProduct-link woocommerce-loop-product__link\"><img fetchpriority=\"high\" decoding=\"async\" width=\"600\" height=\"600\" src=\"https:\/\/happy-caps.com\/wp-content\/uploads\/Trip-E-caps-small-600x600.webp\" class=\"attachment-woocommerce_thumbnail size-woocommerce_thumbnail\" alt=\"Trip-E Capsules para viajes psicod\u00e9licos\" srcset=\"https:\/\/happy-caps.com\/wp-content\/uploads\/Trip-E-caps-small-600x600.webp 600w, https:\/\/happy-caps.com\/wp-content\/uploads\/Trip-E-caps-small-300x300.webp 300w, https:\/\/happy-caps.com\/wp-content\/uploads\/Trip-E-caps-small-150x150.webp 150w, https:\/\/happy-caps.com\/wp-content\/uploads\/Trip-E-caps-small-768x768.webp 768w, https:\/\/happy-caps.com\/wp-content\/uploads\/Trip-E-caps-small-12x12.webp 12w, https:\/\/happy-caps.com\/wp-content\/uploads\/Trip-E-caps-small-100x100.webp 100w, https:\/\/happy-caps.com\/wp-content\/uploads\/Trip-E-caps-small-64x64.webp 64w, https:\/\/happy-caps.com\/wp-content\/uploads\/Trip-E-caps-small.webp 1000w\" sizes=\"(max-width: 600px) 100vw, 600px\" \/><h2 class=\"woocommerce-loop-product__title\" data-no-translation=\"\" data-no-auto-translation=\"\">TRIP-E Caps<\/h2><div class=\"star-rating\" role=\"img\" aria-label=\"Valorado con 4.44 de 5\" data-no-translation-aria-label=\"\"><span style=\"width:88.8%\" data-no-translation=\"\" data-trp-gettext=\"\">Valorado con <strong class=\"rating\">4.44<\/strong> de 5<\/span><\/div><div class=\"product-intensity-meter-container\"><div class=\"product-intensity-min-label\"><img decoding=\"async\" src=\"https:\/\/happy-caps.com\/wp-content\/uploads\/SCHAAP.svg\" alt=\"Min\" width=\"20\" height=\"20\" \/><\/div><div class=\"product-intensity-meter\" style=\"max-width: 200px; background-color: #d04419;\"><div class=\"product-intensity-bar\" style=\"width: 100%;\"><div class=\"product-intensity-value-text max-intensity\">Intensidad m\u00e1xima<\/div><\/div><\/div><div class=\"product-intensity-max-label\"><img decoding=\"async\" src=\"https:\/\/happy-caps.com\/wp-content\/uploads\/BLIKSEM.svg\" alt=\"Max\" width=\"20\" height=\"20\" style=\"max-height: 20px;\" \/><\/div><\/div><div class=\"loop-product-usps\"><span><img loading=\"lazy\" decoding=\"async\" src=\"https:\/\/happy-caps.com\/wp-content\/uploads\/CHECK-GREEN.svg\" width=\"12\" height=\"12\" style=\"width: 12px; height: 12px;\" \/>es un viaje<\/span><span><img loading=\"lazy\" decoding=\"async\" src=\"https:\/\/happy-caps.com\/wp-content\/uploads\/CHECK-GREEN.svg\" width=\"12\" height=\"12\" style=\"width: 12px; height: 12px;\" \/>Surrealista<\/span><\/div>\n\t<span class=\"price\"><span class=\"woocommerce-Price-amount amount\"><bdi><span class=\"woocommerce-Price-currencySymbol\"><\/span>&nbsp;12.50<\/bdi><\/span> <span class=\"product-contents-badge\">\/ 4 tapones<\/span><\/span>\n<\/a><div class=\"woocommerce-loop-product__buttons\"><a href=\"\/es\/wp-json\/wp\/v2\/pages\/336?add-to-cart=1449\" aria-describedby=\"woocommerce_loop_add_to_cart_link_describedby_1449\" data-quantity=\"1\" class=\"button product_type_simple add_to_cart_button ajax_add_to_cart\" data-product_id=\"1449\" data-product_sku=\"HC-TRIP-E-CAPS\" aria-label=\"A\u00f1adir al carrito: \u201cTRIP-E Caps\u201d\" rel=\"nofollow\" data-success_message=\"\u00abTRIP-E Caps\u00bb se ha a\u00f1adido a tu carrito\" role=\"button\" data-no-translation=\"\" data-trp-gettext=\"\" data-no-translation-aria-label=\"\" data-no-translation-data-success_message=\"\">A\u00f1adir al carrito<\/a><\/div>\t<span id=\"woocommerce_loop_add_to_cart_link_describedby_1449\" class=\"screen-reader-text\">\n\t\t\t<\/span>\n<\/li>\n<li class=\"product type-product post-1532 status-publish instock product_cat-capsules product_cat-collection has-post-thumbnail taxable shipping-taxable purchasable product-type-simple\">\n\t<a href=\"https:\/\/happy-caps.com\/es\/producto\/euphory-e-caps\/\" class=\"woocommerce-LoopProduct-link woocommerce-loop-product__link\"><img loading=\"lazy\" decoding=\"async\" width=\"600\" height=\"600\" src=\"https:\/\/happy-caps.com\/wp-content\/uploads\/Euphory-E-caps-small-600x600.webp\" class=\"attachment-woocommerce_thumbnail size-woocommerce_thumbnail\" alt=\"Hapy Caps EUPHORY-E Enciende una intensa sensaci\u00f3n de felicidad,\" srcset=\"https:\/\/happy-caps.com\/wp-content\/uploads\/Euphory-E-caps-small-600x600.webp 600w, https:\/\/happy-caps.com\/wp-content\/uploads\/Euphory-E-caps-small-300x300.webp 300w, https:\/\/happy-caps.com\/wp-content\/uploads\/Euphory-E-caps-small-150x150.webp 150w, https:\/\/happy-caps.com\/wp-content\/uploads\/Euphory-E-caps-small-768x768.webp 768w, https:\/\/happy-caps.com\/wp-content\/uploads\/Euphory-E-caps-small-12x12.webp 12w, https:\/\/happy-caps.com\/wp-content\/uploads\/Euphory-E-caps-small-100x100.webp 100w, https:\/\/happy-caps.com\/wp-content\/uploads\/Euphory-E-caps-small-64x64.webp 64w, https:\/\/happy-caps.com\/wp-content\/uploads\/Euphory-E-caps-small.webp 1000w\" sizes=\"(max-width: 600px) 100vw, 600px\" \/><h2 class=\"woocommerce-loop-product__title\" data-no-translation=\"\" data-no-auto-translation=\"\">EUPHORY-E Caps<\/h2><div class=\"star-rating\" role=\"img\" aria-label=\"Valorado con 4.33 de 5\" data-no-translation-aria-label=\"\"><span style=\"width:86.6%\" data-no-translation=\"\" data-trp-gettext=\"\">Valorado con <strong class=\"rating\">4.33<\/strong> de 5<\/span><\/div><div class=\"product-intensity-meter-container\"><div class=\"product-intensity-min-label\"><img decoding=\"async\" src=\"https:\/\/happy-caps.com\/wp-content\/uploads\/SCHAAP.svg\" alt=\"Min\" width=\"20\" height=\"20\" \/><\/div><div class=\"product-intensity-meter\" style=\"max-width: 200px; \"><div class=\"product-intensity-bar\" style=\"width: 70%;\"><div class=\"product-intensity-value-text\">Intensidad<\/div><\/div><\/div><div class=\"product-intensity-max-label\"><img decoding=\"async\" src=\"https:\/\/happy-caps.com\/wp-content\/uploads\/BLIKSEM.svg\" alt=\"Max\" width=\"20\" height=\"20\" style=\"max-height: 20px;\" \/><\/div><\/div><div class=\"loop-product-usps\"><span><img loading=\"lazy\" decoding=\"async\" src=\"https:\/\/happy-caps.com\/wp-content\/uploads\/CHECK-GREEN.svg\" width=\"12\" height=\"12\" style=\"width: 12px; height: 12px;\" \/>100% Natural<\/span><span><img loading=\"lazy\" decoding=\"async\" src=\"https:\/\/happy-caps.com\/wp-content\/uploads\/CHECK-GREEN.svg\" width=\"12\" height=\"12\" style=\"width: 12px; height: 12px;\" \/>Euf\u00f3rico<\/span><\/div>\n\t<span class=\"price\"><span class=\"woocommerce-Price-amount amount\"><bdi><span class=\"woocommerce-Price-currencySymbol\"><\/span>&nbsp;9.95<\/bdi><\/span> <span class=\"product-contents-badge\">\/ 4 tapones<\/span><\/span>\n<\/a><div class=\"woocommerce-loop-product__buttons\"><a href=\"\/es\/wp-json\/wp\/v2\/pages\/336?add-to-cart=1532\" aria-describedby=\"woocommerce_loop_add_to_cart_link_describedby_1532\" data-quantity=\"1\" class=\"button product_type_simple add_to_cart_button ajax_add_to_cart\" data-product_id=\"1532\" data-product_sku=\"HC-EUPHORY-E-CAPS\" aria-label=\"A\u00f1adir al carrito: \u201cEUPHORY-E Caps\u201d\" rel=\"nofollow\" data-success_message=\"\u00abEUPHORY-E Caps\u00bb se ha a\u00f1adido a tu carrito\" role=\"button\" data-no-translation=\"\" data-trp-gettext=\"\" data-no-translation-aria-label=\"\" data-no-translation-data-success_message=\"\">A\u00f1adir al carrito<\/a><\/div>\t<span id=\"woocommerce_loop_add_to_cart_link_describedby_1532\" class=\"screen-reader-text\">\n\t\t\t<\/span>\n<\/li>\n<li class=\"product type-product post-1528 status-publish instock product_cat-capsules product_cat-collection has-post-thumbnail taxable shipping-taxable purchasable product-type-simple\">\n\t<a href=\"https:\/\/happy-caps.com\/es\/producto\/espacio-e-tapas\/\" class=\"woocommerce-LoopProduct-link woocommerce-loop-product__link\"><img loading=\"lazy\" decoding=\"async\" width=\"600\" height=\"600\" src=\"https:\/\/happy-caps.com\/wp-content\/uploads\/Space-E-caps-small-600x600.webp\" class=\"attachment-woocommerce_thumbnail size-woocommerce_thumbnail\" alt=\"SPACE-E -C\u00e1psulas de energ\u00eda, euforia y sensaciones psicod\u00e9licas leves\" srcset=\"https:\/\/happy-caps.com\/wp-content\/uploads\/Space-E-caps-small-600x600.webp 600w, https:\/\/happy-caps.com\/wp-content\/uploads\/Space-E-caps-small-300x300.webp 300w, https:\/\/happy-caps.com\/wp-content\/uploads\/Space-E-caps-small-150x150.webp 150w, https:\/\/happy-caps.com\/wp-content\/uploads\/Space-E-caps-small-768x768.webp 768w, https:\/\/happy-caps.com\/wp-content\/uploads\/Space-E-caps-small-12x12.webp 12w, https:\/\/happy-caps.com\/wp-content\/uploads\/Space-E-caps-small-100x100.webp 100w, https:\/\/happy-caps.com\/wp-content\/uploads\/Space-E-caps-small-64x64.webp 64w, https:\/\/happy-caps.com\/wp-content\/uploads\/Space-E-caps-small.webp 1000w\" sizes=\"(max-width: 600px) 100vw, 600px\" \/><h2 class=\"woocommerce-loop-product__title\" data-no-translation=\"\" data-no-auto-translation=\"\">SPACE-E Caps<\/h2><div class=\"star-rating\" role=\"img\" aria-label=\"Valorado con 5.00 de 5\" data-no-translation-aria-label=\"\"><span style=\"width:100%\" data-no-translation=\"\" data-trp-gettext=\"\">Valorado con <strong class=\"rating\">5.00<\/strong> de 5<\/span><\/div><div class=\"product-intensity-meter-container\"><div class=\"product-intensity-min-label\"><img decoding=\"async\" src=\"https:\/\/happy-caps.com\/wp-content\/uploads\/SCHAAP.svg\" alt=\"Min\" width=\"20\" height=\"20\" \/><\/div><div class=\"product-intensity-meter\" style=\"max-width: 200px; \"><div class=\"product-intensity-bar\" style=\"width: 90%;\"><div class=\"product-intensity-value-text\">Intensidad<\/div><\/div><\/div><div class=\"product-intensity-max-label\"><img decoding=\"async\" src=\"https:\/\/happy-caps.com\/wp-content\/uploads\/BLIKSEM.svg\" alt=\"Max\" width=\"20\" height=\"20\" style=\"max-height: 20px;\" \/><\/div><\/div><div class=\"loop-product-usps\"><span><img loading=\"lazy\" decoding=\"async\" src=\"https:\/\/happy-caps.com\/wp-content\/uploads\/CHECK-GREEN.svg\" width=\"12\" height=\"12\" style=\"width: 12px; height: 12px;\" \/>Elaborado para una energ\u00eda duradera<\/span><span><img loading=\"lazy\" decoding=\"async\" src=\"https:\/\/happy-caps.com\/wp-content\/uploads\/CHECK-GREEN.svg\" width=\"12\" height=\"12\" style=\"width: 12px; height: 12px;\" \/>Dise\u00f1ado para inspirar concentraci\u00f3n<\/span><\/div>\n\t<span class=\"price\"><span class=\"woocommerce-Price-amount amount\"><bdi><span class=\"woocommerce-Price-currencySymbol\"><\/span>&nbsp;9.95<\/bdi><\/span> <span class=\"product-contents-badge\">\/ 4 tapones<\/span><\/span>\n<\/a><div class=\"woocommerce-loop-product__buttons\"><a href=\"\/es\/wp-json\/wp\/v2\/pages\/336?add-to-cart=1528\" aria-describedby=\"woocommerce_loop_add_to_cart_link_describedby_1528\" data-quantity=\"1\" class=\"button product_type_simple add_to_cart_button ajax_add_to_cart\" data-product_id=\"1528\" data-product_sku=\"HC-SPACE-E-CAPS\" aria-label=\"A\u00f1adir al carrito: \u201cSPACE-E Caps\u201d\" rel=\"nofollow\" data-success_message=\"\u00abSPACE-E Caps\u00bb se ha a\u00f1adido a tu carrito\" role=\"button\" data-no-translation=\"\" data-trp-gettext=\"\" data-no-translation-aria-label=\"\" data-no-translation-data-success_message=\"\">A\u00f1adir al carrito<\/a><\/div>\t<span id=\"woocommerce_loop_add_to_cart_link_describedby_1528\" class=\"screen-reader-text\">\n\t\t\t<\/span>\n<\/li>\n<\/ul>\n<\/div>\t\t\t\t<\/div>\n\t\t\t\t<\/div>\n\t\t\t\t<\/div>\n\t\t<div class=\"elementor-element elementor-element-4bd0335 e-con-full e-flex e-con e-child\" data-id=\"4bd0335\" data-element_type=\"container\">\n\t\t\t\t<div class=\"elementor-element elementor-element-0d41815 elementor-widget-divider--view-line elementor-widget elementor-widget-divider\" data-id=\"0d41815\" data-element_type=\"widget\" data-widget_type=\"divider.default\">\n\t\t\t\t<div class=\"elementor-widget-container\">\n\t\t\t\t\t\t\t<div class=\"elementor-divider\">\n\t\t\t<span class=\"elementor-divider-separator\">\n\t\t\t\t\t\t<\/span>\n\t\t<\/div>\n\t\t\t\t\t\t<\/div>\n\t\t\t\t<\/div>\n\t\t\t\t<div class=\"elementor-element elementor-element-b1d3e50 elementor-widget elementor-widget-heading\" data-id=\"b1d3e50\" data-element_type=\"widget\" data-widget_type=\"heading.default\">\n\t\t\t\t<div class=\"elementor-widget-container\">\n\t\t\t\t\t<h2 class=\"elementor-heading-title elementor-size-default\">Art\u00edculos relacionados<\/h2>\t\t\t\t<\/div>\n\t\t\t\t<\/div>\n\t\t\t\t<div class=\"elementor-element elementor-element-1906597 elementor-widget elementor-widget-text-editor\" data-id=\"1906597\" data-element_type=\"widget\" data-widget_type=\"text-editor.default\">\n\t\t\t\t<div class=\"elementor-widget-container\">\n\t\t\t\t\t\t\t\t\t<p>Lea m\u00e1s art\u00edculos sobre\u00a0<strong>Psicod\u00e9licos<\/strong>.<\/p>\t\t\t\t\t\t\t\t<\/div>\n\t\t\t\t<\/div>\n\t\t\t\t<div class=\"elementor-element elementor-element-dfe7a61 elementor-grid-3 elementor-grid-tablet-2 elementor-grid-mobile-1 elementor-posts--thumbnail-top elementor-posts__hover-gradient elementor-widget elementor-widget-posts\" data-id=\"dfe7a61\" data-element_type=\"widget\" data-settings=\"{&quot;cards_row_gap&quot;:{&quot;unit&quot;:&quot;px&quot;,&quot;size&quot;:15,&quot;sizes&quot;:[]},&quot;pagination_type&quot;:&quot;numbers&quot;,&quot;cards_columns&quot;:&quot;3&quot;,&quot;cards_columns_tablet&quot;:&quot;2&quot;,&quot;cards_columns_mobile&quot;:&quot;1&quot;,&quot;cards_row_gap_tablet&quot;:{&quot;unit&quot;:&quot;px&quot;,&quot;size&quot;:&quot;&quot;,&quot;sizes&quot;:[]},&quot;cards_row_gap_mobile&quot;:{&quot;unit&quot;:&quot;px&quot;,&quot;size&quot;:&quot;&quot;,&quot;sizes&quot;:[]}}\" data-widget_type=\"posts.cards\">\n\t\t\t\t<div class=\"elementor-widget-container\">\n\t\t\t\t\t\t\t<div class=\"elementor-posts-container elementor-posts elementor-posts--skin-cards elementor-grid\">\n\t\t\t\t<article class=\"elementor-post elementor-grid-item post-2955 post type-post status-publish format-standard has-post-thumbnail hentry category-ingredients tag-psychedelic\">\n\t\t\t<div class=\"elementor-post__card\">\n\t\t\t\t<a class=\"elementor-post__thumbnail__link\" href=\"https:\/\/happy-caps.com\/es\/ingredientes\/%f0%9f%8c%ba-hawaiian-baby-woodrose-3-verdades-salvajes-detras-de-esta-semilla-de-viaje-natural\/\" tabindex=\"-1\" ><div class=\"elementor-post__thumbnail\"><img loading=\"lazy\" decoding=\"async\" width=\"300\" height=\"300\" src=\"https:\/\/happy-caps.com\/wp-content\/uploads\/BABY-VINE-WOODROS-300x300.png\" class=\"attachment-medium size-medium wp-image-2967\" alt=\"Enredadera Hawaiian Baby Woodrose\" srcset=\"https:\/\/happy-caps.com\/wp-content\/uploads\/BABY-VINE-WOODROS-300x300.png 300w, https:\/\/happy-caps.com\/wp-content\/uploads\/BABY-VINE-WOODROS-150x150.png 150w, https:\/\/happy-caps.com\/wp-content\/uploads\/BABY-VINE-WOODROS-768x768.png 768w, https:\/\/happy-caps.com\/wp-content\/uploads\/BABY-VINE-WOODROS-12x12.png 12w, https:\/\/happy-caps.com\/wp-content\/uploads\/BABY-VINE-WOODROS-600x600.png 600w, https:\/\/happy-caps.com\/wp-content\/uploads\/BABY-VINE-WOODROS-100x100.png 100w, https:\/\/happy-caps.com\/wp-content\/uploads\/BABY-VINE-WOODROS-64x64.png 64w, https:\/\/happy-caps.com\/wp-content\/uploads\/BABY-VINE-WOODROS.png 1024w\" sizes=\"(max-width: 300px) 100vw, 300px\" \/><\/div><\/a>\n\t\t\t\t<div class=\"elementor-post__badge\">Ingredientes<\/div>\n\t\t\t\t<div class=\"elementor-post__text\">\n\t\t\t\t<h3 class=\"elementor-post__title\">\n\t\t\t<a href=\"https:\/\/happy-caps.com\/es\/ingredientes\/%f0%9f%8c%ba-hawaiian-baby-woodrose-3-verdades-salvajes-detras-de-esta-semilla-de-viaje-natural\/\" >\n\t\t\t\t\ud83c\udf3a Hawaiian Baby Woodrose: 3 Verdades salvajes detr\u00e1s de esta semilla de viaje natural\t\t\t<\/a>\n\t\t<\/h3>\n\t\t\t\t<div class=\"elementor-post__excerpt\">\n\t\t\t<p>Semilla sagrada con profundas ra\u00edces rituales, la Baby Woodrose hawaiana contiene LSA natural, conocido por sus efectos calmantes e introspectivos. Utilizada a menudo para la claridad emocional y la exploraci\u00f3n interior, esta planta ofrece una alternativa suave y fundamentada a los psicod\u00e9licos sint\u00e9ticos.<\/p>\n\t\t<\/div>\n\t\t\t\t\t<div class=\"elementor-post__read-more-wrapper\">\n\t\t\n\t\t<a class=\"elementor-post__read-more\" href=\"https:\/\/happy-caps.com\/es\/ingredientes\/%f0%9f%8c%ba-hawaiian-baby-woodrose-3-verdades-salvajes-detras-de-esta-semilla-de-viaje-natural\/\" aria-label=\"M\u00e1s informaci\u00f3n sobre \ud83c\udf3a Hawaiian Baby Woodrose: 3 Wild Truths Behind This Natural Trip Seed\" tabindex=\"-1\" >\n\t\t\tLeer M\u00e1s \"\t\t<\/a>\n\n\t\t\t\t\t<\/div>\n\t\t\t\t<\/div>\n\t\t\t\t\t<\/div>\n\t\t<\/article>\n\t\t\t\t<\/div>\n\t\t\n\t\t\t\t\t\t<\/div>\n\t\t\t\t<\/div>\n\t\t\t\t<\/div>\n\t\t\t\t\t<\/div>\n\t\t\t\t<\/div>\n\t\t\t\t<\/div>","protected":false},"excerpt":{"rendered":"<p>Related articles Read more articles about\u00a0Psychedelics.<\/p>","protected":false},"author":1,"featured_media":0,"parent":1956,"menu_order":0,"comment_status":"closed","ping_status":"closed","template":"","meta":{"_acf_changed":false,"footnotes":""},"class_list":["post-336","page","type-page","status-publish","hentry"],"acf":[],"_links":{"self":[{"href":"https:\/\/happy-caps.com\/es\/wp-json\/wp\/v2\/pages\/336","targetHints":{"allow":["GET"]}}],"collection":[{"href":"https:\/\/happy-caps.com\/es\/wp-json\/wp\/v2\/pages"}],"about":[{"href":"https:\/\/happy-caps.com\/es\/wp-json\/wp\/v2\/types\/page"}],"author":[{"embeddable":true,"href":"https:\/\/happy-caps.com\/es\/wp-json\/wp\/v2\/users\/1"}],"replies":[{"embeddable":true,"href":"https:\/\/happy-caps.com\/es\/wp-json\/wp\/v2\/comments?post=336"}],"version-history":[{"count":5,"href":"https:\/\/happy-caps.com\/es\/wp-json\/wp\/v2\/pages\/336\/revisions"}],"predecessor-version":[{"id":7976,"href":"https:\/\/happy-caps.com\/es\/wp-json\/wp\/v2\/pages\/336\/revisions\/7976"}],"up":[{"embeddable":true,"href":"https:\/\/happy-caps.com\/es\/wp-json\/wp\/v2\/pages\/1956"}],"wp:attachment":[{"href":"https:\/\/happy-caps.com\/es\/wp-json\/wp\/v2\/media?parent=336"}],"curies":[{"name":"wp","href":"https:\/\/api.w.org\/{rel}","templated":true}]}}