{"id":1449,"date":"2025-03-16T12:56:53","date_gmt":"2025-03-16T11:56:53","guid":{"rendered":"https:\/\/happy-caps.com\/?post_type=product&#038;p=1449"},"modified":"2026-03-27T10:47:48","modified_gmt":"2026-03-27T09:47:48","slug":"tapas-trip-e","status":"publish","type":"product","link":"https:\/\/happy-caps.com\/es\/producto\/tapas-trip-e\/","title":{"rendered":"Tapas TRIP-E"},"content":{"rendered":"<p><span style=\"font-weight: 400;\">Potencie la vida, \u00a1vivida plenamente! Experimenta la percepci\u00f3n v\u00edvida con TRIP-E y desbloquea la conciencia infinita.<\/span><\/p>","protected":false},"excerpt":{"rendered":"<p>Este producto est\u00e1 dise\u00f1ado para invitarle a estados m\u00e1s profundos de introspecci\u00f3n y exploraci\u00f3n sensorial: un capsule a base de plantas inspirado en las tradiciones ceremoniales.<br \/>\nTrip-E de Happy Caps se elabora con Baby Woodrose hawaiana y productos bot\u00e1nicos cuidadosamente seleccionados, ofreciendo una experiencia personal que muchos describen como alucinante y creativamente inspiradora.<\/p>\n<p>Tanto si est\u00e1 bailando bajo las estrellas, sentado en meditaci\u00f3n o buscando una perspectiva diferente, Trip-E suele elegirse para momentos de reflexi\u00f3n, perspicacia o estado de \u00e1nimo elevado, todo ello sin la intensidad de una experiencia completa con trufas.<\/p>\n<p>If you want to compare more options, explore the full <a href=\"https:\/\/happy-caps.com\/es\/\">Happy Caps capsules collection.<\/a><\/p>","protected":false},"featured_media":5834,"comment_status":"open","ping_status":"closed","template":"","meta":{"_acf_changed":false},"product_brand":[18],"product_cat":[20,255],"product_tag":[],"class_list":{"0":"post-1449","1":"product","2":"type-product","3":"status-publish","4":"has-post-thumbnail","6":"product_brand-happy-caps","7":"product_cat-capsules","8":"product_cat-collection","9":"product_shipping_class-brievenbus","11":"first","12":"instock","13":"taxable","14":"shipping-taxable","15":"purchasable","16":"product-type-simple"},"acf":[],"_links":{"self":[{"href":"https:\/\/happy-caps.com\/es\/wp-json\/wp\/v2\/product\/1449","targetHints":{"allow":["GET"]}}],"collection":[{"href":"https:\/\/happy-caps.com\/es\/wp-json\/wp\/v2\/product"}],"about":[{"href":"https:\/\/happy-caps.com\/es\/wp-json\/wp\/v2\/types\/product"}],"replies":[{"embeddable":true,"href":"https:\/\/happy-caps.com\/es\/wp-json\/wp\/v2\/comments?post=1449"}],"version-history":[{"count":5,"href":"https:\/\/happy-caps.com\/es\/wp-json\/wp\/v2\/product\/1449\/revisions"}],"predecessor-version":[{"id":7959,"href":"https:\/\/happy-caps.com\/es\/wp-json\/wp\/v2\/product\/1449\/revisions\/7959"}],"wp:featuredmedia":[{"embeddable":true,"href":"https:\/\/happy-caps.com\/es\/wp-json\/wp\/v2\/media\/5834"}],"wp:attachment":[{"href":"https:\/\/happy-caps.com\/es\/wp-json\/wp\/v2\/media?parent=1449"}],"wp:term":[{"taxonomy":"product_brand","embeddable":true,"href":"https:\/\/happy-caps.com\/es\/wp-json\/wp\/v2\/product_brand?post=1449"},{"taxonomy":"product_cat","embeddable":true,"href":"https:\/\/happy-caps.com\/es\/wp-json\/wp\/v2\/product_cat?post=1449"},{"taxonomy":"product_tag","embeddable":true,"href":"https:\/\/happy-caps.com\/es\/wp-json\/wp\/v2\/product_tag?post=1449"}],"curies":[{"name":"wp","href":"https:\/\/api.w.org\/{rel}","templated":true}]}}