{"id":1528,"date":"2025-03-17T15:06:54","date_gmt":"2025-03-17T14:06:54","guid":{"rendered":"https:\/\/happy-caps.com\/?post_type=product&#038;p=1528"},"modified":"2026-03-27T10:48:01","modified_gmt":"2026-03-27T09:48:01","slug":"espacio-e-tapas","status":"publish","type":"product","link":"https:\/\/happy-caps.com\/es\/product\/space-e-caps\/","title":{"rendered":"Tapas SPACE-E"},"content":{"rendered":"<p><span style=\"font-weight: 400;\">Potencie la vida, \u00a1vivida plenamente! Experimente la Elevaci\u00f3n Euf\u00f3rica con SPACE-E y desbloquee la Conciencia C\u00f3smica.<\/span><\/p>","protected":false},"excerpt":{"rendered":"<p>Este producto est\u00e1 dise\u00f1ado para facilitarle un espacio mental ligero y l\u00fadico, perfecto para dejarse llevar por el sonido, el color y la conversaci\u00f3n creativa.<br \/>\nSpace-E de Happy Caps es una capsule vegetal hecha para mentes curiosas y corazones abiertos. Tanto si est\u00e1s bajo luces estrobosc\u00f3picas como explorando pensamientos m\u00e1s profundos, est\u00e1 elaborada para adaptarse a tu estado de \u00e1nimo con algo c\u00f3smico y tranquilo.<\/p>\n<p>Formulado con Hawaiian Baby Woodrose, L-tript\u00f3fano y teobromina, Space-E es a menudo elegido por aquellos que buscan reducir la velocidad, relajarse y disfrutar de un ritmo diferente - suavemente, naturalmente y en sus propios t\u00e9rminos.<\/p>\n<p>\u00bfQuieres comparar m\u00e1s opciones? Consulta la lista completa <a href=\"https:\/\/happy-caps.com\/es\/comercio\/capsulas\/\">Feliz colecci\u00f3n de Caps capsules<\/a>.<\/p>","protected":false},"featured_media":5838,"comment_status":"open","ping_status":"closed","template":"","meta":{"_acf_changed":false},"product_brand":[18],"product_cat":[20,255],"product_tag":[],"class_list":{"0":"post-1528","1":"product","2":"type-product","3":"status-publish","4":"has-post-thumbnail","6":"product_brand-happy-caps","7":"product_cat-capsules","8":"product_cat-collection","9":"product_shipping_class-brievenbus","11":"first","12":"instock","13":"taxable","14":"shipping-taxable","15":"purchasable","16":"product-type-simple"},"acf":[],"_links":{"self":[{"href":"https:\/\/happy-caps.com\/es\/wp-json\/wp\/v2\/product\/1528","targetHints":{"allow":["GET"]}}],"collection":[{"href":"https:\/\/happy-caps.com\/es\/wp-json\/wp\/v2\/product"}],"about":[{"href":"https:\/\/happy-caps.com\/es\/wp-json\/wp\/v2\/types\/product"}],"replies":[{"embeddable":true,"href":"https:\/\/happy-caps.com\/es\/wp-json\/wp\/v2\/comments?post=1528"}],"version-history":[{"count":5,"href":"https:\/\/happy-caps.com\/es\/wp-json\/wp\/v2\/product\/1528\/revisions"}],"predecessor-version":[{"id":7960,"href":"https:\/\/happy-caps.com\/es\/wp-json\/wp\/v2\/product\/1528\/revisions\/7960"}],"wp:featuredmedia":[{"embeddable":true,"href":"https:\/\/happy-caps.com\/es\/wp-json\/wp\/v2\/media\/5838"}],"wp:attachment":[{"href":"https:\/\/happy-caps.com\/es\/wp-json\/wp\/v2\/media?parent=1528"}],"wp:term":[{"taxonomy":"product_brand","embeddable":true,"href":"https:\/\/happy-caps.com\/es\/wp-json\/wp\/v2\/product_brand?post=1528"},{"taxonomy":"product_cat","embeddable":true,"href":"https:\/\/happy-caps.com\/es\/wp-json\/wp\/v2\/product_cat?post=1528"},{"taxonomy":"product_tag","embeddable":true,"href":"https:\/\/happy-caps.com\/es\/wp-json\/wp\/v2\/product_tag?post=1528"}],"curies":[{"name":"wp","href":"https:\/\/api.w.org\/{rel}","templated":true}]}}