{"id":1530,"date":"2025-03-17T15:13:34","date_gmt":"2025-03-17T14:13:34","guid":{"rendered":"https:\/\/happy-caps.com\/?post_type=product&#038;p=1530"},"modified":"2025-07-29T16:56:18","modified_gmt":"2025-07-29T14:56:18","slug":"relax-e-caps","status":"publish","type":"product","link":"https:\/\/happy-caps.com\/es\/producto\/relax-e-caps\/","title":{"rendered":"RELAX-E C\u00e1psulas"},"content":{"rendered":"<p><span style=\"font-weight: 400;\">Potencie la Vida, \u00a1Vivida Plenamente! Experimente la Serenidad Profunda con RELAX-E y desbloquee la Tranquilidad Pura.<\/span><\/p>","protected":false},"excerpt":{"rendered":"<p>Este producto est\u00e1 dise\u00f1ado para ayudarle a reducir la velocidad, liberar tensiones y crear espacio para la calma, de forma suave y natural.<br \/>\nRelax-E de Happy Caps es una capsule a base de plantas hecha para las noches suaves, pausas conscientes, o simplemente dejar ir el d\u00eda. Sin niebla, sin sedaci\u00f3n pesada - s\u00f3lo un momento suave y tranquilo en forma capsule.<\/p>\n<p>Formulado con ingredientes como GABA, L-teanina y magnesio, Relax-E es a menudo elegido por aquellos que valoran la paz, la presencia y un ritmo m\u00e1s suave. Ya sea para relajarse despu\u00e9s del trabajo o para crear un ambiente de calma antes de acostarse, esta capsule est\u00e1 hecha para satisfacer ese momento.<\/p>","protected":false},"featured_media":553,"comment_status":"open","ping_status":"closed","template":"","meta":{"_acf_changed":false},"product_brand":[18],"product_cat":[20,255],"product_tag":[],"class_list":{"0":"post-1530","1":"product","2":"type-product","3":"status-publish","4":"has-post-thumbnail","6":"product_brand-happy-caps","7":"product_cat-capsules","8":"product_cat-collection","9":"product_shipping_class-brievenbus","11":"first","12":"outofstock","13":"taxable","14":"shipping-taxable","15":"purchasable","16":"product-type-simple"},"acf":[],"_links":{"self":[{"href":"https:\/\/happy-caps.com\/es\/wp-json\/wp\/v2\/product\/1530","targetHints":{"allow":["GET"]}}],"collection":[{"href":"https:\/\/happy-caps.com\/es\/wp-json\/wp\/v2\/product"}],"about":[{"href":"https:\/\/happy-caps.com\/es\/wp-json\/wp\/v2\/types\/product"}],"replies":[{"embeddable":true,"href":"https:\/\/happy-caps.com\/es\/wp-json\/wp\/v2\/comments?post=1530"}],"version-history":[{"count":5,"href":"https:\/\/happy-caps.com\/es\/wp-json\/wp\/v2\/product\/1530\/revisions"}],"predecessor-version":[{"id":6766,"href":"https:\/\/happy-caps.com\/es\/wp-json\/wp\/v2\/product\/1530\/revisions\/6766"}],"wp:featuredmedia":[{"embeddable":true,"href":"https:\/\/happy-caps.com\/es\/wp-json\/wp\/v2\/media\/553"}],"wp:attachment":[{"href":"https:\/\/happy-caps.com\/es\/wp-json\/wp\/v2\/media?parent=1530"}],"wp:term":[{"taxonomy":"product_brand","embeddable":true,"href":"https:\/\/happy-caps.com\/es\/wp-json\/wp\/v2\/product_brand?post=1530"},{"taxonomy":"product_cat","embeddable":true,"href":"https:\/\/happy-caps.com\/es\/wp-json\/wp\/v2\/product_cat?post=1530"},{"taxonomy":"product_tag","embeddable":true,"href":"https:\/\/happy-caps.com\/es\/wp-json\/wp\/v2\/product_tag?post=1530"}],"curies":[{"name":"wp","href":"https:\/\/api.w.org\/{rel}","templated":true}]}}