{"id":185,"date":"2025-02-27T16:13:21","date_gmt":"2025-02-27T15:13:21","guid":{"rendered":"https:\/\/happy-caps.com\/?post_type=product&#038;p=185"},"modified":"2026-03-27T18:29:26","modified_gmt":"2026-03-27T17:29:26","slug":"gorras-party-e","status":"publish","type":"product","link":"https:\/\/happy-caps.com\/es\/producto\/gorras-party-e\/","title":{"rendered":"Gorras PARTY-E"},"content":{"rendered":"<p><span style=\"font-weight: 400;\">Potencia la vida, \u00a1vivida plenamente! Experimenta una resistencia imparable con PARTY-E y desbloquea la m\u00e1xima emoci\u00f3n.<\/span><\/p>","protected":false},"excerpt":{"rendered":"<p>Este producto est\u00e1 dise\u00f1ado para dar energ\u00eda a la noche y levantar el \u00e1nimo: la combinaci\u00f3n perfecta para vivir momentos inolvidables.<br \/>\nParty-E es tu compa\u00f1ero de fiesta todo en uno: activador, a base de plantas y creado para el buen rollo. Sin colapsos ni pelusas, solo una experiencia vibrante que te mantiene sonriente, en movimiento y conectado.<\/p>\n<p>Formulado con una mezcla de acci\u00f3n r\u00e1pida de 5-hidroxitript\u00f3fano, teobromina y cafe\u00edna, Party-E est\u00e1 hecho para las noches sociales, bailar y sentirse vivo, dondequiera que te lleve la fiesta.<\/p>\n<p>If you want to compare more options, explore the full <a href=\"https:\/\/happy-caps.com\/es\/\">Happy Caps capsules collection.<\/a><\/p>","protected":false},"featured_media":5862,"comment_status":"open","ping_status":"closed","template":"","meta":{"_acf_changed":false},"product_brand":[18],"product_cat":[20,255],"product_tag":[121,119,118],"class_list":{"0":"post-185","1":"product","2":"type-product","3":"status-publish","4":"has-post-thumbnail","6":"product_brand-happy-caps","7":"product_cat-capsules","8":"product_cat-collection","9":"product_tag-concert","10":"product_tag-dance","11":"product_tag-festival","12":"product_shipping_class-brievenbus","14":"first","15":"instock","16":"taxable","17":"shipping-taxable","18":"purchasable","19":"product-type-simple"},"acf":[],"_links":{"self":[{"href":"https:\/\/happy-caps.com\/es\/wp-json\/wp\/v2\/product\/185","targetHints":{"allow":["GET"]}}],"collection":[{"href":"https:\/\/happy-caps.com\/es\/wp-json\/wp\/v2\/product"}],"about":[{"href":"https:\/\/happy-caps.com\/es\/wp-json\/wp\/v2\/types\/product"}],"replies":[{"embeddable":true,"href":"https:\/\/happy-caps.com\/es\/wp-json\/wp\/v2\/comments?post=185"}],"version-history":[{"count":5,"href":"https:\/\/happy-caps.com\/es\/wp-json\/wp\/v2\/product\/185\/revisions"}],"predecessor-version":[{"id":7942,"href":"https:\/\/happy-caps.com\/es\/wp-json\/wp\/v2\/product\/185\/revisions\/7942"}],"wp:featuredmedia":[{"embeddable":true,"href":"https:\/\/happy-caps.com\/es\/wp-json\/wp\/v2\/media\/5862"}],"wp:attachment":[{"href":"https:\/\/happy-caps.com\/es\/wp-json\/wp\/v2\/media?parent=185"}],"wp:term":[{"taxonomy":"product_brand","embeddable":true,"href":"https:\/\/happy-caps.com\/es\/wp-json\/wp\/v2\/product_brand?post=185"},{"taxonomy":"product_cat","embeddable":true,"href":"https:\/\/happy-caps.com\/es\/wp-json\/wp\/v2\/product_cat?post=185"},{"taxonomy":"product_tag","embeddable":true,"href":"https:\/\/happy-caps.com\/es\/wp-json\/wp\/v2\/product_tag?post=185"}],"curies":[{"name":"wp","href":"https:\/\/api.w.org\/{rel}","templated":true}]}}