{"id":2040,"date":"2025-03-21T14:00:09","date_gmt":"2025-03-21T13:00:09","guid":{"rendered":"https:\/\/happy-caps.com\/?post_type=product&#038;p=2040"},"modified":"2026-03-12T07:45:09","modified_gmt":"2026-03-12T06:45:09","slug":"melatonina-spray-fruta-de-la-pasion","status":"publish","type":"product","link":"https:\/\/happy-caps.com\/es\/product\/melatonin-spray-passion-fruit\/","title":{"rendered":"SPRAY PARA DORMIR MELATONIN - Fruta de la Pasi\u00f3n"},"content":{"rendered":"<p>Su atajo hacia noches mejores y ma\u00f1anas m\u00e1s luminosas.<\/p>","protected":false},"excerpt":{"rendered":"<p>Diga adi\u00f3s a las rutinas complicadas y a los voluminosos somn\u00edferos. Este spray de melatonina totalmente natural suele elegirse por su administraci\u00f3n r\u00e1pida y suave, que se absorbe a trav\u00e9s de la mucosa bucal: sin pastillas ni demoras. S\u00f3lo unas discretas pulverizaciones bajo la lengua para ayudar a establecer el tono para el descanso nocturno.<\/p>\n<p>Formulado con melatonina microdosificada en un frasco compacto y listo para viajar que se adapta perfectamente a su ritmo nocturno.<br \/>\nTanto si se est\u00e1 adaptando despu\u00e9s de un viaje, como si desea ralentizar una mente acelerada o simplemente prepararse para un sue\u00f1o tranquilo, este spray combina facilidad, sencillez y el ritmo de la naturaleza.<\/p>","protected":false},"featured_media":6802,"comment_status":"open","ping_status":"closed","template":"","meta":{"_acf_changed":false},"product_brand":[18],"product_cat":[23,255],"product_tag":[],"class_list":{"0":"post-2040","1":"product","2":"type-product","3":"status-publish","4":"has-post-thumbnail","6":"product_brand-happy-caps","7":"product_cat-sprays","8":"product_cat-collection","9":"product_shipping_class-brievenbus","11":"first","12":"instock","13":"taxable","14":"shipping-taxable","15":"purchasable","16":"product-type-simple"},"acf":[],"_links":{"self":[{"href":"https:\/\/happy-caps.com\/es\/wp-json\/wp\/v2\/product\/2040","targetHints":{"allow":["GET"]}}],"collection":[{"href":"https:\/\/happy-caps.com\/es\/wp-json\/wp\/v2\/product"}],"about":[{"href":"https:\/\/happy-caps.com\/es\/wp-json\/wp\/v2\/types\/product"}],"replies":[{"embeddable":true,"href":"https:\/\/happy-caps.com\/es\/wp-json\/wp\/v2\/comments?post=2040"}],"version-history":[{"count":5,"href":"https:\/\/happy-caps.com\/es\/wp-json\/wp\/v2\/product\/2040\/revisions"}],"predecessor-version":[{"id":6803,"href":"https:\/\/happy-caps.com\/es\/wp-json\/wp\/v2\/product\/2040\/revisions\/6803"}],"wp:featuredmedia":[{"embeddable":true,"href":"https:\/\/happy-caps.com\/es\/wp-json\/wp\/v2\/media\/6802"}],"wp:attachment":[{"href":"https:\/\/happy-caps.com\/es\/wp-json\/wp\/v2\/media?parent=2040"}],"wp:term":[{"taxonomy":"product_brand","embeddable":true,"href":"https:\/\/happy-caps.com\/es\/wp-json\/wp\/v2\/product_brand?post=2040"},{"taxonomy":"product_cat","embeddable":true,"href":"https:\/\/happy-caps.com\/es\/wp-json\/wp\/v2\/product_cat?post=2040"},{"taxonomy":"product_tag","embeddable":true,"href":"https:\/\/happy-caps.com\/es\/wp-json\/wp\/v2\/product_tag?post=2040"}],"curies":[{"name":"wp","href":"https:\/\/api.w.org\/{rel}","templated":true}]}}