{"id":2051,"date":"2025-03-21T15:05:16","date_gmt":"2025-03-21T14:05:16","guid":{"rendered":"https:\/\/happy-caps.com\/?post_type=product&#038;p=2051"},"modified":"2026-03-12T07:45:09","modified_gmt":"2026-03-12T06:45:09","slug":"kratom-spray-energizante","status":"publish","type":"product","link":"https:\/\/happy-caps.com\/es\/producto\/kratom-spray-energizante\/","title":{"rendered":"KRATOM SPRAY - Energizante"},"content":{"rendered":"<p><i><span style=\"font-weight: 400;\">\"Tu energ\u00eda diaria, de bolsillo y vegetal\".<\/span><\/i><\/p>","protected":false},"excerpt":{"rendered":"<p>\u00bfBuscas un cambio r\u00e1pido de ritmo? Este spray bot\u00e1nico ofrece una sensaci\u00f3n fresca y atrevida que suele elegirse para estar alerta en cualquier momento, ya sea un d\u00eda ajetreado, una noche larga o un momento intermedio.<\/p>\n<p>Formulado con extracto de kratom de alta calidad e ingredientes vegetales de r\u00e1pida absorci\u00f3n, Happy Caps Kratom Spray es una opci\u00f3n port\u00e1til dise\u00f1ada para su uso sobre la marcha.<br \/>\nSu formato compacto facilita tenerlo siempre a mano: en el trabajo, de viaje o en cualquier momento en que desee cambiar de ritmo.<\/p>","protected":false},"featured_media":6806,"comment_status":"open","ping_status":"closed","template":"","meta":{"_acf_changed":false},"product_brand":[18],"product_cat":[23,255],"product_tag":[],"class_list":{"0":"post-2051","1":"product","2":"type-product","3":"status-publish","4":"has-post-thumbnail","6":"product_brand-happy-caps","7":"product_cat-sprays","8":"product_cat-collection","9":"product_shipping_class-brievenbus","11":"first","12":"instock","13":"taxable","14":"shipping-taxable","15":"purchasable","16":"product-type-simple"},"acf":[],"_links":{"self":[{"href":"https:\/\/happy-caps.com\/es\/wp-json\/wp\/v2\/product\/2051","targetHints":{"allow":["GET"]}}],"collection":[{"href":"https:\/\/happy-caps.com\/es\/wp-json\/wp\/v2\/product"}],"about":[{"href":"https:\/\/happy-caps.com\/es\/wp-json\/wp\/v2\/types\/product"}],"replies":[{"embeddable":true,"href":"https:\/\/happy-caps.com\/es\/wp-json\/wp\/v2\/comments?post=2051"}],"version-history":[{"count":5,"href":"https:\/\/happy-caps.com\/es\/wp-json\/wp\/v2\/product\/2051\/revisions"}],"predecessor-version":[{"id":7860,"href":"https:\/\/happy-caps.com\/es\/wp-json\/wp\/v2\/product\/2051\/revisions\/7860"}],"wp:featuredmedia":[{"embeddable":true,"href":"https:\/\/happy-caps.com\/es\/wp-json\/wp\/v2\/media\/6806"}],"wp:attachment":[{"href":"https:\/\/happy-caps.com\/es\/wp-json\/wp\/v2\/media?parent=2051"}],"wp:term":[{"taxonomy":"product_brand","embeddable":true,"href":"https:\/\/happy-caps.com\/es\/wp-json\/wp\/v2\/product_brand?post=2051"},{"taxonomy":"product_cat","embeddable":true,"href":"https:\/\/happy-caps.com\/es\/wp-json\/wp\/v2\/product_cat?post=2051"},{"taxonomy":"product_tag","embeddable":true,"href":"https:\/\/happy-caps.com\/es\/wp-json\/wp\/v2\/product_tag?post=2051"}],"curies":[{"name":"wp","href":"https:\/\/api.w.org\/{rel}","templated":true}]}}