{"id":1508,"date":"2025-03-16T18:44:22","date_gmt":"2025-03-16T17:44:22","guid":{"rendered":"https:\/\/happy-caps.com\/?page_id=1508"},"modified":"2025-05-19T16:10:48","modified_gmt":"2025-05-19T15:10:48","slug":"conformite-a-lue","status":"publish","type":"page","link":"https:\/\/happy-caps.com\/fr\/conformite-a-lue\/","title":{"rendered":"Conformit\u00e9 avec l'UE"},"content":{"rendered":"<div data-elementor-type=\"wp-page\" data-elementor-id=\"1508\" class=\"elementor elementor-1508\" data-elementor-post-type=\"page\">\n\t\t\t\t<div class=\"elementor-element elementor-element-2a8a8a50 e-flex e-con-boxed e-con e-parent\" data-id=\"2a8a8a50\" data-element_type=\"container\">\n\t\t\t\t\t<div class=\"e-con-inner\">\n\t\t\t\t<div class=\"elementor-element elementor-element-467aedb9 elementor-widget elementor-widget-text-editor\" data-id=\"467aedb9\" data-element_type=\"widget\" data-widget_type=\"text-editor.default\">\n\t\t\t\t<div class=\"elementor-widget-container\">\n\t\t\t\t\t\t\t\t\t<h2>\u2b50 Une qualit\u00e9 \u00e0 laquelle vous pouvez faire confiance<\/h2>\n<p>Chez Happy Caps, la s\u00e9curit\u00e9, la transparence, la qualit\u00e9 et la conformit\u00e9 ne sont jamais des pr\u00e9occupations secondaires - elles sont \u00e0 la base de tout ce que nous faisons. C'est pourquoi nous sommes fiers de respecter les normes de fabrication et de s\u00e9curit\u00e9 les plus strictes au monde. Nos installations de production sont certifi\u00e9es GMP (Good Manufacturing Practice) et HACCP (Hazard Analysis and Critical Control Points). Pour nous, il ne s'agit pas seulement de certifications, mais de promesses. Des promesses selon lesquelles chaque produit Happy Caps est fabriqu\u00e9 avec pr\u00e9cision, soin et dans le plus grand respect de votre bien-\u00eatre.<\/p>\n<p>De l'approvisionnement en ingr\u00e9dients bruts \u00e0 l'emballage et \u00e0 l'\u00e9tiquetage, chaque \u00e9tape de notre processus est \u00e9troitement contr\u00f4l\u00e9e et continuellement surveill\u00e9e afin de garantir une qualit\u00e9 constante. Gr\u00e2ce aux BPF et \u00e0 l'HACCP, nous nous assurons que nos produits sont non seulement efficaces, mais aussi s\u00fbrs, tra\u00e7ables et fabriqu\u00e9s de mani\u00e8re responsable.<\/p>\t\t\t\t\t\t\t\t<\/div>\n\t\t\t\t<\/div>\n\t\t\t\t<div class=\"elementor-element elementor-element-925073a elementor-widget-divider--view-line elementor-widget elementor-widget-divider\" data-id=\"925073a\" data-element_type=\"widget\" data-widget_type=\"divider.default\">\n\t\t\t\t<div class=\"elementor-widget-container\">\n\t\t\t\t\t\t\t<div class=\"elementor-divider\">\n\t\t\t<span class=\"elementor-divider-separator\">\n\t\t\t\t\t\t<\/span>\n\t\t<\/div>\n\t\t\t\t\t\t<\/div>\n\t\t\t\t<\/div>\n\t\t\t\t<div class=\"elementor-element elementor-element-6bfe5e7 elementor-widget elementor-widget-heading\" data-id=\"6bfe5e7\" data-element_type=\"widget\" data-widget_type=\"heading.default\">\n\t\t\t\t<div class=\"elementor-widget-container\">\n\t\t\t\t\t<h2 class=\"elementor-heading-title elementor-size-default\">\u2753 Questions fr\u00e9quemment pos\u00e9es<\/h2>\t\t\t\t<\/div>\n\t\t\t\t<\/div>\n\t\t\t\t<div class=\"elementor-element elementor-element-af42d80 elementor-widget elementor-widget-n-accordion\" data-id=\"af42d80\" data-element_type=\"widget\" data-settings=\"{&quot;default_state&quot;:&quot;expanded&quot;,&quot;max_items_expended&quot;:&quot;one&quot;,&quot;n_accordion_animation_duration&quot;:{&quot;unit&quot;:&quot;ms&quot;,&quot;size&quot;:400,&quot;sizes&quot;:[]}}\" data-widget_type=\"nested-accordion.default\">\n\t\t\t\t<div class=\"elementor-widget-container\">\n\t\t\t\t\t\t\t<div class=\"e-n-accordion\" aria-label=\"Accord\u00e9on. Ouvrez les liens avec Enter ou Space, fermez-les avec Escape et naviguez avec les touches fl\u00e9ch\u00e9es.\">\n\t\t\t\t\t\t<details id=\"e-n-accordion-item-1830\" class=\"e-n-accordion-item\" open>\n\t\t\t\t<summary class=\"e-n-accordion-item-title\" data-accordion-index=\"1\" tabindex=\"0\" aria-expanded=\"true\" aria-controls=\"e-n-accordion-item-1830\" >\n\t\t\t\t\t<span class='e-n-accordion-item-title-header'><div class=\"e-n-accordion-item-title-text\"> O\u00f9 puis-je trouver les documents de conformit\u00e9 ? <\/div><\/span>\n\t\t\t\t\t\t\t<span class='e-n-accordion-item-title-icon'>\n\t\t\t<span class='e-opened' ><svg aria-hidden=\"true\" class=\"e-font-icon-svg e-fas-minus\" viewbox=\"0 0 448 512\" xmlns=\"http:\/\/www.w3.org\/2000\/svg\"><path d=\"M416 208H32c-17.67 0-32 14.33-32 32v32c0 17.67 14.33 32 32 32h384c17.67 0 32-14.33 32-32v-32c0-17.67-14.33-32-32-32z\"><\/path><\/svg><\/span>\n\t\t\t<span class='e-closed'><svg aria-hidden=\"true\" class=\"e-font-icon-svg e-fas-plus\" viewbox=\"0 0 448 512\" xmlns=\"http:\/\/www.w3.org\/2000\/svg\"><path d=\"M416 208H272V64c0-17.67-14.33-32-32-32h-32c-17.67 0-32 14.33-32 32v144H32c-17.67 0-32 14.33-32 32v32c0 17.67 14.33 32 32 32h144v144c0 17.67 14.33 32 32 32h32c17.67 0 32-14.33 32-32V304h144c17.67 0 32-14.33 32-32v-32c0-17.67-14.33-32-32-32z\"><\/path><\/svg><\/span>\n\t\t<\/span>\n\n\t\t\t\t\t\t<\/summary>\n\t\t\t\t<div role=\"region\" aria-labelledby=\"e-n-accordion-item-1830\" class=\"elementor-element elementor-element-f58ca0b e-flex e-con-boxed e-con e-child\" data-id=\"f58ca0b\" data-element_type=\"container\">\n\t\t\t\t\t<div class=\"e-con-inner\">\n\t\t\t\t<div class=\"elementor-element elementor-element-8305b7b elementor-widget elementor-widget-text-editor\" data-id=\"8305b7b\" data-element_type=\"widget\" data-widget_type=\"text-editor.default\">\n\t\t\t\t<div class=\"elementor-widget-container\">\n\t\t\t\t\t\t\t\t\t<p>Visitez notre <a href=\"\/fr\/categorie\/documents\/\"><strong>Documents<\/strong><\/a> pour tous les documents juridiques et relatifs \u00e0 la conformit\u00e9.<\/p>\t\t\t\t\t\t\t\t<\/div>\n\t\t\t\t<\/div>\n\t\t\t\t\t<\/div>\n\t\t\t\t<\/div>\n\t\t\t\t\t<\/details>\n\t\t\t\t\t\t<details id=\"e-n-accordion-item-1831\" class=\"e-n-accordion-item\" >\n\t\t\t\t<summary class=\"e-n-accordion-item-title\" data-accordion-index=\"2\" tabindex=\"-1\" aria-expanded=\"false\" aria-controls=\"e-n-accordion-item-1831\" >\n\t\t\t\t\t<span class='e-n-accordion-item-title-header'><div class=\"e-n-accordion-item-title-text\"> Happy Caps est-il conforme dans mon pays ? <\/div><\/span>\n\t\t\t\t\t\t\t<span class='e-n-accordion-item-title-icon'>\n\t\t\t<span class='e-opened' ><svg aria-hidden=\"true\" class=\"e-font-icon-svg e-fas-minus\" viewbox=\"0 0 448 512\" xmlns=\"http:\/\/www.w3.org\/2000\/svg\"><path d=\"M416 208H32c-17.67 0-32 14.33-32 32v32c0 17.67 14.33 32 32 32h384c17.67 0 32-14.33 32-32v-32c0-17.67-14.33-32-32-32z\"><\/path><\/svg><\/span>\n\t\t\t<span class='e-closed'><svg aria-hidden=\"true\" class=\"e-font-icon-svg e-fas-plus\" viewbox=\"0 0 448 512\" xmlns=\"http:\/\/www.w3.org\/2000\/svg\"><path d=\"M416 208H272V64c0-17.67-14.33-32-32-32h-32c-17.67 0-32 14.33-32 32v144H32c-17.67 0-32 14.33-32 32v32c0 17.67 14.33 32 32 32h144v144c0 17.67 14.33 32 32 32h32c17.67 0 32-14.33 32-32V304h144c17.67 0 32-14.33 32-32v-32c0-17.67-14.33-32-32-32z\"><\/path><\/svg><\/span>\n\t\t<\/span>\n\n\t\t\t\t\t\t<\/summary>\n\t\t\t\t<div role=\"region\" aria-labelledby=\"e-n-accordion-item-1831\" class=\"elementor-element elementor-element-e635272 e-con-full e-flex e-con e-child\" data-id=\"e635272\" data-element_type=\"container\">\n\t\t\t\t<div class=\"elementor-element elementor-element-e1a5a30 elementor-widget elementor-widget-text-editor\" data-id=\"e1a5a30\" data-element_type=\"widget\" data-widget_type=\"text-editor.default\">\n\t\t\t\t<div class=\"elementor-widget-container\">\n\t\t\t\t\t\t\t\t\t<p>Happy Caps est\u00a0<strong>pleinement conforme<\/strong> dans les pays suivants :<\/p>\t\t\t\t\t\t\t\t<\/div>\n\t\t\t\t<\/div>\n\t\t\t\t<div class=\"elementor-element elementor-element-eb9d4fd elementor-widget elementor-widget-text-editor\" data-id=\"eb9d4fd\" data-element_type=\"widget\" data-widget_type=\"text-editor.default\">\n\t\t\t\t<div class=\"elementor-widget-container\">\n\t\t\t\t\t\t\t\t\t<ul><li>Autriche<\/li><li>Belgique<\/li><li>Bulgarie<\/li><li>Croatie<\/li><li>R\u00e9publique tch\u00e8que<\/li><li>Danemark<\/li><li>Estonie<\/li><li>Finlande<\/li><li>France<\/li><li>Allemagne<\/li><li>Gr\u00e8ce<\/li><li>Hongrie<\/li><li>Islande<\/li><li>Irlande<\/li><li>Italie<\/li><li>Lettonie<\/li><li>Lituanie<\/li><li>Luxembourg<\/li><li>Pays-Bas<\/li><li>Norv\u00e8ge<\/li><li>Pologne<\/li><li>Portugal<\/li><li>Roumanie<\/li><li>Slov\u00e9nie<\/li><li>Slovaquie<\/li><li>Espagne<\/li><li>Su\u00e8de<\/li><li>Suisse<\/li><\/ul>\t\t\t\t\t\t\t\t<\/div>\n\t\t\t\t<\/div>\n\t\t\t\t<\/div>\n\t\t\t\t\t<\/details>\n\t\t\t\t\t\t<details id=\"e-n-accordion-item-1832\" class=\"e-n-accordion-item\" >\n\t\t\t\t<summary class=\"e-n-accordion-item-title\" data-accordion-index=\"3\" tabindex=\"-1\" aria-expanded=\"false\" aria-controls=\"e-n-accordion-item-1832\" >\n\t\t\t\t\t<span class='e-n-accordion-item-title-header'><div class=\"e-n-accordion-item-title-text\"> L\u00e9gislation locale <\/div><\/span>\n\t\t\t\t\t\t\t<span class='e-n-accordion-item-title-icon'>\n\t\t\t<span class='e-opened' ><svg aria-hidden=\"true\" class=\"e-font-icon-svg e-fas-minus\" viewbox=\"0 0 448 512\" xmlns=\"http:\/\/www.w3.org\/2000\/svg\"><path d=\"M416 208H32c-17.67 0-32 14.33-32 32v32c0 17.67 14.33 32 32 32h384c17.67 0 32-14.33 32-32v-32c0-17.67-14.33-32-32-32z\"><\/path><\/svg><\/span>\n\t\t\t<span class='e-closed'><svg aria-hidden=\"true\" class=\"e-font-icon-svg e-fas-plus\" viewbox=\"0 0 448 512\" xmlns=\"http:\/\/www.w3.org\/2000\/svg\"><path d=\"M416 208H272V64c0-17.67-14.33-32-32-32h-32c-17.67 0-32 14.33-32 32v144H32c-17.67 0-32 14.33-32 32v32c0 17.67 14.33 32 32 32h144v144c0 17.67 14.33 32 32 32h32c17.67 0 32-14.33 32-32V304h144c17.67 0 32-14.33 32-32v-32c0-17.67-14.33-32-32-32z\"><\/path><\/svg><\/span>\n\t\t<\/span>\n\n\t\t\t\t\t\t<\/summary>\n\t\t\t\t<div role=\"region\" aria-labelledby=\"e-n-accordion-item-1832\" class=\"elementor-element elementor-element-27174c9 e-flex e-con-boxed e-con e-child\" data-id=\"27174c9\" data-element_type=\"container\">\n\t\t\t\t\t<div class=\"e-con-inner\">\n\t\t\t\t<div class=\"elementor-element elementor-element-62af7d6 elementor-widget elementor-widget-text-editor\" data-id=\"62af7d6\" data-element_type=\"widget\" data-widget_type=\"text-editor.default\">\n\t\t\t\t<div class=\"elementor-widget-container\">\n\t\t\t\t\t\t\t\t\t<p data-start=\"129\" data-end=\"464\"><span class=\"_fadeIn_pfttw_8\">Au <\/span><span class=\"_fadeIn_pfttw_8\">Heureux <\/span><span class=\"_fadeIn_pfttw_8\">Casquettes, <\/span><span class=\"_fadeIn_pfttw_8\">nous <\/span><span class=\"_fadeIn_pfttw_8\">prendre <\/span><span class=\"_fadeIn_pfttw_8\">grand <\/span><span class=\"_fadeIn_pfttw_8\">soins <\/span><span class=\"_fadeIn_pfttw_8\">\u00e0 <\/span><span class=\"_fadeIn_pfttw_8\">garantir <\/span><span class=\"_fadeIn_pfttw_8\">que <\/span><span class=\"_fadeIn_pfttw_8\">notre <\/span><span class=\"_fadeIn_pfttw_8\">produits <\/span><span class=\"_fadeIn_pfttw_8\">se conformer <\/span><span class=\"_fadeIn_pfttw_8\">avec <\/span><span class=\"_fadeIn_pfttw_8\">N\u00e9erlandais <\/span><span class=\"_fadeIn_pfttw_8\">lois <\/span><span class=\"_fadeIn_pfttw_8\">et <\/span><span class=\"_fadeIn_pfttw_8\">des r\u00e8glements. <\/span><span class=\"_fadeIn_pfttw_8\">Cependant, <\/span><span class=\"_fadeIn_pfttw_8\">chacun <\/span><span class=\"_fadeIn_pfttw_8\">client <\/span><span class=\"_fadeIn_pfttw_8\">est <\/span><span class=\"_fadeIn_pfttw_8\">responsable <\/span><span class=\"_fadeIn_pfttw_8\">pour <\/span><span class=\"_fadeIn_pfttw_8\">savoir <\/span><span class=\"_fadeIn_pfttw_8\">et <\/span><span class=\"_fadeIn_pfttw_8\">compr\u00e9hension <\/span><span class=\"_fadeIn_pfttw_8\">les <\/span><span class=\"_fadeIn_pfttw_8\">local <\/span><span class=\"_fadeIn_pfttw_8\">lois <\/span><span class=\"_fadeIn_pfttw_8\">en <\/span><span class=\"_fadeIn_pfttw_8\">leur <\/span><span class=\"_fadeIn_pfttw_8\">propre <\/span><span class=\"_fadeIn_pfttw_8\">pays. <\/span><span class=\"_fadeIn_pfttw_8\">Heureux <\/span><span class=\"_fadeIn_pfttw_8\">Caps <\/span><span class=\"_fadeIn_pfttw_8\">ne peut pas <\/span><span class=\"_fadeIn_pfttw_8\">\u00eatre <\/span><span class=\"_fadeIn_pfttw_8\">d\u00e9tenu <\/span><span class=\"_fadeIn_pfttw_8\">responsable <\/span><span class=\"_fadeIn_pfttw_8\">pour <\/span><span class=\"_fadeIn_pfttw_8\">comment <\/span><span class=\"_fadeIn_pfttw_8\">notre <\/span><span class=\"_fadeIn_pfttw_8\">produits <\/span><span class=\"_fadeIn_pfttw_8\">sont <\/span><span class=\"_fadeIn_pfttw_8\">utilis\u00e9 <\/span><span class=\"_fadeIn_pfttw_8\">ou <\/span><span class=\"_fadeIn_pfttw_8\">interpr\u00e9t\u00e9es <\/span><span class=\"_fadeIn_pfttw_8\">sous <\/span><span class=\"_fadeIn_pfttw_8\">internationale <\/span><span class=\"_fadeIn_pfttw_8\">lois.<\/span><\/p><p data-start=\"466\" data-end=\"526\"><span class=\"_fadeIn_pfttw_8\">S'il vous pla\u00eet <\/span><span class=\"_fadeIn_pfttw_8\">v\u00e9rifier <\/span><span class=\"_fadeIn_pfttw_8\">votre <\/span><span class=\"_fadeIn_pfttw_8\">local <\/span><span class=\"_fadeIn_pfttw_8\">r\u00e8glements <\/span><span class=\"_fadeIn_pfttw_8\">avant <\/span><span class=\"_fadeIn_pfttw_8\">mise en place <\/span><span class=\"_fadeIn_pfttw_8\">un <\/span><span class=\"_fadeIn_pfttw_8\">l'ordre.<\/span><\/p>\t\t\t\t\t\t\t\t<\/div>\n\t\t\t\t<\/div>\n\t\t\t\t\t<\/div>\n\t\t\t\t<\/div>\n\t\t\t\t\t<\/details>\n\t\t\t\t\t<\/div>\n\t\t\t\t\t<script type=\"application\/ld+json\">{\n    \"@context\": \"https:\\\/\\\/schema.org\",\n    \"@type\": \"FAQPage\",\n    \"mainEntity\": [\n        {\n            \"@type\": \"Question\",\n            \"name\": \"Where can I find the compliance documents?\",\n            \"acceptedAnswer\": {\n                \"@type\": \"Answer\",\n                \"text\": \"Visit our Documents section for all legal and compliance-related documents.\"\n            }\n        },\n        {\n            \"@type\": \"Question\",\n            \"name\": \"Is Happy Caps compliant in my country?\",\n            \"acceptedAnswer\": {\n                \"@type\": \"Answer\",\n                \"text\": \"Happy Caps is\\u00a0fully compliant in the following countries:\\t\\t\\t\\t\\t\\t\\t\\t\\n\\t\\t\\t\\t\\n\\t\\t\\t\\t\\n\\t\\t\\t\\t\\n\\t\\t\\t\\t\\t\\t\\t\\t\\tAustriaBelgiumBulgariaCroatiaCzech RepublicDenmarkEstoniaFinlandFranceGermanyGreeceHungaryIcelandIrelandItalyLatviaLithuaniaLuxembourgNetherlandsNorwayPolandPortugalRomaniaSloveniaSlovakiaSpainSwedenSwitzerland\"\n            }\n        },\n        {\n            \"@type\": \"Question\",\n            \"name\": \"Local Laws\",\n            \"acceptedAnswer\": {\n                \"@type\": \"Answer\",\n                \"text\": \"At Happy Caps, we take great care to ensure that our products comply with Dutch laws and regulations. However, each customer is responsible for knowing and understanding the local laws in their own country. Happy Caps cannot be held liable for how our products are used or interpreted under international laws.Please check your local regulations before placing an order.\"\n            }\n        }\n    ]\n}<\/script>\n\t\t\t\t\t\t\t<\/div>\n\t\t\t\t<\/div>\n\t\t\t\t<div class=\"elementor-element elementor-element-c1d4f1a elementor-widget-divider--view-line elementor-widget elementor-widget-divider\" data-id=\"c1d4f1a\" data-element_type=\"widget\" data-widget_type=\"divider.default\">\n\t\t\t\t<div class=\"elementor-widget-container\">\n\t\t\t\t\t\t\t<div class=\"elementor-divider\">\n\t\t\t<span class=\"elementor-divider-separator\">\n\t\t\t\t\t\t<\/span>\n\t\t<\/div>\n\t\t\t\t\t\t<\/div>\n\t\t\t\t<\/div>\n\t\t\t\t<div class=\"elementor-element elementor-element-f87ffd5 elementor-widget elementor-widget-text-editor\" data-id=\"f87ffd5\" data-element_type=\"widget\" data-widget_type=\"text-editor.default\">\n\t\t\t\t<div class=\"elementor-widget-container\">\n\t\t\t\t\t\t\t\t\t<h2>\ud83c\udf20 Au-del\u00e0 de la norme<\/h2>\n<p>Si les BPF et l'HACCP repr\u00e9sentent le plus haut niveau de conformit\u00e9 r\u00e9glementaire, nous pensons que notre responsabilit\u00e9 va plus loin. C'est pourquoi nous nous sommes engag\u00e9s \u00e0 obtenir un large \u00e9ventail de certifications suppl\u00e9mentaires qui refl\u00e8tent nos valeurs et la diversit\u00e9 de notre communaut\u00e9 :<\/p>\n<ul>\n<li><strong>Certifi\u00e9 ISO :<\/strong> Syst\u00e8mes internationalement reconnus de gestion de la qualit\u00e9 et de la s\u00e9curit\u00e9 alimentaire.<\/li>\n<li><strong>Enregistr\u00e9 aupr\u00e8s de la FDA et marqu\u00e9 CE :<\/strong> Conformit\u00e9 aux normes de la Food &amp; Drug Administration des \u00c9tats-Unis et aux normes europ\u00e9ennes en mati\u00e8re de sant\u00e9 et de s\u00e9curit\u00e9.<\/li>\n<li><strong>Informed Sport &amp; Informed Choice (Trusted by Sport) (Sport \u00e9clair\u00e9 et choix \u00e9clair\u00e9) :<\/strong> Garantir que nos produits sont exempts de substances interdites et s\u00fbrs pour les athl\u00e8tes.<\/li>\n<li><strong>Certification biologique de l'UE :<\/strong> Engagement en faveur d'un approvisionnement propre, respectueux de l'environnement et sans produits chimiques.<\/li>\n<li><strong>V-Label (certification v\u00e9gane europ\u00e9enne) :<\/strong> Soutenir les modes de vie \u00e0 base de plantes et les choix \u00e9thiques des consommateurs.<\/li>\n<\/ul>\n<p>Ces certifications ne sont pas des cases \u00e0 cocher, elles repr\u00e9sentent notre mission profonde qui consiste \u00e0 <strong>remplacer les habitudes n\u00e9fastes par des alternatives naturelles qui \u00e9l\u00e8vent l'esprit, le corps et l'\u00e2me.<\/strong> Chaque capsule, spray et m\u00e9lange que nous cr\u00e9ons repose sur cette intention.<\/p>\t\t\t\t\t\t\t\t<\/div>\n\t\t\t\t<\/div>\n\t\t\t\t<div class=\"elementor-element elementor-element-4bfb0a0 elementor-widget elementor-widget-text-editor\" data-id=\"4bfb0a0\" data-element_type=\"widget\" data-widget_type=\"text-editor.default\">\n\t\t\t\t<div class=\"elementor-widget-container\">\n\t\t\t\t\t\t\t\t\t<h2>\ud83c\udf31 Un but \u00e0 atteindre<\/h2>\n<p>Happy Caps existe pour d\u00e9fier le statu quo. Nous repr\u00e9sentons un nouveau mode de vie : dynamique, intentionnel et sans compromis. La conformit\u00e9 n'est pas une question de r\u00e9glementation, c'est une question de respect - respect de votre sant\u00e9, respect de la nature, respect des anciennes traditions qui inspirent nos formules et respect de l'avenir que nous contribuons \u00e0 construire.<\/p>\n<p>C'est pourquoi nous allons au-del\u00e0 des exigences du secteur. Non pas par obligation, mais parce que vous le m\u00e9ritez.<\/p>\t\t\t\t\t\t\t\t<\/div>\n\t\t\t\t<\/div>\n\t\t\t\t\t<\/div>\n\t\t\t\t<\/div>\n\t\t\t\t<\/div>","protected":false},"excerpt":{"rendered":"<p>Chez Happy Caps, nous allons au-del\u00e0 de la conformit\u00e9 - avec les certifications GMP et HACCP au c\u0153ur de notre activit\u00e9 et un ensemble complet de normes internationales fiables, nous garantissons des produits propres, s\u00fbrs et fabriqu\u00e9s de mani\u00e8re consciente, sur lesquels vous pouvez compter.<\/p>","protected":false},"author":2,"featured_media":3232,"parent":0,"menu_order":0,"comment_status":"closed","ping_status":"closed","template":"","meta":{"_acf_changed":false,"footnotes":""},"class_list":["post-1508","page","type-page","status-publish","has-post-thumbnail","hentry"],"acf":[],"_links":{"self":[{"href":"https:\/\/happy-caps.com\/fr\/wp-json\/wp\/v2\/pages\/1508","targetHints":{"allow":["GET"]}}],"collection":[{"href":"https:\/\/happy-caps.com\/fr\/wp-json\/wp\/v2\/pages"}],"about":[{"href":"https:\/\/happy-caps.com\/fr\/wp-json\/wp\/v2\/types\/page"}],"author":[{"embeddable":true,"href":"https:\/\/happy-caps.com\/fr\/wp-json\/wp\/v2\/users\/2"}],"replies":[{"embeddable":true,"href":"https:\/\/happy-caps.com\/fr\/wp-json\/wp\/v2\/comments?post=1508"}],"version-history":[{"count":5,"href":"https:\/\/happy-caps.com\/fr\/wp-json\/wp\/v2\/pages\/1508\/revisions"}],"predecessor-version":[{"id":5780,"href":"https:\/\/happy-caps.com\/fr\/wp-json\/wp\/v2\/pages\/1508\/revisions\/5780"}],"wp:featuredmedia":[{"embeddable":true,"href":"https:\/\/happy-caps.com\/fr\/wp-json\/wp\/v2\/media\/3232"}],"wp:attachment":[{"href":"https:\/\/happy-caps.com\/fr\/wp-json\/wp\/v2\/media?parent=1508"}],"curies":[{"name":"wp","href":"https:\/\/api.w.org\/{rel}","templated":true}]}}