{"id":2023,"date":"2025-03-21T13:13:07","date_gmt":"2025-03-21T12:13:07","guid":{"rendered":"https:\/\/happy-caps.com\/?post_type=product&#038;p=2023"},"modified":"2026-04-09T12:14:37","modified_gmt":"2026-04-09T10:14:37","slug":"casquettes-game-e","status":"publish","type":"product","link":"https:\/\/happy-caps.com\/fr\/product\/game-e-caps\/","title":{"rendered":"GAME-E CAPS"},"content":{"rendered":"<p><span style=\"font-weight: 400;\">\"Empower Life, Fully Lived ! Restez cool, r\u00e9agissez rapidement et jouez plus intelligemment avec GAME-E.\"<\/span><\/p>","protected":false},"excerpt":{"rendered":"<p>Ce produit est con\u00e7u pour vous permettre de rester mentalement engag\u00e9 et alerte pendant les longues sessions qui exigent de l'attention, de la strat\u00e9gie ou de la pens\u00e9e cr\u00e9ative.<br \/>\nGame-E by Happy Caps est un m\u00e9lange nootropique \u00e0 base de plantes compos\u00e9 d'ingr\u00e9dients tels que l'Alpha GPC, la Citicoline, la L-Th\u00e9anine et le Bacopa - souvent choisis pour leur r\u00f4le dans les routines centr\u00e9es sur la concentration.<\/p>\n<p>Propre et rapide, Game-E est populaire parmi les joueurs, les codeurs et les cr\u00e9atifs qui aiment rester pr\u00e9sents et concentr\u00e9s sans \u00eatre nerveux. Que vous soyez dans la zone ou que vous vous pr\u00e9pariez \u00e0 la comp\u00e9tition, cette capsule est faite pour correspondre \u00e0 votre \u00e9lan.<\/p>","protected":false},"featured_media":5880,"comment_status":"open","ping_status":"closed","template":"","meta":{"_acf_changed":false},"product_brand":[18],"product_cat":[20,255],"product_tag":[],"class_list":{"0":"post-2023","1":"product","2":"type-product","3":"status-publish","4":"has-post-thumbnail","6":"product_brand-happy-caps","7":"product_cat-capsules","8":"product_cat-collection","9":"product_shipping_class-brievenbus","11":"first","12":"outofstock","13":"taxable","14":"shipping-taxable","15":"purchasable","16":"product-type-simple"},"acf":[],"_links":{"self":[{"href":"https:\/\/happy-caps.com\/fr\/wp-json\/wp\/v2\/product\/2023","targetHints":{"allow":["GET"]}}],"collection":[{"href":"https:\/\/happy-caps.com\/fr\/wp-json\/wp\/v2\/product"}],"about":[{"href":"https:\/\/happy-caps.com\/fr\/wp-json\/wp\/v2\/types\/product"}],"replies":[{"embeddable":true,"href":"https:\/\/happy-caps.com\/fr\/wp-json\/wp\/v2\/comments?post=2023"}],"version-history":[{"count":5,"href":"https:\/\/happy-caps.com\/fr\/wp-json\/wp\/v2\/product\/2023\/revisions"}],"predecessor-version":[{"id":7406,"href":"https:\/\/happy-caps.com\/fr\/wp-json\/wp\/v2\/product\/2023\/revisions\/7406"}],"wp:featuredmedia":[{"embeddable":true,"href":"https:\/\/happy-caps.com\/fr\/wp-json\/wp\/v2\/media\/5880"}],"wp:attachment":[{"href":"https:\/\/happy-caps.com\/fr\/wp-json\/wp\/v2\/media?parent=2023"}],"wp:term":[{"taxonomy":"product_brand","embeddable":true,"href":"https:\/\/happy-caps.com\/fr\/wp-json\/wp\/v2\/product_brand?post=2023"},{"taxonomy":"product_cat","embeddable":true,"href":"https:\/\/happy-caps.com\/fr\/wp-json\/wp\/v2\/product_cat?post=2023"},{"taxonomy":"product_tag","embeddable":true,"href":"https:\/\/happy-caps.com\/fr\/wp-json\/wp\/v2\/product_tag?post=2023"}],"curies":[{"name":"wp","href":"https:\/\/api.w.org\/{rel}","templated":true}]}}