{"id":1508,"date":"2025-03-16T18:44:22","date_gmt":"2025-03-16T17:44:22","guid":{"rendered":"https:\/\/happy-caps.com\/?page_id=1508"},"modified":"2025-05-19T16:10:48","modified_gmt":"2025-05-19T15:10:48","slug":"conformita-allue","status":"publish","type":"page","link":"https:\/\/happy-caps.com\/it\/conformita-allue\/","title":{"rendered":"Conformit\u00e0 UE"},"content":{"rendered":"<div data-elementor-type=\"wp-page\" data-elementor-id=\"1508\" class=\"elementor elementor-1508\" data-elementor-post-type=\"page\">\n\t\t\t\t<div class=\"elementor-element elementor-element-2a8a8a50 e-flex e-con-boxed e-con e-parent\" data-id=\"2a8a8a50\" data-element_type=\"container\">\n\t\t\t\t\t<div class=\"e-con-inner\">\n\t\t\t\t<div class=\"elementor-element elementor-element-467aedb9 elementor-widget elementor-widget-text-editor\" data-id=\"467aedb9\" data-element_type=\"widget\" data-widget_type=\"text-editor.default\">\n\t\t\t\t<div class=\"elementor-widget-container\">\n\t\t\t\t\t\t\t\t\t<h2>Qualit\u00e0 affidabile<\/h2>\n<p>Per Happy Caps la sicurezza, la trasparenza, la qualit\u00e0 e la conformit\u00e0 non sono mai un ripensamento, ma il fondamento di tutto ci\u00f2 che facciamo. Ecco perch\u00e9 siamo orgogliosi di operare secondo gli standard di produzione e sicurezza pi\u00f9 severi al mondo. I nostri impianti di produzione sono certificati GMP (Good Manufacturing Practice) e HACCP (Hazard Analysis and Critical Control Points). Per noi queste non sono solo certificazioni, ma promesse. Promesse che ogni prodotto Happy Caps \u00e8 realizzato con precisione, attenzione e profondo rispetto per il vostro benessere.<\/p>\n<p>Dall'approvvigionamento degli ingredienti grezzi al confezionamento e all'etichettatura, ogni fase del nostro processo \u00e8 strettamente controllata e costantemente monitorata per garantire una qualit\u00e0 costante. Grazie alle GMP e all'HACCP, garantiamo che i nostri prodotti non siano solo efficaci, ma anche sicuri, tracciabili e realizzati in modo responsabile.<\/p>\t\t\t\t\t\t\t\t<\/div>\n\t\t\t\t<\/div>\n\t\t\t\t<div class=\"elementor-element elementor-element-925073a elementor-widget-divider--view-line elementor-widget elementor-widget-divider\" data-id=\"925073a\" data-element_type=\"widget\" data-widget_type=\"divider.default\">\n\t\t\t\t<div class=\"elementor-widget-container\">\n\t\t\t\t\t\t\t<div class=\"elementor-divider\">\n\t\t\t<span class=\"elementor-divider-separator\">\n\t\t\t\t\t\t<\/span>\n\t\t<\/div>\n\t\t\t\t\t\t<\/div>\n\t\t\t\t<\/div>\n\t\t\t\t<div class=\"elementor-element elementor-element-6bfe5e7 elementor-widget elementor-widget-heading\" data-id=\"6bfe5e7\" data-element_type=\"widget\" data-widget_type=\"heading.default\">\n\t\t\t\t<div class=\"elementor-widget-container\">\n\t\t\t\t\t<h2 class=\"elementor-heading-title elementor-size-default\">\u2753 Domande frequenti<\/h2>\t\t\t\t<\/div>\n\t\t\t\t<\/div>\n\t\t\t\t<div class=\"elementor-element elementor-element-af42d80 elementor-widget elementor-widget-n-accordion\" data-id=\"af42d80\" data-element_type=\"widget\" data-settings=\"{&quot;default_state&quot;:&quot;expanded&quot;,&quot;max_items_expended&quot;:&quot;one&quot;,&quot;n_accordion_animation_duration&quot;:{&quot;unit&quot;:&quot;ms&quot;,&quot;size&quot;:400,&quot;sizes&quot;:[]}}\" data-widget_type=\"nested-accordion.default\">\n\t\t\t\t<div class=\"elementor-widget-container\">\n\t\t\t\t\t\t\t<div class=\"e-n-accordion\" aria-label=\"Fisarmonica. Aprite i collegamenti con Invio o Spazio, chiudeteli con Escape e navigate con i tasti freccia.\">\n\t\t\t\t\t\t<details id=\"e-n-accordion-item-1830\" class=\"e-n-accordion-item\" open>\n\t\t\t\t<summary class=\"e-n-accordion-item-title\" data-accordion-index=\"1\" tabindex=\"0\" aria-expanded=\"true\" aria-controls=\"e-n-accordion-item-1830\" >\n\t\t\t\t\t<span class='e-n-accordion-item-title-header'><div class=\"e-n-accordion-item-title-text\"> Dove posso trovare i documenti di conformit\u00e0? <\/div><\/span>\n\t\t\t\t\t\t\t<span class='e-n-accordion-item-title-icon'>\n\t\t\t<span class='e-opened' ><svg aria-hidden=\"true\" class=\"e-font-icon-svg e-fas-minus\" viewbox=\"0 0 448 512\" xmlns=\"http:\/\/www.w3.org\/2000\/svg\"><path d=\"M416 208H32c-17.67 0-32 14.33-32 32v32c0 17.67 14.33 32 32 32h384c17.67 0 32-14.33 32-32v-32c0-17.67-14.33-32-32-32z\"><\/path><\/svg><\/span>\n\t\t\t<span class='e-closed'><svg aria-hidden=\"true\" class=\"e-font-icon-svg e-fas-plus\" viewbox=\"0 0 448 512\" xmlns=\"http:\/\/www.w3.org\/2000\/svg\"><path d=\"M416 208H272V64c0-17.67-14.33-32-32-32h-32c-17.67 0-32 14.33-32 32v144H32c-17.67 0-32 14.33-32 32v32c0 17.67 14.33 32 32 32h144v144c0 17.67 14.33 32 32 32h32c17.67 0 32-14.33 32-32V304h144c17.67 0 32-14.33 32-32v-32c0-17.67-14.33-32-32-32z\"><\/path><\/svg><\/span>\n\t\t<\/span>\n\n\t\t\t\t\t\t<\/summary>\n\t\t\t\t<div role=\"region\" aria-labelledby=\"e-n-accordion-item-1830\" class=\"elementor-element elementor-element-f58ca0b e-flex e-con-boxed e-con e-child\" data-id=\"f58ca0b\" data-element_type=\"container\">\n\t\t\t\t\t<div class=\"e-con-inner\">\n\t\t\t\t<div class=\"elementor-element elementor-element-8305b7b elementor-widget elementor-widget-text-editor\" data-id=\"8305b7b\" data-element_type=\"widget\" data-widget_type=\"text-editor.default\">\n\t\t\t\t<div class=\"elementor-widget-container\">\n\t\t\t\t\t\t\t\t\t<p>Visitate il nostro <a href=\"\/it\/categoria\/documenti\/\"><strong>Documenti<\/strong><\/a> per tutti i documenti legali e di conformit\u00e0.<\/p>\t\t\t\t\t\t\t\t<\/div>\n\t\t\t\t<\/div>\n\t\t\t\t\t<\/div>\n\t\t\t\t<\/div>\n\t\t\t\t\t<\/details>\n\t\t\t\t\t\t<details id=\"e-n-accordion-item-1831\" class=\"e-n-accordion-item\" >\n\t\t\t\t<summary class=\"e-n-accordion-item-title\" data-accordion-index=\"2\" tabindex=\"-1\" aria-expanded=\"false\" aria-controls=\"e-n-accordion-item-1831\" >\n\t\t\t\t\t<span class='e-n-accordion-item-title-header'><div class=\"e-n-accordion-item-title-text\"> Happy Caps \u00e8 conforme alle norme del mio paese? <\/div><\/span>\n\t\t\t\t\t\t\t<span class='e-n-accordion-item-title-icon'>\n\t\t\t<span class='e-opened' ><svg aria-hidden=\"true\" class=\"e-font-icon-svg e-fas-minus\" viewbox=\"0 0 448 512\" xmlns=\"http:\/\/www.w3.org\/2000\/svg\"><path d=\"M416 208H32c-17.67 0-32 14.33-32 32v32c0 17.67 14.33 32 32 32h384c17.67 0 32-14.33 32-32v-32c0-17.67-14.33-32-32-32z\"><\/path><\/svg><\/span>\n\t\t\t<span class='e-closed'><svg aria-hidden=\"true\" class=\"e-font-icon-svg e-fas-plus\" viewbox=\"0 0 448 512\" xmlns=\"http:\/\/www.w3.org\/2000\/svg\"><path d=\"M416 208H272V64c0-17.67-14.33-32-32-32h-32c-17.67 0-32 14.33-32 32v144H32c-17.67 0-32 14.33-32 32v32c0 17.67 14.33 32 32 32h144v144c0 17.67 14.33 32 32 32h32c17.67 0 32-14.33 32-32V304h144c17.67 0 32-14.33 32-32v-32c0-17.67-14.33-32-32-32z\"><\/path><\/svg><\/span>\n\t\t<\/span>\n\n\t\t\t\t\t\t<\/summary>\n\t\t\t\t<div role=\"region\" aria-labelledby=\"e-n-accordion-item-1831\" class=\"elementor-element elementor-element-e635272 e-con-full e-flex e-con e-child\" data-id=\"e635272\" data-element_type=\"container\">\n\t\t\t\t<div class=\"elementor-element elementor-element-e1a5a30 elementor-widget elementor-widget-text-editor\" data-id=\"e1a5a30\" data-element_type=\"widget\" data-widget_type=\"text-editor.default\">\n\t\t\t\t<div class=\"elementor-widget-container\">\n\t\t\t\t\t\t\t\t\t<p>Happy Caps \u00e8\u00a0<strong>pienamente conforme<\/strong> nei seguenti paesi:<\/p>\t\t\t\t\t\t\t\t<\/div>\n\t\t\t\t<\/div>\n\t\t\t\t<div class=\"elementor-element elementor-element-eb9d4fd elementor-widget elementor-widget-text-editor\" data-id=\"eb9d4fd\" data-element_type=\"widget\" data-widget_type=\"text-editor.default\">\n\t\t\t\t<div class=\"elementor-widget-container\">\n\t\t\t\t\t\t\t\t\t<ul><li>Austria<\/li><li>Belgio<\/li><li>Bulgaria<\/li><li>Croazia<\/li><li>Repubblica Ceca<\/li><li>Danimarca<\/li><li>Estonia<\/li><li>Finlandia<\/li><li>Francia<\/li><li>Germania<\/li><li>Grecia<\/li><li>Ungheria<\/li><li>Islanda<\/li><li>Irlanda<\/li><li>Italia<\/li><li>Lettonia<\/li><li>Lituania<\/li><li>Lussemburgo<\/li><li>Paesi Bassi<\/li><li>Norvegia<\/li><li>Polonia<\/li><li>Portogallo<\/li><li>Romania<\/li><li>Slovenia<\/li><li>Slovacchia<\/li><li>Spagna<\/li><li>Svezia<\/li><li>Svizzera<\/li><\/ul>\t\t\t\t\t\t\t\t<\/div>\n\t\t\t\t<\/div>\n\t\t\t\t<\/div>\n\t\t\t\t\t<\/details>\n\t\t\t\t\t\t<details id=\"e-n-accordion-item-1832\" class=\"e-n-accordion-item\" >\n\t\t\t\t<summary class=\"e-n-accordion-item-title\" data-accordion-index=\"3\" tabindex=\"-1\" aria-expanded=\"false\" aria-controls=\"e-n-accordion-item-1832\" >\n\t\t\t\t\t<span class='e-n-accordion-item-title-header'><div class=\"e-n-accordion-item-title-text\"> Leggi locali <\/div><\/span>\n\t\t\t\t\t\t\t<span class='e-n-accordion-item-title-icon'>\n\t\t\t<span class='e-opened' ><svg aria-hidden=\"true\" class=\"e-font-icon-svg e-fas-minus\" viewbox=\"0 0 448 512\" xmlns=\"http:\/\/www.w3.org\/2000\/svg\"><path d=\"M416 208H32c-17.67 0-32 14.33-32 32v32c0 17.67 14.33 32 32 32h384c17.67 0 32-14.33 32-32v-32c0-17.67-14.33-32-32-32z\"><\/path><\/svg><\/span>\n\t\t\t<span class='e-closed'><svg aria-hidden=\"true\" class=\"e-font-icon-svg e-fas-plus\" viewbox=\"0 0 448 512\" xmlns=\"http:\/\/www.w3.org\/2000\/svg\"><path d=\"M416 208H272V64c0-17.67-14.33-32-32-32h-32c-17.67 0-32 14.33-32 32v144H32c-17.67 0-32 14.33-32 32v32c0 17.67 14.33 32 32 32h144v144c0 17.67 14.33 32 32 32h32c17.67 0 32-14.33 32-32V304h144c17.67 0 32-14.33 32-32v-32c0-17.67-14.33-32-32-32z\"><\/path><\/svg><\/span>\n\t\t<\/span>\n\n\t\t\t\t\t\t<\/summary>\n\t\t\t\t<div role=\"region\" aria-labelledby=\"e-n-accordion-item-1832\" class=\"elementor-element elementor-element-27174c9 e-flex e-con-boxed e-con e-child\" data-id=\"27174c9\" data-element_type=\"container\">\n\t\t\t\t\t<div class=\"e-con-inner\">\n\t\t\t\t<div class=\"elementor-element elementor-element-62af7d6 elementor-widget elementor-widget-text-editor\" data-id=\"62af7d6\" data-element_type=\"widget\" data-widget_type=\"text-editor.default\">\n\t\t\t\t<div class=\"elementor-widget-container\">\n\t\t\t\t\t\t\t\t\t<p data-start=\"129\" data-end=\"464\"><span class=\"_fadeIn_pfttw_8\">A <\/span><span class=\"_fadeIn_pfttw_8\">Felice <\/span><span class=\"_fadeIn_pfttw_8\">Cappellini, <\/span><span class=\"_fadeIn_pfttw_8\">noi <\/span><span class=\"_fadeIn_pfttw_8\">prendere <\/span><span class=\"_fadeIn_pfttw_8\">grande <\/span><span class=\"_fadeIn_pfttw_8\">cura <\/span><span class=\"_fadeIn_pfttw_8\">a <\/span><span class=\"_fadeIn_pfttw_8\">garantire <\/span><span class=\"_fadeIn_pfttw_8\">che <\/span><span class=\"_fadeIn_pfttw_8\">nostro <\/span><span class=\"_fadeIn_pfttw_8\">prodotti <\/span><span class=\"_fadeIn_pfttw_8\">rispettare <\/span><span class=\"_fadeIn_pfttw_8\">con <\/span><span class=\"_fadeIn_pfttw_8\">Olandese <\/span><span class=\"_fadeIn_pfttw_8\">leggi <\/span><span class=\"_fadeIn_pfttw_8\">e <\/span><span class=\"_fadeIn_pfttw_8\">regolamenti. <\/span><span class=\"_fadeIn_pfttw_8\">Tuttavia, <\/span><span class=\"_fadeIn_pfttw_8\">ciascuno <\/span><span class=\"_fadeIn_pfttw_8\">cliente <\/span><span class=\"_fadeIn_pfttw_8\">\u00e8 <\/span><span class=\"_fadeIn_pfttw_8\">responsabile <\/span><span class=\"_fadeIn_pfttw_8\">per <\/span><span class=\"_fadeIn_pfttw_8\">conoscendo <\/span><span class=\"_fadeIn_pfttw_8\">e <\/span><span class=\"_fadeIn_pfttw_8\">comprensione <\/span><span class=\"_fadeIn_pfttw_8\">il <\/span><span class=\"_fadeIn_pfttw_8\">locale <\/span><span class=\"_fadeIn_pfttw_8\">leggi <\/span><span class=\"_fadeIn_pfttw_8\">in <\/span><span class=\"_fadeIn_pfttw_8\">loro <\/span><span class=\"_fadeIn_pfttw_8\">proprio <\/span><span class=\"_fadeIn_pfttw_8\">paese. <\/span><span class=\"_fadeIn_pfttw_8\">Felice <\/span><span class=\"_fadeIn_pfttw_8\">Caps <\/span><span class=\"_fadeIn_pfttw_8\">non pu\u00f2 <\/span><span class=\"_fadeIn_pfttw_8\">essere <\/span><span class=\"_fadeIn_pfttw_8\">tenuto <\/span><span class=\"_fadeIn_pfttw_8\">responsabile <\/span><span class=\"_fadeIn_pfttw_8\">per <\/span><span class=\"_fadeIn_pfttw_8\">come <\/span><span class=\"_fadeIn_pfttw_8\">nostro <\/span><span class=\"_fadeIn_pfttw_8\">prodotti <\/span><span class=\"_fadeIn_pfttw_8\">sono <\/span><span class=\"_fadeIn_pfttw_8\">usato <\/span><span class=\"_fadeIn_pfttw_8\">o <\/span><span class=\"_fadeIn_pfttw_8\">interpretato <\/span><span class=\"_fadeIn_pfttw_8\">sotto <\/span><span class=\"_fadeIn_pfttw_8\">internazionale <\/span><span class=\"_fadeIn_pfttw_8\">leggi.<\/span><\/p><p data-start=\"466\" data-end=\"526\"><span class=\"_fadeIn_pfttw_8\">Per favore <\/span><span class=\"_fadeIn_pfttw_8\">controllo <\/span><span class=\"_fadeIn_pfttw_8\">il tuo <\/span><span class=\"_fadeIn_pfttw_8\">locale <\/span><span class=\"_fadeIn_pfttw_8\">regolamenti <\/span><span class=\"_fadeIn_pfttw_8\">prima <\/span><span class=\"_fadeIn_pfttw_8\">collocazione <\/span><span class=\"_fadeIn_pfttw_8\">un <\/span><span class=\"_fadeIn_pfttw_8\">ordine.<\/span><\/p>\t\t\t\t\t\t\t\t<\/div>\n\t\t\t\t<\/div>\n\t\t\t\t\t<\/div>\n\t\t\t\t<\/div>\n\t\t\t\t\t<\/details>\n\t\t\t\t\t<\/div>\n\t\t\t\t\t<script type=\"application\/ld+json\">{\n    \"@context\": \"https:\\\/\\\/schema.org\",\n    \"@type\": \"FAQPage\",\n    \"mainEntity\": [\n        {\n            \"@type\": \"Question\",\n            \"name\": \"Where can I find the compliance documents?\",\n            \"acceptedAnswer\": {\n                \"@type\": \"Answer\",\n                \"text\": \"Visit our Documents section for all legal and compliance-related documents.\"\n            }\n        },\n        {\n            \"@type\": \"Question\",\n            \"name\": \"Is Happy Caps compliant in my country?\",\n            \"acceptedAnswer\": {\n                \"@type\": \"Answer\",\n                \"text\": \"Happy Caps is\\u00a0fully compliant in the following countries:\\t\\t\\t\\t\\t\\t\\t\\t\\n\\t\\t\\t\\t\\n\\t\\t\\t\\t\\n\\t\\t\\t\\t\\n\\t\\t\\t\\t\\t\\t\\t\\t\\tAustriaBelgiumBulgariaCroatiaCzech RepublicDenmarkEstoniaFinlandFranceGermanyGreeceHungaryIcelandIrelandItalyLatviaLithuaniaLuxembourgNetherlandsNorwayPolandPortugalRomaniaSloveniaSlovakiaSpainSwedenSwitzerland\"\n            }\n        },\n        {\n            \"@type\": \"Question\",\n            \"name\": \"Local Laws\",\n            \"acceptedAnswer\": {\n                \"@type\": \"Answer\",\n                \"text\": \"At Happy Caps, we take great care to ensure that our products comply with Dutch laws and regulations. However, each customer is responsible for knowing and understanding the local laws in their own country. Happy Caps cannot be held liable for how our products are used or interpreted under international laws.Please check your local regulations before placing an order.\"\n            }\n        }\n    ]\n}<\/script>\n\t\t\t\t\t\t\t<\/div>\n\t\t\t\t<\/div>\n\t\t\t\t<div class=\"elementor-element elementor-element-c1d4f1a elementor-widget-divider--view-line elementor-widget elementor-widget-divider\" data-id=\"c1d4f1a\" data-element_type=\"widget\" data-widget_type=\"divider.default\">\n\t\t\t\t<div class=\"elementor-widget-container\">\n\t\t\t\t\t\t\t<div class=\"elementor-divider\">\n\t\t\t<span class=\"elementor-divider-separator\">\n\t\t\t\t\t\t<\/span>\n\t\t<\/div>\n\t\t\t\t\t\t<\/div>\n\t\t\t\t<\/div>\n\t\t\t\t<div class=\"elementor-element elementor-element-f87ffd5 elementor-widget elementor-widget-text-editor\" data-id=\"f87ffd5\" data-element_type=\"widget\" data-widget_type=\"text-editor.default\">\n\t\t\t\t<div class=\"elementor-widget-container\">\n\t\t\t\t\t\t\t\t\t<h2>\ud83c\udf20 Oltre lo standard<\/h2>\n<p>Sebbene le GMP e l'HACCP rappresentino il massimo livello di conformit\u00e0 normativa, crediamo che la nostra responsabilit\u00e0 vada oltre. Ecco perch\u00e9 ci siamo impegnati a ottenere un'ampia gamma di certificazioni aggiuntive che riflettono i nostri valori e la diversit\u00e0 della nostra comunit\u00e0:<\/p>\n<ul>\n<li><strong>Certificazione ISO:<\/strong> Sistemi di gestione della qualit\u00e0 e della sicurezza alimentare riconosciuti a livello internazionale.<\/li>\n<li><strong>Registrato dalla FDA e con marchio CE:<\/strong> Conformit\u00e0 con la Food &amp; Drug Administration statunitense e con gli standard europei di salute e sicurezza.<\/li>\n<li><strong>Sport informato e scelta informata (Trusted by Sport):<\/strong> Garantire che i nostri prodotti siano privi di sostanze vietate e sicuri per gli atleti.<\/li>\n<li><strong>Certificazione biologica UE:<\/strong> Impegno per un approvvigionamento pulito, ecologico e privo di sostanze chimiche.<\/li>\n<li><strong>V-Label (Certificazione Vegana Europea):<\/strong> Sostenere stili di vita a base vegetale e scelte di consumo etiche.<\/li>\n<\/ul>\n<p>Queste certificazioni non sono delle caselle da spuntare, ma rappresentano la nostra missione pi\u00f9 profonda di <strong>sostituire le abitudini dannose con alternative naturali che migliorano la mente, il corpo e lo spirito.<\/strong> Ogni capsula, spray e miscela che creiamo si basa su questa intenzione.<\/p>\t\t\t\t\t\t\t\t<\/div>\n\t\t\t\t<\/div>\n\t\t\t\t<div class=\"elementor-element elementor-element-4bfb0a0 elementor-widget elementor-widget-text-editor\" data-id=\"4bfb0a0\" data-element_type=\"widget\" data-widget_type=\"text-editor.default\">\n\t\t\t\t<div class=\"elementor-widget-container\">\n\t\t\t\t\t\t\t\t\t<h2>\ud83c\udf31 Guidati dallo scopo<\/h2>\n<p>Happy Caps esiste per sfidare lo status quo. Siamo a favore di un nuovo modo di vivere: vibrante, intenzionale e senza compromessi. La conformit\u00e0 non \u00e8 una questione di regolamentazione, ma di rispetto: rispetto per la vostra salute, rispetto per la natura, rispetto per le antiche tradizioni che ispirano le nostre formule e rispetto per il futuro che stiamo contribuendo a costruire.<\/p>\n<p>Ecco perch\u00e9 andiamo oltre i requisiti del settore. Non perch\u00e9 dobbiamo farlo, ma perch\u00e9 ve lo meritate.<\/p>\t\t\t\t\t\t\t\t<\/div>\n\t\t\t\t<\/div>\n\t\t\t\t\t<\/div>\n\t\t\t\t<\/div>\n\t\t\t\t<\/div>","protected":false},"excerpt":{"rendered":"<p>Happy Caps va oltre la conformit\u00e0: con le certificazioni GMP e HACCP e una serie completa di standard internazionali affidabili, garantiamo prodotti puliti, sicuri e realizzati in modo consapevole su cui poter contare.<\/p>","protected":false},"author":2,"featured_media":3232,"parent":0,"menu_order":0,"comment_status":"closed","ping_status":"closed","template":"","meta":{"_acf_changed":false,"footnotes":""},"class_list":["post-1508","page","type-page","status-publish","has-post-thumbnail","hentry"],"acf":[],"_links":{"self":[{"href":"https:\/\/happy-caps.com\/it\/wp-json\/wp\/v2\/pages\/1508","targetHints":{"allow":["GET"]}}],"collection":[{"href":"https:\/\/happy-caps.com\/it\/wp-json\/wp\/v2\/pages"}],"about":[{"href":"https:\/\/happy-caps.com\/it\/wp-json\/wp\/v2\/types\/page"}],"author":[{"embeddable":true,"href":"https:\/\/happy-caps.com\/it\/wp-json\/wp\/v2\/users\/2"}],"replies":[{"embeddable":true,"href":"https:\/\/happy-caps.com\/it\/wp-json\/wp\/v2\/comments?post=1508"}],"version-history":[{"count":5,"href":"https:\/\/happy-caps.com\/it\/wp-json\/wp\/v2\/pages\/1508\/revisions"}],"predecessor-version":[{"id":5780,"href":"https:\/\/happy-caps.com\/it\/wp-json\/wp\/v2\/pages\/1508\/revisions\/5780"}],"wp:featuredmedia":[{"embeddable":true,"href":"https:\/\/happy-caps.com\/it\/wp-json\/wp\/v2\/media\/3232"}],"wp:attachment":[{"href":"https:\/\/happy-caps.com\/it\/wp-json\/wp\/v2\/media?parent=1508"}],"curies":[{"name":"wp","href":"https:\/\/api.w.org\/{rel}","templated":true}]}}