{"id":1274,"date":"2025-03-14T13:42:32","date_gmt":"2025-03-14T12:42:32","guid":{"rendered":"https:\/\/happy-caps.com\/?post_type=product&#038;p=1274"},"modified":"2026-04-25T18:16:27","modified_gmt":"2026-04-25T16:16:27","slug":"sesso-e-tappi","status":"publish","type":"product","link":"https:\/\/happy-caps.com\/it\/product\/sex-e-caps\/","title":{"rendered":"Cappellini SEX-E"},"content":{"rendered":"<p><span style=\"font-weight: 400;\">Dare forza alla vita, viverla appieno! Sperimentate la connessione profonda con SEX-E e sbloccate la vostra massima sensazione.<\/span><\/p>","protected":false},"excerpt":{"rendered":"<p>Questo prodotto \u00e8 stato progettato per creare l'atmosfera, risvegliare il desiderio e approfondire i momenti di intimit\u00e0, sia che stiate esplorando in modo giocoso o che vi stiate ricongiungendo profondamente.<br \/>\nSex-E di Happy Caps \u00e8 un capsule a base vegetale per chi vuole sentirsi pi\u00f9 aperto, rilassato e in sintonia con il proprio corpo e con il partner.<\/p>\n<p>Formulato con ingredienti come la Damiana, l'Ashwagandha e un complesso vitaminico-minerale, Sex-E riunisce sostanze botaniche collaudate nel tempo e un equilibrio moderno. \u00c8 pensato per chi apprezza l'intimit\u00e0 naturale e vuole mettere a fuoco la sensualit\u00e0, a modo suo e al suo ritmo.<\/p>","protected":false},"featured_media":6650,"comment_status":"open","ping_status":"closed","template":"","meta":{"_acf_changed":false},"product_brand":[18],"product_cat":[20,255],"product_tag":[116,57,117],"class_list":{"0":"post-1274","1":"product","2":"type-product","3":"status-publish","4":"has-post-thumbnail","6":"product_brand-happy-caps","7":"product_cat-capsules","8":"product_cat-collection","9":"product_tag-dating","10":"product_tag-love","11":"product_tag-romantic","12":"product_shipping_class-brievenbus","14":"first","15":"instock","16":"taxable","17":"shipping-taxable","18":"purchasable","19":"product-type-simple"},"acf":[],"_links":{"self":[{"href":"https:\/\/happy-caps.com\/it\/wp-json\/wp\/v2\/product\/1274","targetHints":{"allow":["GET"]}}],"collection":[{"href":"https:\/\/happy-caps.com\/it\/wp-json\/wp\/v2\/product"}],"about":[{"href":"https:\/\/happy-caps.com\/it\/wp-json\/wp\/v2\/types\/product"}],"replies":[{"embeddable":true,"href":"https:\/\/happy-caps.com\/it\/wp-json\/wp\/v2\/comments?post=1274"}],"version-history":[{"count":6,"href":"https:\/\/happy-caps.com\/it\/wp-json\/wp\/v2\/product\/1274\/revisions"}],"predecessor-version":[{"id":8126,"href":"https:\/\/happy-caps.com\/it\/wp-json\/wp\/v2\/product\/1274\/revisions\/8126"}],"wp:featuredmedia":[{"embeddable":true,"href":"https:\/\/happy-caps.com\/it\/wp-json\/wp\/v2\/media\/6650"}],"wp:attachment":[{"href":"https:\/\/happy-caps.com\/it\/wp-json\/wp\/v2\/media?parent=1274"}],"wp:term":[{"taxonomy":"product_brand","embeddable":true,"href":"https:\/\/happy-caps.com\/it\/wp-json\/wp\/v2\/product_brand?post=1274"},{"taxonomy":"product_cat","embeddable":true,"href":"https:\/\/happy-caps.com\/it\/wp-json\/wp\/v2\/product_cat?post=1274"},{"taxonomy":"product_tag","embeddable":true,"href":"https:\/\/happy-caps.com\/it\/wp-json\/wp\/v2\/product_tag?post=1274"}],"curies":[{"name":"wp","href":"https:\/\/api.w.org\/{rel}","templated":true}]}}