{"id":1508,"date":"2025-03-16T18:44:22","date_gmt":"2025-03-16T17:44:22","guid":{"rendered":"https:\/\/happy-caps.com\/?page_id=1508"},"modified":"2025-05-19T16:10:48","modified_gmt":"2025-05-19T15:10:48","slug":"zgodnosc-z-przepisami-ue","status":"publish","type":"page","link":"https:\/\/happy-caps.com\/pl\/zgodnosc-z-przepisami-ue\/","title":{"rendered":"Zgodno\u015b\u0107 z przepisami UE"},"content":{"rendered":"<div data-elementor-type=\"wp-page\" data-elementor-id=\"1508\" class=\"elementor elementor-1508\" data-elementor-post-type=\"page\">\n\t\t\t\t<div class=\"elementor-element elementor-element-2a8a8a50 e-flex e-con-boxed e-con e-parent\" data-id=\"2a8a8a50\" data-element_type=\"container\">\n\t\t\t\t\t<div class=\"e-con-inner\">\n\t\t\t\t<div class=\"elementor-element elementor-element-467aedb9 elementor-widget elementor-widget-text-editor\" data-id=\"467aedb9\" data-element_type=\"widget\" data-widget_type=\"text-editor.default\">\n\t\t\t\t<div class=\"elementor-widget-container\">\n\t\t\t\t\t\t\t\t\t<h2>Jako\u015b\u0107, kt\u00f3rej mo\u017cna zaufa\u0107<\/h2>\n<p>W Happy Caps bezpiecze\u0144stwo, przejrzysto\u015b\u0107, jako\u015b\u0107 i zgodno\u015b\u0107 z przepisami nigdy nie s\u0105 kwestiami drugorz\u0119dnymi - s\u0105 podstaw\u0105 wszystkiego, co robimy. Dlatego z dum\u0105 dzia\u0142amy zgodnie z najbardziej rygorystycznymi standardami produkcji i bezpiecze\u0144stwa na \u015bwiecie. Nasze zak\u0142ady produkcyjne posiadaj\u0105 certyfikaty GMP (Good Manufacturing Practice) i HACCP (Hazard Analysis and Critical Control Points). Dla nas to nie s\u0105 tylko certyfikaty - to obietnice. Obietnice, \u017ce ka\u017cdy produkt Happy Caps jest wytwarzany z precyzj\u0105, staranno\u015bci\u0105 i g\u0142\u0119bokim szacunkiem dla Twojego dobrego samopoczucia.<\/p>\n<p>Od pozyskiwania surowc\u00f3w po pakowanie i etykietowanie, ka\u017cdy etap naszego procesu jest \u015bci\u015ble kontrolowany i stale monitorowany, aby zagwarantowa\u0107 sta\u0142\u0105 jako\u015b\u0107. Dzi\u0119ki GMP i HACCP zapewniamy, \u017ce nasze produkty s\u0105 nie tylko skuteczne, ale tak\u017ce bezpieczne, identyfikowalne i odpowiedzialnie wytwarzane.<\/p>\t\t\t\t\t\t\t\t<\/div>\n\t\t\t\t<\/div>\n\t\t\t\t<div class=\"elementor-element elementor-element-925073a elementor-widget-divider--view-line elementor-widget elementor-widget-divider\" data-id=\"925073a\" data-element_type=\"widget\" data-widget_type=\"divider.default\">\n\t\t\t\t<div class=\"elementor-widget-container\">\n\t\t\t\t\t\t\t<div class=\"elementor-divider\">\n\t\t\t<span class=\"elementor-divider-separator\">\n\t\t\t\t\t\t<\/span>\n\t\t<\/div>\n\t\t\t\t\t\t<\/div>\n\t\t\t\t<\/div>\n\t\t\t\t<div class=\"elementor-element elementor-element-6bfe5e7 elementor-widget elementor-widget-heading\" data-id=\"6bfe5e7\" data-element_type=\"widget\" data-widget_type=\"heading.default\">\n\t\t\t\t<div class=\"elementor-widget-container\">\n\t\t\t\t\t<h2 class=\"elementor-heading-title elementor-size-default\">Najcz\u0119\u015bciej zadawane pytania<\/h2>\t\t\t\t<\/div>\n\t\t\t\t<\/div>\n\t\t\t\t<div class=\"elementor-element elementor-element-af42d80 elementor-widget elementor-widget-n-accordion\" data-id=\"af42d80\" data-element_type=\"widget\" data-settings=\"{&quot;default_state&quot;:&quot;expanded&quot;,&quot;max_items_expended&quot;:&quot;one&quot;,&quot;n_accordion_animation_duration&quot;:{&quot;unit&quot;:&quot;ms&quot;,&quot;size&quot;:400,&quot;sizes&quot;:[]}}\" data-widget_type=\"nested-accordion.default\">\n\t\t\t\t<div class=\"elementor-widget-container\">\n\t\t\t\t\t\t\t<div class=\"e-n-accordion\" aria-label=\"Akordeon. Otwieranie \u0142\u0105czy za pomoc\u0105 klawisza Enter lub spacji, zamykanie za pomoc\u0105 klawisza Escape i nawigacja za pomoc\u0105 klawiszy strza\u0142ek\">\n\t\t\t\t\t\t<details id=\"e-n-accordion-item-1830\" class=\"e-n-accordion-item\" open>\n\t\t\t\t<summary class=\"e-n-accordion-item-title\" data-accordion-index=\"1\" tabindex=\"0\" aria-expanded=\"true\" aria-controls=\"e-n-accordion-item-1830\" >\n\t\t\t\t\t<span class='e-n-accordion-item-title-header'><div class=\"e-n-accordion-item-title-text\"> Gdzie mog\u0119 znale\u017a\u0107 dokumenty dotycz\u0105ce zgodno\u015bci? <\/div><\/span>\n\t\t\t\t\t\t\t<span class='e-n-accordion-item-title-icon'>\n\t\t\t<span class='e-opened' ><svg aria-hidden=\"true\" class=\"e-font-icon-svg e-fas-minus\" viewbox=\"0 0 448 512\" xmlns=\"http:\/\/www.w3.org\/2000\/svg\"><path d=\"M416 208H32c-17.67 0-32 14.33-32 32v32c0 17.67 14.33 32 32 32h384c17.67 0 32-14.33 32-32v-32c0-17.67-14.33-32-32-32z\"><\/path><\/svg><\/span>\n\t\t\t<span class='e-closed'><svg aria-hidden=\"true\" class=\"e-font-icon-svg e-fas-plus\" viewbox=\"0 0 448 512\" xmlns=\"http:\/\/www.w3.org\/2000\/svg\"><path d=\"M416 208H272V64c0-17.67-14.33-32-32-32h-32c-17.67 0-32 14.33-32 32v144H32c-17.67 0-32 14.33-32 32v32c0 17.67 14.33 32 32 32h144v144c0 17.67 14.33 32 32 32h32c17.67 0 32-14.33 32-32V304h144c17.67 0 32-14.33 32-32v-32c0-17.67-14.33-32-32-32z\"><\/path><\/svg><\/span>\n\t\t<\/span>\n\n\t\t\t\t\t\t<\/summary>\n\t\t\t\t<div role=\"region\" aria-labelledby=\"e-n-accordion-item-1830\" class=\"elementor-element elementor-element-f58ca0b e-flex e-con-boxed e-con e-child\" data-id=\"f58ca0b\" data-element_type=\"container\">\n\t\t\t\t\t<div class=\"e-con-inner\">\n\t\t\t\t<div class=\"elementor-element elementor-element-8305b7b elementor-widget elementor-widget-text-editor\" data-id=\"8305b7b\" data-element_type=\"widget\" data-widget_type=\"text-editor.default\">\n\t\t\t\t<div class=\"elementor-widget-container\">\n\t\t\t\t\t\t\t\t\t<p>Odwied\u017a nasz\u0105 stron\u0119 <a href=\"\/pl\/kategoria\/dokumenty\/\"><strong>Dokumenty<\/strong><\/a> sekcja dotycz\u0105ca wszystkich dokument\u00f3w prawnych i zwi\u0105zanych ze zgodno\u015bci\u0105 z przepisami.<\/p>\t\t\t\t\t\t\t\t<\/div>\n\t\t\t\t<\/div>\n\t\t\t\t\t<\/div>\n\t\t\t\t<\/div>\n\t\t\t\t\t<\/details>\n\t\t\t\t\t\t<details id=\"e-n-accordion-item-1831\" class=\"e-n-accordion-item\" >\n\t\t\t\t<summary class=\"e-n-accordion-item-title\" data-accordion-index=\"2\" tabindex=\"-1\" aria-expanded=\"false\" aria-controls=\"e-n-accordion-item-1831\" >\n\t\t\t\t\t<span class='e-n-accordion-item-title-header'><div class=\"e-n-accordion-item-title-text\"> Czy Happy Caps jest zgodny z przepisami w moim kraju? <\/div><\/span>\n\t\t\t\t\t\t\t<span class='e-n-accordion-item-title-icon'>\n\t\t\t<span class='e-opened' ><svg aria-hidden=\"true\" class=\"e-font-icon-svg e-fas-minus\" viewbox=\"0 0 448 512\" xmlns=\"http:\/\/www.w3.org\/2000\/svg\"><path d=\"M416 208H32c-17.67 0-32 14.33-32 32v32c0 17.67 14.33 32 32 32h384c17.67 0 32-14.33 32-32v-32c0-17.67-14.33-32-32-32z\"><\/path><\/svg><\/span>\n\t\t\t<span class='e-closed'><svg aria-hidden=\"true\" class=\"e-font-icon-svg e-fas-plus\" viewbox=\"0 0 448 512\" xmlns=\"http:\/\/www.w3.org\/2000\/svg\"><path d=\"M416 208H272V64c0-17.67-14.33-32-32-32h-32c-17.67 0-32 14.33-32 32v144H32c-17.67 0-32 14.33-32 32v32c0 17.67 14.33 32 32 32h144v144c0 17.67 14.33 32 32 32h32c17.67 0 32-14.33 32-32V304h144c17.67 0 32-14.33 32-32v-32c0-17.67-14.33-32-32-32z\"><\/path><\/svg><\/span>\n\t\t<\/span>\n\n\t\t\t\t\t\t<\/summary>\n\t\t\t\t<div role=\"region\" aria-labelledby=\"e-n-accordion-item-1831\" class=\"elementor-element elementor-element-e635272 e-con-full e-flex e-con e-child\" data-id=\"e635272\" data-element_type=\"container\">\n\t\t\t\t<div class=\"elementor-element elementor-element-e1a5a30 elementor-widget elementor-widget-text-editor\" data-id=\"e1a5a30\" data-element_type=\"widget\" data-widget_type=\"text-editor.default\">\n\t\t\t\t<div class=\"elementor-widget-container\">\n\t\t\t\t\t\t\t\t\t<p>Happy Caps to\u00a0<strong>pe\u0142na zgodno\u015b\u0107<\/strong> w nast\u0119puj\u0105cych krajach:<\/p>\t\t\t\t\t\t\t\t<\/div>\n\t\t\t\t<\/div>\n\t\t\t\t<div class=\"elementor-element elementor-element-eb9d4fd elementor-widget elementor-widget-text-editor\" data-id=\"eb9d4fd\" data-element_type=\"widget\" data-widget_type=\"text-editor.default\">\n\t\t\t\t<div class=\"elementor-widget-container\">\n\t\t\t\t\t\t\t\t\t<ul><li>Austria<\/li><li>Belgia<\/li><li>Bu\u0142garia<\/li><li>Chorwacja<\/li><li>Republika Czeska<\/li><li>Dania<\/li><li>Estonia<\/li><li>Finlandia<\/li><li>Francja<\/li><li>Niemcy<\/li><li>Grecja<\/li><li>W\u0119gry<\/li><li>Islandia<\/li><li>Irlandia<\/li><li>W\u0142ochy<\/li><li>\u0141otwa<\/li><li>Litwa<\/li><li>Luksemburg<\/li><li>Holandia<\/li><li>Norwegia<\/li><li>Polska<\/li><li>Portugalia<\/li><li>Rumunia<\/li><li>S\u0142owenia<\/li><li>S\u0142owacja<\/li><li>Hiszpania<\/li><li>Szwecja<\/li><li>Szwajcaria<\/li><\/ul>\t\t\t\t\t\t\t\t<\/div>\n\t\t\t\t<\/div>\n\t\t\t\t<\/div>\n\t\t\t\t\t<\/details>\n\t\t\t\t\t\t<details id=\"e-n-accordion-item-1832\" class=\"e-n-accordion-item\" >\n\t\t\t\t<summary class=\"e-n-accordion-item-title\" data-accordion-index=\"3\" tabindex=\"-1\" aria-expanded=\"false\" aria-controls=\"e-n-accordion-item-1832\" >\n\t\t\t\t\t<span class='e-n-accordion-item-title-header'><div class=\"e-n-accordion-item-title-text\"> Przepisy lokalne <\/div><\/span>\n\t\t\t\t\t\t\t<span class='e-n-accordion-item-title-icon'>\n\t\t\t<span class='e-opened' ><svg aria-hidden=\"true\" class=\"e-font-icon-svg e-fas-minus\" viewbox=\"0 0 448 512\" xmlns=\"http:\/\/www.w3.org\/2000\/svg\"><path d=\"M416 208H32c-17.67 0-32 14.33-32 32v32c0 17.67 14.33 32 32 32h384c17.67 0 32-14.33 32-32v-32c0-17.67-14.33-32-32-32z\"><\/path><\/svg><\/span>\n\t\t\t<span class='e-closed'><svg aria-hidden=\"true\" class=\"e-font-icon-svg e-fas-plus\" viewbox=\"0 0 448 512\" xmlns=\"http:\/\/www.w3.org\/2000\/svg\"><path d=\"M416 208H272V64c0-17.67-14.33-32-32-32h-32c-17.67 0-32 14.33-32 32v144H32c-17.67 0-32 14.33-32 32v32c0 17.67 14.33 32 32 32h144v144c0 17.67 14.33 32 32 32h32c17.67 0 32-14.33 32-32V304h144c17.67 0 32-14.33 32-32v-32c0-17.67-14.33-32-32-32z\"><\/path><\/svg><\/span>\n\t\t<\/span>\n\n\t\t\t\t\t\t<\/summary>\n\t\t\t\t<div role=\"region\" aria-labelledby=\"e-n-accordion-item-1832\" class=\"elementor-element elementor-element-27174c9 e-flex e-con-boxed e-con e-child\" data-id=\"27174c9\" data-element_type=\"container\">\n\t\t\t\t\t<div class=\"e-con-inner\">\n\t\t\t\t<div class=\"elementor-element elementor-element-62af7d6 elementor-widget elementor-widget-text-editor\" data-id=\"62af7d6\" data-element_type=\"widget\" data-widget_type=\"text-editor.default\">\n\t\t\t\t<div class=\"elementor-widget-container\">\n\t\t\t\t\t\t\t\t\t<p data-start=\"129\" data-end=\"464\"><span class=\"_fadeIn_pfttw_8\">Przy <\/span><span class=\"_fadeIn_pfttw_8\">Szcz\u0119\u015bliwy <\/span><span class=\"_fadeIn_pfttw_8\">Caps, <\/span><span class=\"_fadeIn_pfttw_8\">my <\/span><span class=\"_fadeIn_pfttw_8\">bra\u0107 <\/span><span class=\"_fadeIn_pfttw_8\">\u015bwietny <\/span><span class=\"_fadeIn_pfttw_8\">opieka <\/span><span class=\"_fadeIn_pfttw_8\">do <\/span><span class=\"_fadeIn_pfttw_8\">zapewni\u0107 <\/span><span class=\"_fadeIn_pfttw_8\">\u017ce <\/span><span class=\"_fadeIn_pfttw_8\">nasz <\/span><span class=\"_fadeIn_pfttw_8\">produkty <\/span><span class=\"_fadeIn_pfttw_8\">zgodny <\/span><span class=\"_fadeIn_pfttw_8\">z <\/span><span class=\"_fadeIn_pfttw_8\">Holenderski <\/span><span class=\"_fadeIn_pfttw_8\">prawa <\/span><span class=\"_fadeIn_pfttw_8\">oraz <\/span><span class=\"_fadeIn_pfttw_8\">przepisy. <\/span><span class=\"_fadeIn_pfttw_8\">Jednak\u017ce, <\/span><span class=\"_fadeIn_pfttw_8\">ka\u017cdy <\/span><span class=\"_fadeIn_pfttw_8\">klient <\/span><span class=\"_fadeIn_pfttw_8\">jest <\/span><span class=\"_fadeIn_pfttw_8\">odpowiedzialny <\/span><span class=\"_fadeIn_pfttw_8\">dla <\/span><span class=\"_fadeIn_pfttw_8\">wiedza <\/span><span class=\"_fadeIn_pfttw_8\">oraz <\/span><span class=\"_fadeIn_pfttw_8\">zrozumienie <\/span><span class=\"_fadeIn_pfttw_8\">w <\/span><span class=\"_fadeIn_pfttw_8\">lokalny <\/span><span class=\"_fadeIn_pfttw_8\">prawa <\/span><span class=\"_fadeIn_pfttw_8\">w <\/span><span class=\"_fadeIn_pfttw_8\">ich <\/span><span class=\"_fadeIn_pfttw_8\">w\u0142asny <\/span><span class=\"_fadeIn_pfttw_8\">kraj. <\/span><span class=\"_fadeIn_pfttw_8\">Szcz\u0119\u015bliwy <\/span><span class=\"_fadeIn_pfttw_8\">Caps <\/span><span class=\"_fadeIn_pfttw_8\">nie mo\u017ce <\/span><span class=\"_fadeIn_pfttw_8\">by\u0107 <\/span><span class=\"_fadeIn_pfttw_8\">trzymany <\/span><span class=\"_fadeIn_pfttw_8\">odpowiedzialny <\/span><span class=\"_fadeIn_pfttw_8\">dla <\/span><span class=\"_fadeIn_pfttw_8\">jak <\/span><span class=\"_fadeIn_pfttw_8\">nasz <\/span><span class=\"_fadeIn_pfttw_8\">produkty <\/span><span class=\"_fadeIn_pfttw_8\">s\u0105 <\/span><span class=\"_fadeIn_pfttw_8\">u\u017cywany <\/span><span class=\"_fadeIn_pfttw_8\">lub <\/span><span class=\"_fadeIn_pfttw_8\">zinterpretowany <\/span><span class=\"_fadeIn_pfttw_8\">pod <\/span><span class=\"_fadeIn_pfttw_8\">mi\u0119dzynarodowy <\/span><span class=\"_fadeIn_pfttw_8\">prawa.<\/span><\/p><p data-start=\"466\" data-end=\"526\"><span class=\"_fadeIn_pfttw_8\">Prosz\u0119 <\/span><span class=\"_fadeIn_pfttw_8\">czek <\/span><span class=\"_fadeIn_pfttw_8\">tw\u00f3j <\/span><span class=\"_fadeIn_pfttw_8\">lokalny <\/span><span class=\"_fadeIn_pfttw_8\">przepisy <\/span><span class=\"_fadeIn_pfttw_8\">przed <\/span><span class=\"_fadeIn_pfttw_8\">umieszczenie <\/span><span class=\"_fadeIn_pfttw_8\">i <\/span><span class=\"_fadeIn_pfttw_8\">zam\u00f3wienie.<\/span><\/p>\t\t\t\t\t\t\t\t<\/div>\n\t\t\t\t<\/div>\n\t\t\t\t\t<\/div>\n\t\t\t\t<\/div>\n\t\t\t\t\t<\/details>\n\t\t\t\t\t<\/div>\n\t\t\t\t\t<script type=\"application\/ld+json\">{\n    \"@context\": \"https:\\\/\\\/schema.org\",\n    \"@type\": \"FAQPage\",\n    \"mainEntity\": [\n        {\n            \"@type\": \"Question\",\n            \"name\": \"Where can I find the compliance documents?\",\n            \"acceptedAnswer\": {\n                \"@type\": \"Answer\",\n                \"text\": \"Visit our Documents section for all legal and compliance-related documents.\"\n            }\n        },\n        {\n            \"@type\": \"Question\",\n            \"name\": \"Is Happy Caps compliant in my country?\",\n            \"acceptedAnswer\": {\n                \"@type\": \"Answer\",\n                \"text\": \"Happy Caps is\\u00a0fully compliant in the following countries:\\t\\t\\t\\t\\t\\t\\t\\t\\n\\t\\t\\t\\t\\n\\t\\t\\t\\t\\n\\t\\t\\t\\t\\n\\t\\t\\t\\t\\t\\t\\t\\t\\tAustriaBelgiumBulgariaCroatiaCzech RepublicDenmarkEstoniaFinlandFranceGermanyGreeceHungaryIcelandIrelandItalyLatviaLithuaniaLuxembourgNetherlandsNorwayPolandPortugalRomaniaSloveniaSlovakiaSpainSwedenSwitzerland\"\n            }\n        },\n        {\n            \"@type\": \"Question\",\n            \"name\": \"Local Laws\",\n            \"acceptedAnswer\": {\n                \"@type\": \"Answer\",\n                \"text\": \"At Happy Caps, we take great care to ensure that our products comply with Dutch laws and regulations. However, each customer is responsible for knowing and understanding the local laws in their own country. Happy Caps cannot be held liable for how our products are used or interpreted under international laws.Please check your local regulations before placing an order.\"\n            }\n        }\n    ]\n}<\/script>\n\t\t\t\t\t\t\t<\/div>\n\t\t\t\t<\/div>\n\t\t\t\t<div class=\"elementor-element elementor-element-c1d4f1a elementor-widget-divider--view-line elementor-widget elementor-widget-divider\" data-id=\"c1d4f1a\" data-element_type=\"widget\" data-widget_type=\"divider.default\">\n\t\t\t\t<div class=\"elementor-widget-container\">\n\t\t\t\t\t\t\t<div class=\"elementor-divider\">\n\t\t\t<span class=\"elementor-divider-separator\">\n\t\t\t\t\t\t<\/span>\n\t\t<\/div>\n\t\t\t\t\t\t<\/div>\n\t\t\t\t<\/div>\n\t\t\t\t<div class=\"elementor-element elementor-element-f87ffd5 elementor-widget elementor-widget-text-editor\" data-id=\"f87ffd5\" data-element_type=\"widget\" data-widget_type=\"text-editor.default\">\n\t\t\t\t<div class=\"elementor-widget-container\">\n\t\t\t\t\t\t\t\t\t<h2>Poza standardem<\/h2>\n<p>Chocia\u017c GMP i HACCP reprezentuj\u0105 najwy\u017cszy poziom zgodno\u015bci z przepisami, wierzymy, \u017ce nasza odpowiedzialno\u015b\u0107 si\u0119ga dalej. W\u0142a\u015bnie dlatego zobowi\u0105zali\u015bmy si\u0119 do posiadania szerokiej gamy dodatkowych certyfikat\u00f3w, kt\u00f3re odzwierciedlaj\u0105 nasze warto\u015bci i r\u00f3\u017cnorodno\u015b\u0107 naszej spo\u0142eczno\u015bci:<\/p>\n<ul>\n<li><strong>Certyfikat ISO:<\/strong> Uznane na ca\u0142ym \u015bwiecie systemy zarz\u0105dzania jako\u015bci\u0105 i bezpiecze\u0144stwem \u017cywno\u015bci.<\/li>\n<li><strong>Zarejestrowany przez FDA i oznaczony znakiem CE:<\/strong> Zgodno\u015b\u0107 z wymogami Ameryka\u0144skiej Agencji ds. \u017bywno\u015bci i Lek\u00f3w oraz europejskimi normami zdrowia i bezpiecze\u0144stwa.<\/li>\n<li><strong>Informed Sport &amp; Informed Choice (Trusted by Sport):<\/strong> Zapewnienie, \u017ce nasze produkty s\u0105 wolne od zakazanych substancji i bezpieczne dla sportowc\u00f3w.<\/li>\n<li><strong>Certyfikacja ekologiczna UE:<\/strong> Zaanga\u017cowanie w czyste, przyjazne dla \u015brodowiska i wolne od chemikali\u00f3w \u017ar\u00f3d\u0142a zaopatrzenia.<\/li>\n<li><strong>V-Label (europejski certyfikat wega\u0144ski):<\/strong> Wspieranie stylu \u017cycia opartego na ro\u015blinach i etycznych wybor\u00f3w konsumenckich.<\/li>\n<\/ul>\n<p>Te certyfikaty to nie pola, kt\u00f3re zaznaczamy - reprezentuj\u0105 one nasz\u0105 g\u0142\u0119bsz\u0105 misj\u0119, aby <strong>zast\u0105pi\u0107 szkodliwe nawyki naturalnymi alternatywami, kt\u00f3re poprawiaj\u0105 stan umys\u0142u, cia\u0142a i ducha.<\/strong> Ka\u017cda kapsu\u0142ka, spray i mieszanka, kt\u00f3r\u0105 tworzymy, opiera si\u0119 na tej intencji.<\/p>\t\t\t\t\t\t\t\t<\/div>\n\t\t\t\t<\/div>\n\t\t\t\t<div class=\"elementor-element elementor-element-4bfb0a0 elementor-widget elementor-widget-text-editor\" data-id=\"4bfb0a0\" data-element_type=\"widget\" data-widget_type=\"text-editor.default\">\n\t\t\t\t<div class=\"elementor-widget-container\">\n\t\t\t\t\t\t\t\t\t<h2>Nap\u0119dzany przez cel<\/h2>\n<p>Happy Caps istnieje, aby rzuci\u0107 wyzwanie status quo. Opowiadamy si\u0119 za nowym sposobem \u017cycia: \u017cywym, celowym i wolnym od kompromis\u00f3w. Zgodno\u015b\u0107 nie polega na regulacji - chodzi o szacunek - szacunek dla zdrowia, szacunek dla natury, szacunek dla staro\u017cytnych tradycji, kt\u00f3re inspiruj\u0105 nasze formu\u0142y, oraz szacunek dla przysz\u0142o\u015bci, kt\u00f3r\u0105 pomagamy budowa\u0107.<\/p>\n<p>Dlatego wykraczamy poza wymagania bran\u017cowe. Nie dlatego, \u017ce musimy - ale dlatego, \u017ce na to zas\u0142ugujesz.<\/p>\t\t\t\t\t\t\t\t<\/div>\n\t\t\t\t<\/div>\n\t\t\t\t\t<\/div>\n\t\t\t\t<\/div>\n\t\t\t\t<\/div>","protected":false},"excerpt":{"rendered":"<p>W Happy Caps wykraczamy poza zgodno\u015b\u0107 z przepisami - dzi\u0119ki certyfikatom GMP i HACCP oraz pe\u0142nemu zestawowi zaufanych mi\u0119dzynarodowych standard\u00f3w gwarantujemy czyste, bezpieczne i \u015bwiadomie wytwarzane produkty, na kt\u00f3rych mo\u017cna polega\u0107.<\/p>","protected":false},"author":2,"featured_media":3232,"parent":0,"menu_order":0,"comment_status":"closed","ping_status":"closed","template":"","meta":{"_acf_changed":false,"footnotes":""},"class_list":["post-1508","page","type-page","status-publish","has-post-thumbnail","hentry"],"acf":[],"_links":{"self":[{"href":"https:\/\/happy-caps.com\/pl\/wp-json\/wp\/v2\/pages\/1508","targetHints":{"allow":["GET"]}}],"collection":[{"href":"https:\/\/happy-caps.com\/pl\/wp-json\/wp\/v2\/pages"}],"about":[{"href":"https:\/\/happy-caps.com\/pl\/wp-json\/wp\/v2\/types\/page"}],"author":[{"embeddable":true,"href":"https:\/\/happy-caps.com\/pl\/wp-json\/wp\/v2\/users\/2"}],"replies":[{"embeddable":true,"href":"https:\/\/happy-caps.com\/pl\/wp-json\/wp\/v2\/comments?post=1508"}],"version-history":[{"count":5,"href":"https:\/\/happy-caps.com\/pl\/wp-json\/wp\/v2\/pages\/1508\/revisions"}],"predecessor-version":[{"id":5780,"href":"https:\/\/happy-caps.com\/pl\/wp-json\/wp\/v2\/pages\/1508\/revisions\/5780"}],"wp:featuredmedia":[{"embeddable":true,"href":"https:\/\/happy-caps.com\/pl\/wp-json\/wp\/v2\/media\/3232"}],"wp:attachment":[{"href":"https:\/\/happy-caps.com\/pl\/wp-json\/wp\/v2\/media?parent=1508"}],"curies":[{"name":"wp","href":"https:\/\/api.w.org\/{rel}","templated":true}]}}