{"id":1532,"date":"2025-03-17T15:18:59","date_gmt":"2025-03-17T14:18:59","guid":{"rendered":"https:\/\/happy-caps.com\/?post_type=product&#038;p=1532"},"modified":"2026-04-12T15:31:01","modified_gmt":"2026-04-12T13:31:01","slug":"euphory-e-caps","status":"publish","type":"product","link":"https:\/\/happy-caps.com\/pl\/produkt\/euphory-e-caps\/","title":{"rendered":"EUPHORY-E Caps"},"content":{"rendered":"<p><span style=\"font-weight: 400;\">Pe\u0142nia \u017cycia! Do\u015bwiadcz Czystej B\u0142ogo\u015bci z EUPHORY-E i odblokuj Bezgraniczne Szcz\u0119\u015bcie.<\/span><\/p>","protected":false},"excerpt":{"rendered":"<p>Ten produkt zosta\u0142 zaprojektowany, aby wnie\u015b\u0107 iskr\u0119 lekkiej energii i otwarto\u015bci do Twojego dnia.<br \/>\nEuphory-E by Happy Caps to ro\u015blinny capsule cz\u0119sto wybierany w chwilach, gdy chcesz poczu\u0107 si\u0119 bardziej towarzysko, ekspresyjnie i w zgodzie z otoczeniem. Niezale\u017cnie od tego, czy wybierasz si\u0119 na imprez\u0119, nadrabiasz zaleg\u0142o\u015bci z przyjaci\u00f3\u0142mi, czy po prostu chcesz rozja\u015bni\u0107 atmosfer\u0119 - jest stworzony, aby dopasowa\u0107 si\u0119 do Twojego nastroju.<\/p>\n<p>Dzi\u0119ki naturalnym sk\u0142adnikom, takim jak Kanna, guarana i teobromina, Euphory-E jest stworzony dla tych, kt\u00f3rzy lubi\u0105 radosn\u0105 energi\u0119 i zabawne po\u0142\u0105czenie - w spos\u00f3b, kt\u00f3ry jest g\u0142adki i \u0142atwy.<\/p>\n<p>Je\u015bli chcesz por\u00f3wna\u0107 wi\u0119cej opcji, zapoznaj si\u0119 z pe\u0142nym <a href=\"https:\/\/happy-caps.com\/pl\/sklep\/kapsulki\/\">Kolekcja podw\u00f3jnych Caps capsz okazji [pomy\u015blnego] dnia.<\/a><\/p>","protected":false},"featured_media":5848,"comment_status":"open","ping_status":"closed","template":"","meta":{"_acf_changed":false},"product_brand":[18],"product_cat":[20,255],"product_tag":[],"class_list":{"0":"post-1532","1":"product","2":"type-product","3":"status-publish","4":"has-post-thumbnail","6":"product_brand-happy-caps","7":"product_cat-capsules","8":"product_cat-collection","9":"product_shipping_class-brievenbus","11":"first","12":"instock","13":"taxable","14":"shipping-taxable","15":"purchasable","16":"product-type-simple"},"acf":[],"_links":{"self":[{"href":"https:\/\/happy-caps.com\/pl\/wp-json\/wp\/v2\/product\/1532","targetHints":{"allow":["GET"]}}],"collection":[{"href":"https:\/\/happy-caps.com\/pl\/wp-json\/wp\/v2\/product"}],"about":[{"href":"https:\/\/happy-caps.com\/pl\/wp-json\/wp\/v2\/types\/product"}],"replies":[{"embeddable":true,"href":"https:\/\/happy-caps.com\/pl\/wp-json\/wp\/v2\/comments?post=1532"}],"version-history":[{"count":5,"href":"https:\/\/happy-caps.com\/pl\/wp-json\/wp\/v2\/product\/1532\/revisions"}],"predecessor-version":[{"id":7940,"href":"https:\/\/happy-caps.com\/pl\/wp-json\/wp\/v2\/product\/1532\/revisions\/7940"}],"wp:featuredmedia":[{"embeddable":true,"href":"https:\/\/happy-caps.com\/pl\/wp-json\/wp\/v2\/media\/5848"}],"wp:attachment":[{"href":"https:\/\/happy-caps.com\/pl\/wp-json\/wp\/v2\/media?parent=1532"}],"wp:term":[{"taxonomy":"product_brand","embeddable":true,"href":"https:\/\/happy-caps.com\/pl\/wp-json\/wp\/v2\/product_brand?post=1532"},{"taxonomy":"product_cat","embeddable":true,"href":"https:\/\/happy-caps.com\/pl\/wp-json\/wp\/v2\/product_cat?post=1532"},{"taxonomy":"product_tag","embeddable":true,"href":"https:\/\/happy-caps.com\/pl\/wp-json\/wp\/v2\/product_tag?post=1532"}],"curies":[{"name":"wp","href":"https:\/\/api.w.org\/{rel}","templated":true}]}}