{"id":192,"date":"2025-02-27T16:18:53","date_gmt":"2025-02-27T15:18:53","guid":{"rendered":"https:\/\/happy-caps.com\/?post_type=product&#038;p=192"},"modified":"2026-03-08T08:57:01","modified_gmt":"2026-03-08T07:57:01","slug":"czapki-taneczne","status":"publish","type":"product","link":"https:\/\/happy-caps.com\/pl\/produkt\/czapki-taneczne\/","title":{"rendered":"Czapki DANCE-E"},"content":{"rendered":"<p>Wzmocnij \u017cycie, \u017cyj\u0105c w pe\u0142ni! Do\u015bwiadcz nieskr\u0119powanej wolno\u015bci dzi\u0119ki <strong data-start=\"144\" data-end=\"155\">DANCE-E<\/strong> i do\u015bwiadcz swojego maksymalnego potencja\u0142u.<\/p>","protected":false},"excerpt":{"rendered":"<p>Ten produkt zosta\u0142 zaprojektowany, aby roz\u015bwietli\u0107 noc uczuciem energii i euforii - to najlepszy towarzysz wieczor\u00f3w, kt\u00f3re nie chc\u0105 si\u0119 sko\u0144czy\u0107.<br \/>\nDance-E by Happy Caps to ro\u015blinny capsule zapewniaj\u0105cy rytm, ruch i niefiltrowany nastr\u00f3j. Bez syntetycznych dodatk\u00f3w, bez kaca - po prostu naturalna mieszanka stworzona, aby pozosta\u0107 w ruchu, wi\u0119cej si\u0119 u\u015bmiecha\u0107 i ch\u0142on\u0105\u0107 muzyk\u0119.<\/p>\n<p>Dzi\u0119ki zawarto\u015bci kreatyny, Ashwagandhy, Panax Ginseng i guarany, Dance-E idealnie pasuje do torby festiwalowej, rytua\u0142u klubowego lub prywatnej sesji. Gdziekolwiek prowadzi noc, ten capsule jest stworzony do rozmachu.<\/p>\n<p>&nbsp;<\/p>","protected":false},"featured_media":5810,"comment_status":"open","ping_status":"closed","template":"","meta":{"_acf_changed":false},"product_brand":[18],"product_cat":[20,255],"product_tag":[],"class_list":{"0":"post-192","1":"product","2":"type-product","3":"status-publish","4":"has-post-thumbnail","6":"product_brand-happy-caps","7":"product_cat-capsules","8":"product_cat-collection","9":"product_shipping_class-brievenbus","11":"first","12":"instock","13":"taxable","14":"shipping-taxable","15":"purchasable","16":"product-type-simple"},"acf":[],"_links":{"self":[{"href":"https:\/\/happy-caps.com\/pl\/wp-json\/wp\/v2\/product\/192","targetHints":{"allow":["GET"]}}],"collection":[{"href":"https:\/\/happy-caps.com\/pl\/wp-json\/wp\/v2\/product"}],"about":[{"href":"https:\/\/happy-caps.com\/pl\/wp-json\/wp\/v2\/types\/product"}],"replies":[{"embeddable":true,"href":"https:\/\/happy-caps.com\/pl\/wp-json\/wp\/v2\/comments?post=192"}],"version-history":[{"count":5,"href":"https:\/\/happy-caps.com\/pl\/wp-json\/wp\/v2\/product\/192\/revisions"}],"predecessor-version":[{"id":7438,"href":"https:\/\/happy-caps.com\/pl\/wp-json\/wp\/v2\/product\/192\/revisions\/7438"}],"wp:featuredmedia":[{"embeddable":true,"href":"https:\/\/happy-caps.com\/pl\/wp-json\/wp\/v2\/media\/5810"}],"wp:attachment":[{"href":"https:\/\/happy-caps.com\/pl\/wp-json\/wp\/v2\/media?parent=192"}],"wp:term":[{"taxonomy":"product_brand","embeddable":true,"href":"https:\/\/happy-caps.com\/pl\/wp-json\/wp\/v2\/product_brand?post=192"},{"taxonomy":"product_cat","embeddable":true,"href":"https:\/\/happy-caps.com\/pl\/wp-json\/wp\/v2\/product_cat?post=192"},{"taxonomy":"product_tag","embeddable":true,"href":"https:\/\/happy-caps.com\/pl\/wp-json\/wp\/v2\/product_tag?post=192"}],"curies":[{"name":"wp","href":"https:\/\/api.w.org\/{rel}","templated":true}]}}