{"id":3162,"date":"2025-03-30T10:25:16","date_gmt":"2025-03-30T09:25:16","guid":{"rendered":"https:\/\/happy-caps.com\/?post_type=product&#038;p=3162"},"modified":"2026-03-27T10:48:16","modified_gmt":"2026-03-27T09:48:16","slug":"trance-e-caps","status":"publish","type":"product","link":"https:\/\/happy-caps.com\/pl\/produkt\/trance-e-caps\/","title":{"rendered":"TRANCE-E Caps"},"content":{"rendered":"<p><b>Empower Life, Fully Lived!<\/b><span style=\"font-weight: 400;\"> Ta\u0144cz g\u0142\u0119biej, czuj si\u0119 swobodniej i odkrywaj wewn\u0119trzne wymiary z TRANCE-E.<\/span><\/p>","protected":false},"excerpt":{"rendered":"<p>Cz\u0119sto wybierany do wci\u0105gaj\u0105cych do\u015bwiadcze\u0144, Trance-E zach\u0119ca do zmiany \u015bwiadomo\u015bci - niezale\u017cnie od tego, czy poruszasz si\u0119 z muzyk\u0105, czy odkrywasz sw\u00f3j wewn\u0119trzny \u015bwiat w bezruchu.<br \/>\nTa zio\u0142owa mieszanka kojarzy si\u0119 z rytmicznym, emocjonalnie otwartym uczuciem - ukszta\u0142towanym przez mi\u0119kko\u015b\u0107, p\u0142ynno\u015b\u0107 i subtelne uniesienie.<\/p>\n<p>Dzi\u0119ki zawarto\u015bci Hawaiian Baby Woodrose, Kratom, 5-HTP i L-Tryptofanu, Happy Caps Trance-E jest znany z towarzyszenia do\u015bwiadczeniom, w kt\u00f3rych d\u017awi\u0119k, doznania i nastr\u00f3j staj\u0105 si\u0119 bardziej p\u0142ynne. Daj si\u0119 poprowadzi\u0107 rytmowi lub wycisz si\u0119 - Trance-E spotka si\u0119 z Tob\u0105 w ka\u017cdej chwili.<\/p>\n<p>&nbsp;<\/p>","protected":false},"featured_media":6757,"comment_status":"open","ping_status":"closed","template":"","meta":{"_acf_changed":false},"product_brand":[18],"product_cat":[20,255],"product_tag":[],"class_list":{"0":"post-3162","1":"product","2":"type-product","3":"status-publish","4":"has-post-thumbnail","6":"product_brand-happy-caps","7":"product_cat-capsules","8":"product_cat-collection","9":"product_shipping_class-brievenbus","11":"first","12":"instock","13":"taxable","14":"shipping-taxable","15":"purchasable","16":"product-type-simple"},"acf":[],"_links":{"self":[{"href":"https:\/\/happy-caps.com\/pl\/wp-json\/wp\/v2\/product\/3162","targetHints":{"allow":["GET"]}}],"collection":[{"href":"https:\/\/happy-caps.com\/pl\/wp-json\/wp\/v2\/product"}],"about":[{"href":"https:\/\/happy-caps.com\/pl\/wp-json\/wp\/v2\/types\/product"}],"replies":[{"embeddable":true,"href":"https:\/\/happy-caps.com\/pl\/wp-json\/wp\/v2\/comments?post=3162"}],"version-history":[{"count":5,"href":"https:\/\/happy-caps.com\/pl\/wp-json\/wp\/v2\/product\/3162\/revisions"}],"predecessor-version":[{"id":7961,"href":"https:\/\/happy-caps.com\/pl\/wp-json\/wp\/v2\/product\/3162\/revisions\/7961"}],"wp:featuredmedia":[{"embeddable":true,"href":"https:\/\/happy-caps.com\/pl\/wp-json\/wp\/v2\/media\/6757"}],"wp:attachment":[{"href":"https:\/\/happy-caps.com\/pl\/wp-json\/wp\/v2\/media?parent=3162"}],"wp:term":[{"taxonomy":"product_brand","embeddable":true,"href":"https:\/\/happy-caps.com\/pl\/wp-json\/wp\/v2\/product_brand?post=3162"},{"taxonomy":"product_cat","embeddable":true,"href":"https:\/\/happy-caps.com\/pl\/wp-json\/wp\/v2\/product_cat?post=3162"},{"taxonomy":"product_tag","embeddable":true,"href":"https:\/\/happy-caps.com\/pl\/wp-json\/wp\/v2\/product_tag?post=3162"}],"curies":[{"name":"wp","href":"https:\/\/api.w.org\/{rel}","templated":true}]}}